{"id":2579,"date":"2025-08-13T10:34:57","date_gmt":"2025-08-13T08:34:57","guid":{"rendered":"http:\/\/localhost\/strona%20uno\/wordpress\/?product=kapela-maters-maters-cz-1"},"modified":"2025-08-20T18:58:31","modified_gmt":"2025-08-20T16:58:31","slug":"kapela-maters-maters-cz-1","status":"publish","type":"product","link":"https:\/\/unomusicsklep.pl\/?product=kapela-maters-maters-cz-1","title":{"rendered":"Kapela Maters &#8211; MATERS cz.1"},"content":{"rendered":"<pre>Kapela Maters to legenda muzyki ludowej, weselnej - tym razem z Kowalowa Dolnego, \r\na wi\u0119c z pogra nicza dawnego woj. Kieleckiego i Ma\u0142opolskiego. \r\nAkordeonista i solista Marek Szafra\u0144ski nada\u0142 tej \r\np\u0142ycie wraz z innymi muzykami niepowtarzalny \r\nklimat brzmienia muzyki ludowej kt\u00f3ra potrafi po\r\nrwa\u0107 ka\u017cdego do ta\u0144ca. S\u0105 znani s\u0142uchaczom Radia \r\nKielce, a tak\u017ce zagrali na setkach wesel.\r\n\r\nCD1 (1) Polka - Nie b\u00f3j si\u0119 mamy, (2) Stara Polka, (3) Walc - Le\u015bny Kwiat, (4) (1) Polka - Nie b\u00f3j si\u0119 mamy, (2) Stara Polka, (3) Walc - Le\u015bny Kwiat, (4) \r\nWalc - W Miechowie, (5) Polka - Rac\u0142awice, hop!, (6) Walc - Murarze, (7) Polka - Walc - W Miechowie, (5) Polka - Rac\u0142awice, hop!, (6) Walc - Murarze, (7) Polka - \r\nZimna woda, (8) Pewnego pi\u0119knego ranka, (9) Fokstrot - My s\u0105 ch\u0142opcy, (10) Polka - Zimna woda, (8) Pewnego pi\u0119knego ranka, (9) Fokstrot - My s\u0105 ch\u0142opcy, (10) Polka - \r\nCzy wy\u015bcie ch\u0142opcy, (11) Polka - Starych nie ma, chata wolna, (12) Walc - Kotek, (13) Czy wy\u015bcie ch\u0142opcy, (11) Polka - Starych nie ma, chata wolna, (12) Walc - Kotek, (13) \r\nPolka - J\u00f3zkowe pole, (14) Polka - W Sendowicach na zabawie<\/pre>\n","protected":false},"excerpt":{"rendered":"<p>Kapela Maters to legenda muzyki ludowej, weselnej &#8211; tym razem z Kowalowa Dolnego, a wi\u0119c z pogra nicza dawnego woj. Kieleckiego i Ma\u0142opolskiego. Akordeonista i solista Marek Szafra\u0144ski nada\u0142 tej p\u0142ycie wraz z innymi muzykami niepowtarzalny klimat brzmienia muzyki ludowej kt\u00f3ra potrafi po rwa\u0107 ka\u017cdego do ta\u0144ca. S\u0105 znani s\u0142uchaczom Radia Kielce, a tak\u017ce zagrali [&hellip;]<\/p>\n","protected":false},"featured_media":2613,"template":"","meta":{"_acf_changed":false},"product_brand":[],"product_cat":[17,77,67],"product_tag":[],"class_list":{"0":"post-2579","1":"product","2":"type-product","3":"status-publish","4":"has-post-thumbnail","6":"product_cat-bez-kategorii","7":"product_cat-muzyka-biesiadna","8":"product_cat-muzyka-ludowa","10":"first","11":"instock","12":"shipping-taxable","13":"purchasable","14":"product-type-simple"},"acf":[],"jetpack_sharing_enabled":true,"_links":{"self":[{"href":"https:\/\/unomusicsklep.pl\/index.php?rest_route=\/wp\/v2\/product\/2579","targetHints":{"allow":["GET"]}}],"collection":[{"href":"https:\/\/unomusicsklep.pl\/index.php?rest_route=\/wp\/v2\/product"}],"about":[{"href":"https:\/\/unomusicsklep.pl\/index.php?rest_route=\/wp\/v2\/types\/product"}],"wp:featuredmedia":[{"embeddable":true,"href":"https:\/\/unomusicsklep.pl\/index.php?rest_route=\/wp\/v2\/media\/2613"}],"wp:attachment":[{"href":"https:\/\/unomusicsklep.pl\/index.php?rest_route=%2Fwp%2Fv2%2Fmedia&parent=2579"}],"wp:term":[{"taxonomy":"product_brand","embeddable":true,"href":"https:\/\/unomusicsklep.pl\/index.php?rest_route=%2Fwp%2Fv2%2Fproduct_brand&post=2579"},{"taxonomy":"product_cat","embeddable":true,"href":"https:\/\/unomusicsklep.pl\/index.php?rest_route=%2Fwp%2Fv2%2Fproduct_cat&post=2579"},{"taxonomy":"product_tag","embeddable":true,"href":"https:\/\/unomusicsklep.pl\/index.php?rest_route=%2Fwp%2Fv2%2Fproduct_tag&post=2579"}],"curies":[{"name":"wp","href":"https:\/\/api.w.org\/{rel}","templated":true}]}}