{"id":2582,"date":"2025-08-13T10:34:58","date_gmt":"2025-08-13T08:34:58","guid":{"rendered":"http:\/\/localhost\/strona%20uno\/wordpress\/?product=kapela-ludowa-lasowiacy-lasowiacy"},"modified":"2025-08-20T23:45:39","modified_gmt":"2025-08-20T21:45:39","slug":"kapela-ludowa-lasowiacy-lasowiacy","status":"publish","type":"product","link":"https:\/\/unomusicsklep.pl\/?product=kapela-ludowa-lasowiacy-lasowiacy","title":{"rendered":"Kapela ludowa Lasowiacy &#8211; LASOWIACY"},"content":{"rendered":"<pre> Lasowiacy z Miechowa. Zesp\u00f3\u0142 powsta\u0142 w 2006 roku \r\ndzi\u0119ki solistce i akordeonistce Pani Lidii Musia\u0142. \r\nSk\u0142ad to: kontrabas, skrzypce, klarnet, akordeon i \r\nsaksofon. Na tej p\u0142ycie znajdziecie Pa\u0144stwo pi\u0119kne \r\npolki, oberki i walczyki utrzymane w klimacie \r\npogranicza woj. Kieleckiego i Ma\u0142opolski. Kapela \r\nwyst\u0119powa\u0142a na wielu r\u00f3\u017cnych przegl\u0105dach folklo-\r\nrystycznych\r\n\r\nCD1 (1) Polka \u2013 Tam pod Krakowem we m\u0142ynie, (2) Polka \u2013 Wszystko si\u0119 \u017cycko, (3) Polka \u2013 Zakwit\u0142a bia\u0142a r\u00f3\u017ca, \r\n(4) Polka \u2013 By\u0142em na zam\u00f3wkach, (5) Walc \u2013 Chodziska Ka\u015bka, (6) Polka \u2013 Napijcie si\u0119 ch\u0142opcy wina, \r\n(7) Oberek \u2013 Jedzie w\u00f3z na przew\u00f3z, (8) Polka \u2013 Naoko\u0142o ksi\u0119\u017cyca, (9) Walc \u2013 Wiedzie \u015bcie\u017cka wiedzie, \r\n(10) Walc \u2013 Ty, ptaszku z ciemnego lasu, (11) Oberek Miechowski, (12) Walc \u2013 \u015awie\u0107 ksi\u0119\u017cycu, \u015bwie\u0107, \r\n(13) Walc \u2013 Zachodzie s\u0142oneczko, (14) Krakowiak, (15) Krakowiak \u2013 Oj, dobro, dobro by\u0142a gorzo\u0142ecka<\/pre>\n","protected":false},"excerpt":{"rendered":"<p>Lasowiacy z Miechowa. Zesp\u00f3\u0142 powsta\u0142 w 2006 roku dzi\u0119ki solistce i akordeonistce Pani Lidii Musia\u0142. Sk\u0142ad to: kontrabas, skrzypce, klarnet, akordeon i saksofon. Na tej p\u0142ycie znajdziecie Pa\u0144stwo pi\u0119kne polki, oberki i walczyki utrzymane w klimacie pogranicza woj. Kieleckiego i Ma\u0142opolski. Kapela wyst\u0119powa\u0142a na wielu r\u00f3\u017cnych przegl\u0105dach folklo- rystycznych CD1 (1) Polka \u2013 Tam pod [&hellip;]<\/p>\n","protected":false},"featured_media":2616,"template":"","meta":{"_acf_changed":false},"product_brand":[],"product_cat":[67],"product_tag":[],"class_list":{"0":"post-2582","1":"product","2":"type-product","3":"status-publish","4":"has-post-thumbnail","6":"product_cat-muzyka-ludowa","8":"first","9":"instock","10":"shipping-taxable","11":"purchasable","12":"product-type-simple"},"acf":[],"jetpack_sharing_enabled":true,"_links":{"self":[{"href":"https:\/\/unomusicsklep.pl\/index.php?rest_route=\/wp\/v2\/product\/2582","targetHints":{"allow":["GET"]}}],"collection":[{"href":"https:\/\/unomusicsklep.pl\/index.php?rest_route=\/wp\/v2\/product"}],"about":[{"href":"https:\/\/unomusicsklep.pl\/index.php?rest_route=\/wp\/v2\/types\/product"}],"wp:featuredmedia":[{"embeddable":true,"href":"https:\/\/unomusicsklep.pl\/index.php?rest_route=\/wp\/v2\/media\/2616"}],"wp:attachment":[{"href":"https:\/\/unomusicsklep.pl\/index.php?rest_route=%2Fwp%2Fv2%2Fmedia&parent=2582"}],"wp:term":[{"taxonomy":"product_brand","embeddable":true,"href":"https:\/\/unomusicsklep.pl\/index.php?rest_route=%2Fwp%2Fv2%2Fproduct_brand&post=2582"},{"taxonomy":"product_cat","embeddable":true,"href":"https:\/\/unomusicsklep.pl\/index.php?rest_route=%2Fwp%2Fv2%2Fproduct_cat&post=2582"},{"taxonomy":"product_tag","embeddable":true,"href":"https:\/\/unomusicsklep.pl\/index.php?rest_route=%2Fwp%2Fv2%2Fproduct_tag&post=2582"}],"curies":[{"name":"wp","href":"https:\/\/api.w.org\/{rel}","templated":true}]}}