{"id":2583,"date":"2025-08-13T10:34:58","date_gmt":"2025-08-13T08:34:58","guid":{"rendered":"http:\/\/localhost\/strona%20uno\/wordpress\/?product=grajcie-muzykanci-rozni-wyk-najwieksze-przeboje-ludowe-i-weselne"},"modified":"2025-08-21T09:25:01","modified_gmt":"2025-08-21T07:25:01","slug":"grajcie-muzykanci-rozni-wyk-najwieksze-przeboje-ludowe-i-weselne","status":"publish","type":"product","link":"https:\/\/unomusicsklep.pl\/?product=grajcie-muzykanci-rozni-wyk-najwieksze-przeboje-ludowe-i-weselne","title":{"rendered":"Grajcie muzykanci &#8211; Najwi\u0119ksze przeboje ludowe i weselne"},"content":{"rendered":"<pre>P\u0142yta Grajcie muzykanci cz.1 to sk\u0142adanka \r\nr\u00f3\u017cnych kapel ludowych i weselnych z po\u0142udnia \r\nPolski. Motywem przewodnim \u0142\u0105cz\u0105cych utwory \r\nzawarte na p\u0142ycie jest muzyka do ta\u0144ca, szczeg\u00f3l-\r\nnie polecana tym, kt\u00f3rzy wiedz\u0105 jak mo\u017cna si\u0119 \r\nbawi\u0107 przy polkach i oberkach\r\n\r\nCD1 (1) Mia\u0142em Ci ja cztery kochaneczki, (2) Szkoda mi si\u0119 sta\u0142a, (3) Stara Polka, (4) Mi\u0142o\u015b\u0107 do Cygana, \r\n(5) Sz\u0142a dziewczyna ko\u0142o m\u0142yna, (6) Jedzie w\u00f3z na przew\u00f3z, (7) Hej po dolinie, (8) Chcia\u0142am ja mie\u0107 m\u0119\u017ca, \r\n(9) Starych nie ma, chata wolna, (10) Witajcie mili go\u015bcie, (11) Pos\u0142uchajcie wszyscy, (12) Oj! Siano, siano, \r\n(13) Chodzika Kasia, (14) Gorza\u0142ka<\/pre>\n","protected":false},"excerpt":{"rendered":"<p>P\u0142yta Grajcie muzykanci cz.1 to sk\u0142adanka r\u00f3\u017cnych kapel ludowych i weselnych z po\u0142udnia Polski. Motywem przewodnim \u0142\u0105cz\u0105cych utwory zawarte na p\u0142ycie jest muzyka do ta\u0144ca, szczeg\u00f3l- nie polecana tym, kt\u00f3rzy wiedz\u0105 jak mo\u017cna si\u0119 bawi\u0107 przy polkach i oberkach CD1 (1) Mia\u0142em Ci ja cztery kochaneczki, (2) Szkoda mi si\u0119 sta\u0142a, (3) Stara Polka, (4) [&hellip;]<\/p>\n","protected":false},"featured_media":2617,"template":"","meta":{"_acf_changed":false},"product_brand":[85],"product_cat":[77,67,80],"product_tag":[],"class_list":{"0":"post-2583","1":"product","2":"type-product","3":"status-publish","4":"has-post-thumbnail","6":"product_brand-rozne-kapele","7":"product_cat-muzyka-biesiadna","8":"product_cat-muzyka-ludowa","9":"product_cat-muzyka-weselna","11":"first","12":"instock","13":"shipping-taxable","14":"purchasable","15":"product-type-simple"},"acf":[],"jetpack_sharing_enabled":true,"_links":{"self":[{"href":"https:\/\/unomusicsklep.pl\/index.php?rest_route=\/wp\/v2\/product\/2583","targetHints":{"allow":["GET"]}}],"collection":[{"href":"https:\/\/unomusicsklep.pl\/index.php?rest_route=\/wp\/v2\/product"}],"about":[{"href":"https:\/\/unomusicsklep.pl\/index.php?rest_route=\/wp\/v2\/types\/product"}],"wp:featuredmedia":[{"embeddable":true,"href":"https:\/\/unomusicsklep.pl\/index.php?rest_route=\/wp\/v2\/media\/2617"}],"wp:attachment":[{"href":"https:\/\/unomusicsklep.pl\/index.php?rest_route=%2Fwp%2Fv2%2Fmedia&parent=2583"}],"wp:term":[{"taxonomy":"product_brand","embeddable":true,"href":"https:\/\/unomusicsklep.pl\/index.php?rest_route=%2Fwp%2Fv2%2Fproduct_brand&post=2583"},{"taxonomy":"product_cat","embeddable":true,"href":"https:\/\/unomusicsklep.pl\/index.php?rest_route=%2Fwp%2Fv2%2Fproduct_cat&post=2583"},{"taxonomy":"product_tag","embeddable":true,"href":"https:\/\/unomusicsklep.pl\/index.php?rest_route=%2Fwp%2Fv2%2Fproduct_tag&post=2583"}],"curies":[{"name":"wp","href":"https:\/\/api.w.org\/{rel}","templated":true}]}}