{"id":2584,"date":"2025-08-13T10:34:59","date_gmt":"2025-08-13T08:34:59","guid":{"rendered":"http:\/\/localhost\/strona%20uno\/wordpress\/?product=kapela-braters-biesiada-z-bratersami-cz-3"},"modified":"2025-08-21T09:26:27","modified_gmt":"2025-08-21T07:26:27","slug":"kapela-braters-biesiada-z-bratersami-cz-3","status":"publish","type":"product","link":"https:\/\/unomusicsklep.pl\/?product=kapela-braters-biesiada-z-bratersami-cz-3","title":{"rendered":"Kapela Braters &#8211; Biesiada z Bratersami cz.3"},"content":{"rendered":"<pre>Kapela weselna Braters z okolic Piekoszowa to \r\nzesp\u00f3\u0142 znany i lubiany. Wyst\u0119puje zar\u00f3wno na \r\nprzegl\u0105dach i weselach. To zesp\u00f3\u0142 o korzeniach \r\nsi\u0119gaj\u0105cych 1938 roku, kiedy to dziadek obecnego \r\nlidera Stanis\u0142awa Korneckiego - Jan za\u0142o\u017cy\u0142 \u201eKapele \r\nKornecki\u201d. W swoim bogatym repertuarze posiadaj\u0105 \r\nutwory ludowe z przed 80 lat, ale r\u00f3wnie\u017c korzystaj\u0105 \r\nz bogatej tradycji innych kapel.\r\n\r\nCD1 \u00a0Polka \u2013 Szkoda mi si\u0119 sta\u0142a, (2) Polka \u2013 Oj wiano, moje wiano, (3) Walc \u2013 U m\u0142ynareczki w m\u0142ynie, (4) Marsz \u2013 Lipka,\r\n(5) Oberek Jasia Korneckiego, (6) Polka \u2013 My kapela z Kieleckiego, (7) Walc dziadk\u00f3w, (8) Polka \u2013 W moim ogr\u00f3deczku,\r\n(9) Walc \u2013 Nie przytulaj mnie, (10) Polka \u2013 Historia pewnej mi\u0142o\u015bci, (11) Walc \u2013 Spe\u0142nione marzenie,\r\n(12) Polka \u2013 Kocha\u0142em dziewczyn\u0119, (13) Walc \u2013 Nie rozdziel nas nic, (14) Marsz \u2013 Lipka (wersja instrumentalna), \r\n(15) Oberek Jasia Korneckiego (wersja instrumentalna)<\/pre>\n","protected":false},"excerpt":{"rendered":"<p>Kapela weselna Braters z okolic Piekoszowa to zesp\u00f3\u0142 znany i lubiany. Wyst\u0119puje zar\u00f3wno na przegl\u0105dach i weselach. To zesp\u00f3\u0142 o korzeniach si\u0119gaj\u0105cych 1938 roku, kiedy to dziadek obecnego lidera Stanis\u0142awa Korneckiego &#8211; Jan za\u0142o\u017cy\u0142 \u201eKapele Kornecki\u201d. W swoim bogatym repertuarze posiadaj\u0105 utwory ludowe z przed 80 lat, ale r\u00f3wnie\u017c korzystaj\u0105 z bogatej tradycji innych kapel. [&hellip;]<\/p>\n","protected":false},"featured_media":2618,"template":"","meta":{"_acf_changed":false},"product_brand":[91],"product_cat":[77,67,80],"product_tag":[],"class_list":{"0":"post-2584","1":"product","2":"type-product","3":"status-publish","4":"has-post-thumbnail","6":"product_brand-kapela-braters","7":"product_cat-muzyka-biesiadna","8":"product_cat-muzyka-ludowa","9":"product_cat-muzyka-weselna","11":"first","12":"instock","13":"shipping-taxable","14":"purchasable","15":"product-type-simple"},"acf":[],"jetpack_sharing_enabled":true,"_links":{"self":[{"href":"https:\/\/unomusicsklep.pl\/index.php?rest_route=\/wp\/v2\/product\/2584","targetHints":{"allow":["GET"]}}],"collection":[{"href":"https:\/\/unomusicsklep.pl\/index.php?rest_route=\/wp\/v2\/product"}],"about":[{"href":"https:\/\/unomusicsklep.pl\/index.php?rest_route=\/wp\/v2\/types\/product"}],"wp:featuredmedia":[{"embeddable":true,"href":"https:\/\/unomusicsklep.pl\/index.php?rest_route=\/wp\/v2\/media\/2618"}],"wp:attachment":[{"href":"https:\/\/unomusicsklep.pl\/index.php?rest_route=%2Fwp%2Fv2%2Fmedia&parent=2584"}],"wp:term":[{"taxonomy":"product_brand","embeddable":true,"href":"https:\/\/unomusicsklep.pl\/index.php?rest_route=%2Fwp%2Fv2%2Fproduct_brand&post=2584"},{"taxonomy":"product_cat","embeddable":true,"href":"https:\/\/unomusicsklep.pl\/index.php?rest_route=%2Fwp%2Fv2%2Fproduct_cat&post=2584"},{"taxonomy":"product_tag","embeddable":true,"href":"https:\/\/unomusicsklep.pl\/index.php?rest_route=%2Fwp%2Fv2%2Fproduct_tag&post=2584"}],"curies":[{"name":"wp","href":"https:\/\/api.w.org\/{rel}","templated":true}]}}