{"id":2586,"date":"2025-08-13T10:34:59","date_gmt":"2025-08-13T08:34:59","guid":{"rendered":"http:\/\/localhost\/strona%20uno\/wordpress\/?product=kapela-jedrzej-jedrzej"},"modified":"2025-08-21T09:36:25","modified_gmt":"2025-08-21T07:36:25","slug":"kapela-jedrzej-jedrzej","status":"publish","type":"product","link":"https:\/\/unomusicsklep.pl\/?product=kapela-jedrzej-jedrzej","title":{"rendered":"Kapela J\u0119drzej &#8211; J\u0118DRZEJ"},"content":{"rendered":"<pre> Kapela J\u0119drzej - znanego solisty - Andrzeja S\u0142\u00f3\u017calca \r\nzawiera w swojej muzyce tradycje technicznego \r\nsposobu grania muzyki ludowej z regionu J\u0119drze\r\njowskiego. Andrzej S\u0142\u00f3\u017calec to prawdziwy mi\u0142o\u015bnik \r\nmuzyki ludowej. Zawsze dobiera\u0142 sobie znako\r\nmitych instrumentalist\u00f3w, kt\u00f3zy grali i uczyli si\u0119 \r\nfachu od takich legend jak: . Ta p\u0142yta jest uk\u0142onem \r\nw kierunku muzyki tanecznej granej na weselach i \r\nzabawach\r\n\r\nCD1 (1) Polka \u2013 Marynarka, (2) Polka \u2013 Hej za g\u00f3r\u0105, (3) Walc \u2013 Jedyna mi\u0142o\u015b\u0107, (4) Poleczka \u2013 Arizona, \r\n(5) Polka \u2013 Co teraz za moda, (6) Walc \u2013 Jad\u0119 se z J\u0119drzejowa, (7) Polka \u2013 Jecha\u0142em z Krakowa, \r\n(8) Poleczka \u2013 Jad\u0119 se z g\u00f3reczki, (9) Walc \u2013 Dziewczyna nad Nid\u0105, (10) Polka \u2013 By\u0142em w Ameryce, \r\n(11) Polka \u2013 Dziewczyny m\u0142ode, (12) Oberek spod Potoka, (13) Polka \u2013 G\u00f3ry, nasze g\u00f3ry, (14) Polka \u2013 Za g\u00f3r\u0119<\/pre>\n","protected":false},"excerpt":{"rendered":"<p>Kapela J\u0119drzej &#8211; znanego solisty &#8211; Andrzeja S\u0142\u00f3\u017calca zawiera w swojej muzyce tradycje technicznego sposobu grania muzyki ludowej z regionu J\u0119drze jowskiego. Andrzej S\u0142\u00f3\u017calec to prawdziwy mi\u0142o\u015bnik muzyki ludowej. Zawsze dobiera\u0142 sobie znako mitych instrumentalist\u00f3w, kt\u00f3zy grali i uczyli si\u0119 fachu od takich legend jak: . Ta p\u0142yta jest uk\u0142onem w kierunku muzyki tanecznej granej [&hellip;]<\/p>\n","protected":false},"featured_media":2620,"template":"","meta":{"_acf_changed":false},"product_brand":[100],"product_cat":[77,67,80],"product_tag":[],"class_list":{"0":"post-2586","1":"product","2":"type-product","3":"status-publish","4":"has-post-thumbnail","6":"product_brand-kapela-jedrzej","7":"product_cat-muzyka-biesiadna","8":"product_cat-muzyka-ludowa","9":"product_cat-muzyka-weselna","11":"first","12":"instock","13":"shipping-taxable","14":"purchasable","15":"product-type-simple"},"acf":[],"jetpack_sharing_enabled":true,"_links":{"self":[{"href":"https:\/\/unomusicsklep.pl\/index.php?rest_route=\/wp\/v2\/product\/2586","targetHints":{"allow":["GET"]}}],"collection":[{"href":"https:\/\/unomusicsklep.pl\/index.php?rest_route=\/wp\/v2\/product"}],"about":[{"href":"https:\/\/unomusicsklep.pl\/index.php?rest_route=\/wp\/v2\/types\/product"}],"wp:featuredmedia":[{"embeddable":true,"href":"https:\/\/unomusicsklep.pl\/index.php?rest_route=\/wp\/v2\/media\/2620"}],"wp:attachment":[{"href":"https:\/\/unomusicsklep.pl\/index.php?rest_route=%2Fwp%2Fv2%2Fmedia&parent=2586"}],"wp:term":[{"taxonomy":"product_brand","embeddable":true,"href":"https:\/\/unomusicsklep.pl\/index.php?rest_route=%2Fwp%2Fv2%2Fproduct_brand&post=2586"},{"taxonomy":"product_cat","embeddable":true,"href":"https:\/\/unomusicsklep.pl\/index.php?rest_route=%2Fwp%2Fv2%2Fproduct_cat&post=2586"},{"taxonomy":"product_tag","embeddable":true,"href":"https:\/\/unomusicsklep.pl\/index.php?rest_route=%2Fwp%2Fv2%2Fproduct_tag&post=2586"}],"curies":[{"name":"wp","href":"https:\/\/api.w.org\/{rel}","templated":true}]}}