{"id":2589,"date":"2025-08-13T10:35:00","date_gmt":"2025-08-13T08:35:00","guid":{"rendered":"http:\/\/localhost\/strona%20uno\/wordpress\/?product=braters-nagi-aniol"},"modified":"2025-08-21T09:40:31","modified_gmt":"2025-08-21T07:40:31","slug":"braters-nagi-aniol","status":"publish","type":"product","link":"https:\/\/unomusicsklep.pl\/?product=braters-nagi-aniol","title":{"rendered":"Braters &#8211; Nagi Anio\u0142"},"content":{"rendered":"<pre>Kapela Braters sprawdzi\u0142a swoje si\u0142y w tworzeniu \r\nmuzyki z gatunku disco polo, tworz\u0105c w\u0142asne \r\nutwory kt\u00f3rych brzmienie nawi\u0105zuje do klimatu \r\ndisco lat 90\r\n\r\nCD1 (1) Ma\u0142a iskierka, (2) Nagi Anio\u0142, (3) \u017bycie bez Ciebie,\r\n(4) Tylko ja, (5) Melodii tej, (6) Otw\u00f3rz serce swe, (7) Tylko ona, \r\n(8) Jak sen, (9) Kochaj mnie, (10) Moje marzenia, (11) Jak \u017cy\u0107?, \r\n(12) Zosta\u0144, (13) Melodii tej - love mix, (14) Tylko ty<\/pre>\n","protected":false},"excerpt":{"rendered":"<p>Kapela Braters sprawdzi\u0142a swoje si\u0142y w tworzeniu muzyki z gatunku disco polo, tworz\u0105c w\u0142asne utwory kt\u00f3rych brzmienie nawi\u0105zuje do klimatu disco lat 90 CD1 (1) Ma\u0142a iskierka, (2) Nagi Anio\u0142, (3) \u017bycie bez Ciebie, (4) Tylko ja, (5) Melodii tej, (6) Otw\u00f3rz serce swe, (7) Tylko ona, (8) Jak sen, (9) Kochaj mnie, (10) Moje [&hellip;]<\/p>\n","protected":false},"featured_media":2624,"template":"","meta":{"_acf_changed":false},"product_brand":[91],"product_cat":[78],"product_tag":[],"class_list":{"0":"post-2589","1":"product","2":"type-product","3":"status-publish","4":"has-post-thumbnail","6":"product_brand-kapela-braters","7":"product_cat-muzyka-dance","9":"first","10":"instock","11":"shipping-taxable","12":"purchasable","13":"product-type-simple"},"acf":[],"jetpack_sharing_enabled":true,"_links":{"self":[{"href":"https:\/\/unomusicsklep.pl\/index.php?rest_route=\/wp\/v2\/product\/2589","targetHints":{"allow":["GET"]}}],"collection":[{"href":"https:\/\/unomusicsklep.pl\/index.php?rest_route=\/wp\/v2\/product"}],"about":[{"href":"https:\/\/unomusicsklep.pl\/index.php?rest_route=\/wp\/v2\/types\/product"}],"wp:featuredmedia":[{"embeddable":true,"href":"https:\/\/unomusicsklep.pl\/index.php?rest_route=\/wp\/v2\/media\/2624"}],"wp:attachment":[{"href":"https:\/\/unomusicsklep.pl\/index.php?rest_route=%2Fwp%2Fv2%2Fmedia&parent=2589"}],"wp:term":[{"taxonomy":"product_brand","embeddable":true,"href":"https:\/\/unomusicsklep.pl\/index.php?rest_route=%2Fwp%2Fv2%2Fproduct_brand&post=2589"},{"taxonomy":"product_cat","embeddable":true,"href":"https:\/\/unomusicsklep.pl\/index.php?rest_route=%2Fwp%2Fv2%2Fproduct_cat&post=2589"},{"taxonomy":"product_tag","embeddable":true,"href":"https:\/\/unomusicsklep.pl\/index.php?rest_route=%2Fwp%2Fv2%2Fproduct_tag&post=2589"}],"curies":[{"name":"wp","href":"https:\/\/api.w.org\/{rel}","templated":true}]}}