{"id":2590,"date":"2025-08-13T10:35:00","date_gmt":"2025-08-13T08:35:00","guid":{"rendered":"http:\/\/localhost\/strona%20uno\/wordpress\/?product=kapela-braters-braters-cz-4"},"modified":"2025-08-21T09:42:10","modified_gmt":"2025-08-21T07:42:10","slug":"kapela-braters-braters-cz-4","status":"publish","type":"product","link":"https:\/\/unomusicsklep.pl\/?product=kapela-braters-braters-cz-4","title":{"rendered":"Kapela Braters &#8211; BRATERS cz.4"},"content":{"rendered":"<pre>Kapela weselna Braters z okolic Piekoszowa to \r\nzesp\u00f3\u0142 znany i lubiany. Wyst\u0119puje zar\u00f3wno na \r\nprzegl\u0105dach i weselach. To zesp\u00f3\u0142 o korzeniach \r\nsi\u0119gaj\u0105cych 1938 roku, kiedy to dziadek obecnego \r\nlidera Stanis\u0142awa Korneckiego - Jan za\u0142o\u017cy\u0142 \u201eKapele \r\nKornecki\u201d. W swoim bogatym repertuarze posiadaj\u0105 \r\nutwory ludowe z przed 80 lat, ale r\u00f3wnie\u017c korzystaj\u0105 \r\nz bogatej tradycji innych kapel\r\n\r\nCD1 (1) Jak chodzi\u0142em do Kasi, (2) Kawalerski stan, (3) Kwiat mi\u0142o\u015bci, \r\n(4) Wojskowa mi\u0142o\u015b\u0107, (5) Na \u0142\u0105ce pod lasem, (6) Wesela nie b\u0119dzie, \r\n(7) Pewnego razu, (8) Rozszumia\u0142y si\u0119 wierzby, (9) Jeden ch\u0142opak spod miedzianki, \r\n(10) Ty moja mamusiu, (11)Tango muza, (12) Leci konik bruzd\u0105, (13) Mamusia posag szykuje, \r\n(14) A kochanie, kochanie, (15) Spotka\u0142y si\u0119 dwa wr\u00f3belki<\/pre>\n","protected":false},"excerpt":{"rendered":"<p>Kapela weselna Braters z okolic Piekoszowa to zesp\u00f3\u0142 znany i lubiany. Wyst\u0119puje zar\u00f3wno na przegl\u0105dach i weselach. To zesp\u00f3\u0142 o korzeniach si\u0119gaj\u0105cych 1938 roku, kiedy to dziadek obecnego lidera Stanis\u0142awa Korneckiego &#8211; Jan za\u0142o\u017cy\u0142 \u201eKapele Kornecki\u201d. W swoim bogatym repertuarze posiadaj\u0105 utwory ludowe z przed 80 lat, ale r\u00f3wnie\u017c korzystaj\u0105 z bogatej tradycji innych kapel [&hellip;]<\/p>\n","protected":false},"featured_media":2625,"template":"","meta":{"_acf_changed":false},"product_brand":[91],"product_cat":[77,67,80],"product_tag":[],"class_list":{"0":"post-2590","1":"product","2":"type-product","3":"status-publish","4":"has-post-thumbnail","6":"product_brand-kapela-braters","7":"product_cat-muzyka-biesiadna","8":"product_cat-muzyka-ludowa","9":"product_cat-muzyka-weselna","11":"first","12":"instock","13":"shipping-taxable","14":"purchasable","15":"product-type-simple"},"acf":[],"jetpack_sharing_enabled":true,"_links":{"self":[{"href":"https:\/\/unomusicsklep.pl\/index.php?rest_route=\/wp\/v2\/product\/2590","targetHints":{"allow":["GET"]}}],"collection":[{"href":"https:\/\/unomusicsklep.pl\/index.php?rest_route=\/wp\/v2\/product"}],"about":[{"href":"https:\/\/unomusicsklep.pl\/index.php?rest_route=\/wp\/v2\/types\/product"}],"wp:featuredmedia":[{"embeddable":true,"href":"https:\/\/unomusicsklep.pl\/index.php?rest_route=\/wp\/v2\/media\/2625"}],"wp:attachment":[{"href":"https:\/\/unomusicsklep.pl\/index.php?rest_route=%2Fwp%2Fv2%2Fmedia&parent=2590"}],"wp:term":[{"taxonomy":"product_brand","embeddable":true,"href":"https:\/\/unomusicsklep.pl\/index.php?rest_route=%2Fwp%2Fv2%2Fproduct_brand&post=2590"},{"taxonomy":"product_cat","embeddable":true,"href":"https:\/\/unomusicsklep.pl\/index.php?rest_route=%2Fwp%2Fv2%2Fproduct_cat&post=2590"},{"taxonomy":"product_tag","embeddable":true,"href":"https:\/\/unomusicsklep.pl\/index.php?rest_route=%2Fwp%2Fv2%2Fproduct_tag&post=2590"}],"curies":[{"name":"wp","href":"https:\/\/api.w.org\/{rel}","templated":true}]}}