{"id":2592,"date":"2025-08-13T10:35:01","date_gmt":"2025-08-13T08:35:01","guid":{"rendered":"http:\/\/localhost\/strona%20uno\/wordpress\/?product=kapela-top-secret-top-secret-cz-2"},"modified":"2025-08-21T09:44:23","modified_gmt":"2025-08-21T07:44:23","slug":"kapela-top-secret-top-secret-cz-2","status":"publish","type":"product","link":"https:\/\/unomusicsklep.pl\/?product=kapela-top-secret-top-secret-cz-2","title":{"rendered":"Kapela Top Secret &#8211; TOP SECRET cz.2"},"content":{"rendered":"<p>Kapela weselna Top Secret to znany i lubiany zesp\u00f3\u0142<br \/>\nkt\u00f3ry powsta\u0142 w 1990r. dzi\u0119ki liderom zespo\u0142u tj.<br \/>\nGrzegorz Sta\u0144czak i Artur Grucha\u0142a maj\u0105cych w<br \/>\nswoim sk\u0142adzie \u015bwietnego saxofonist\u0119 &#8211; Piotra Klisia<br \/>\ni r\u00f3wnie utytu\u0142owanego akordeonist\u0119 Waldemara<br \/>\nNowaka. Maj\u0105charakterystyczne unikalne brzmie<br \/>\nnie z regionu Ponidzia. To ich pierwsza p\u0142yta kt\u00f3ra<br \/>\nzosta\u0142a od razu ciep\u0142o przyj\u0119ta przez mi\u0142o\u015bnik\u00f3w<br \/>\nmuzyki ludowej i weselnej.<\/p>\n<pre>CD1 (1) Marsz partyzant, (2) Micha\u0142 Ka\u015bk\u0119 kusi\u0142, (3) Weso\u0142e ch\u0142opaki, \r\n(4) Za\u015bpiewaj ptaszku, (5) S\u0142yszy \u015bwiat, (6) Przyszed\u0142em z wesela, (7) Ciemna nocka, \r\n(8) Oberek Piotra, (9) Halinka, (10) Jak jo se za\u015bpiwom, (11) Weso\u0142y rower, \r\n(12) Krakowiak spod Nidy, (13) Raz w niedziel\u0119, (14) Nie m\u00f3w nikomu, (15) Oberek akordeonisty<\/pre>\n","protected":false},"excerpt":{"rendered":"<p>Kapela weselna Top Secret to znany i lubiany zesp\u00f3\u0142 kt\u00f3ry powsta\u0142 w 1990r. dzi\u0119ki liderom zespo\u0142u tj. Grzegorz Sta\u0144czak i Artur Grucha\u0142a maj\u0105cych w swoim sk\u0142adzie \u015bwietnego saxofonist\u0119 &#8211; Piotra Klisia i r\u00f3wnie utytu\u0142owanego akordeonist\u0119 Waldemara Nowaka. Maj\u0105charakterystyczne unikalne brzmie nie z regionu Ponidzia. To ich pierwsza p\u0142yta kt\u00f3ra zosta\u0142a od razu ciep\u0142o przyj\u0119ta przez [&hellip;]<\/p>\n","protected":false},"featured_media":2627,"template":"","meta":{"_acf_changed":false},"product_brand":[97],"product_cat":[77,67,80],"product_tag":[],"class_list":{"0":"post-2592","1":"product","2":"type-product","3":"status-publish","4":"has-post-thumbnail","6":"product_brand-kapela-top-secret","7":"product_cat-muzyka-biesiadna","8":"product_cat-muzyka-ludowa","9":"product_cat-muzyka-weselna","11":"first","12":"instock","13":"shipping-taxable","14":"purchasable","15":"product-type-simple"},"acf":[],"jetpack_sharing_enabled":true,"_links":{"self":[{"href":"https:\/\/unomusicsklep.pl\/index.php?rest_route=\/wp\/v2\/product\/2592","targetHints":{"allow":["GET"]}}],"collection":[{"href":"https:\/\/unomusicsklep.pl\/index.php?rest_route=\/wp\/v2\/product"}],"about":[{"href":"https:\/\/unomusicsklep.pl\/index.php?rest_route=\/wp\/v2\/types\/product"}],"wp:featuredmedia":[{"embeddable":true,"href":"https:\/\/unomusicsklep.pl\/index.php?rest_route=\/wp\/v2\/media\/2627"}],"wp:attachment":[{"href":"https:\/\/unomusicsklep.pl\/index.php?rest_route=%2Fwp%2Fv2%2Fmedia&parent=2592"}],"wp:term":[{"taxonomy":"product_brand","embeddable":true,"href":"https:\/\/unomusicsklep.pl\/index.php?rest_route=%2Fwp%2Fv2%2Fproduct_brand&post=2592"},{"taxonomy":"product_cat","embeddable":true,"href":"https:\/\/unomusicsklep.pl\/index.php?rest_route=%2Fwp%2Fv2%2Fproduct_cat&post=2592"},{"taxonomy":"product_tag","embeddable":true,"href":"https:\/\/unomusicsklep.pl\/index.php?rest_route=%2Fwp%2Fv2%2Fproduct_tag&post=2592"}],"curies":[{"name":"wp","href":"https:\/\/api.w.org\/{rel}","templated":true}]}}