{"id":2595,"date":"2025-08-13T10:35:01","date_gmt":"2025-08-13T08:35:01","guid":{"rendered":"http:\/\/localhost\/strona%20uno\/wordpress\/?product=kapela-weselna-lubcza-kapela-weselna-lubcza"},"modified":"2025-08-21T10:21:30","modified_gmt":"2025-08-21T08:21:30","slug":"kapela-weselna-lubcza-kapela-weselna-lubcza","status":"publish","type":"product","link":"https:\/\/unomusicsklep.pl\/?product=kapela-weselna-lubcza-kapela-weselna-lubcza","title":{"rendered":"Kapela weselna Lubcza &#8211; Kapela weselna Lubcza"},"content":{"rendered":"<pre>CD1 (1) Sygna\u0142 Kapeli LUBCZA, (2) Na Lubeckiej \u0142\u0105ce, (3) Oberek od Przezw\u00f3d, \r\n(4) Jak masz \u0142adn\u0105 \u017con\u0119, (5) Oberek Lubecki, (6) Walczyk o babce, \r\n(7) Polka od G\u00f3r Pi\u0144czowskich, (8) Mia\u0142em dziewczyn\u0119, (9) Stara Polka, \r\n(10) Wysoko, daleko, (11) Zachod\u017a\u017ce s\u0142oneczko, (12) Ch\u0142opoki, czy\u015bcie mnie nie poznali?, \r\n(13) Oberek weselny, (14) Jade, jo, se jade, (15) Sprzeda\u0142 rolnik konia, (16) Polka kominiarczyk, \r\n(17) Gdzie\u015b na rozstajnych drogach, (18) Krakus weselny<\/pre>\n","protected":false},"excerpt":{"rendered":"<p>CD1 (1) Sygna\u0142 Kapeli LUBCZA, (2) Na Lubeckiej \u0142\u0105ce, (3) Oberek od Przezw\u00f3d, (4) Jak masz \u0142adn\u0105 \u017con\u0119, (5) Oberek Lubecki, (6) Walczyk o babce, (7) Polka od G\u00f3r Pi\u0144czowskich, (8) Mia\u0142em dziewczyn\u0119, (9) Stara Polka, (10) Wysoko, daleko, (11) Zachod\u017a\u017ce s\u0142oneczko, (12) Ch\u0142opoki, czy\u015bcie mnie nie poznali?, (13) Oberek weselny, (14) Jade, jo, se [&hellip;]<\/p>\n","protected":false},"featured_media":2631,"template":"","meta":{"_acf_changed":false},"product_brand":[95],"product_cat":[77,67,80],"product_tag":[],"class_list":{"0":"post-2595","1":"product","2":"type-product","3":"status-publish","4":"has-post-thumbnail","6":"product_brand-kapela-lubcza","7":"product_cat-muzyka-biesiadna","8":"product_cat-muzyka-ludowa","9":"product_cat-muzyka-weselna","11":"first","12":"instock","13":"shipping-taxable","14":"purchasable","15":"product-type-simple"},"acf":[],"jetpack_sharing_enabled":true,"_links":{"self":[{"href":"https:\/\/unomusicsklep.pl\/index.php?rest_route=\/wp\/v2\/product\/2595","targetHints":{"allow":["GET"]}}],"collection":[{"href":"https:\/\/unomusicsklep.pl\/index.php?rest_route=\/wp\/v2\/product"}],"about":[{"href":"https:\/\/unomusicsklep.pl\/index.php?rest_route=\/wp\/v2\/types\/product"}],"wp:featuredmedia":[{"embeddable":true,"href":"https:\/\/unomusicsklep.pl\/index.php?rest_route=\/wp\/v2\/media\/2631"}],"wp:attachment":[{"href":"https:\/\/unomusicsklep.pl\/index.php?rest_route=%2Fwp%2Fv2%2Fmedia&parent=2595"}],"wp:term":[{"taxonomy":"product_brand","embeddable":true,"href":"https:\/\/unomusicsklep.pl\/index.php?rest_route=%2Fwp%2Fv2%2Fproduct_brand&post=2595"},{"taxonomy":"product_cat","embeddable":true,"href":"https:\/\/unomusicsklep.pl\/index.php?rest_route=%2Fwp%2Fv2%2Fproduct_cat&post=2595"},{"taxonomy":"product_tag","embeddable":true,"href":"https:\/\/unomusicsklep.pl\/index.php?rest_route=%2Fwp%2Fv2%2Fproduct_tag&post=2595"}],"curies":[{"name":"wp","href":"https:\/\/api.w.org\/{rel}","templated":true}]}}