{"id":2596,"date":"2025-08-13T10:35:02","date_gmt":"2025-08-13T08:35:02","guid":{"rendered":"http:\/\/localhost\/strona%20uno\/wordpress\/?product=contra-dance-zycie-jest-piekne"},"modified":"2025-08-21T10:22:29","modified_gmt":"2025-08-21T08:22:29","slug":"contra-dance-zycie-jest-piekne","status":"publish","type":"product","link":"https:\/\/unomusicsklep.pl\/?product=contra-dance-zycie-jest-piekne","title":{"rendered":"Contra Dance &#8211; \u017bycie jest pi\u0119kne"},"content":{"rendered":"<pre>Jest to album disco polo kt\u00f3ry powsta\u0142 w czasach \r\nkiedy to ten gatunek muzyczny by\u0142 mniej popu-\r\nlarny ni\u017c obecnie\r\n\r\nCD1 (1) \u017bycie jest pi\u0119kne, (2) Wi\u0119c wo\u0142am Ci\u0119, (3) Wierz\u0119 w to, (4) Jeste\u015b ma wiosn\u0105, \r\n(5) Zar\u0119czynowa mi\u0142o\u015b\u0107, (6) Stara gitara, (7) Przecie\u017c wiesz, (8) Powiedz mi\u0142a, \r\n(9) To nie sen, (10) Ju\u017c nie p\u0142acz dziewczyno, (11) Jeszcze raz, \r\n(12) Czary mi\u0142o\u015bci, (13) Dziewczyna mych marze\u0144, (14) Daleka droga,\r\n(15) Cyga\u0144skie disco, (16) California<\/pre>\n","protected":false},"excerpt":{"rendered":"<p>Jest to album disco polo kt\u00f3ry powsta\u0142 w czasach kiedy to ten gatunek muzyczny by\u0142 mniej popu- larny ni\u017c obecnie CD1 (1) \u017bycie jest pi\u0119kne, (2) Wi\u0119c wo\u0142am Ci\u0119, (3) Wierz\u0119 w to, (4) Jeste\u015b ma wiosn\u0105, (5) Zar\u0119czynowa mi\u0142o\u015b\u0107, (6) Stara gitara, (7) Przecie\u017c wiesz, (8) Powiedz mi\u0142a, (9) To nie sen, (10) Ju\u017c [&hellip;]<\/p>\n","protected":false},"featured_media":2630,"template":"","meta":{"_acf_changed":false},"product_brand":[],"product_cat":[78],"product_tag":[],"class_list":{"0":"post-2596","1":"product","2":"type-product","3":"status-publish","4":"has-post-thumbnail","6":"product_cat-muzyka-dance","8":"first","9":"instock","10":"shipping-taxable","11":"purchasable","12":"product-type-simple"},"acf":[],"jetpack_sharing_enabled":true,"_links":{"self":[{"href":"https:\/\/unomusicsklep.pl\/index.php?rest_route=\/wp\/v2\/product\/2596","targetHints":{"allow":["GET"]}}],"collection":[{"href":"https:\/\/unomusicsklep.pl\/index.php?rest_route=\/wp\/v2\/product"}],"about":[{"href":"https:\/\/unomusicsklep.pl\/index.php?rest_route=\/wp\/v2\/types\/product"}],"wp:featuredmedia":[{"embeddable":true,"href":"https:\/\/unomusicsklep.pl\/index.php?rest_route=\/wp\/v2\/media\/2630"}],"wp:attachment":[{"href":"https:\/\/unomusicsklep.pl\/index.php?rest_route=%2Fwp%2Fv2%2Fmedia&parent=2596"}],"wp:term":[{"taxonomy":"product_brand","embeddable":true,"href":"https:\/\/unomusicsklep.pl\/index.php?rest_route=%2Fwp%2Fv2%2Fproduct_brand&post=2596"},{"taxonomy":"product_cat","embeddable":true,"href":"https:\/\/unomusicsklep.pl\/index.php?rest_route=%2Fwp%2Fv2%2Fproduct_cat&post=2596"},{"taxonomy":"product_tag","embeddable":true,"href":"https:\/\/unomusicsklep.pl\/index.php?rest_route=%2Fwp%2Fv2%2Fproduct_tag&post=2596"}],"curies":[{"name":"wp","href":"https:\/\/api.w.org\/{rel}","templated":true}]}}