{"id":2598,"date":"2025-08-13T10:35:02","date_gmt":"2025-08-13T08:35:02","guid":{"rendered":"http:\/\/localhost\/strona%20uno\/wordpress\/?product=rozni-artysci-walce-i-walczyki-ludowe-i-weselne-cz-1"},"modified":"2025-08-21T10:28:18","modified_gmt":"2025-08-21T08:28:18","slug":"rozni-artysci-walce-i-walczyki-ludowe-i-weselne-cz-1","status":"publish","type":"product","link":"https:\/\/unomusicsklep.pl\/?product=rozni-artysci-walce-i-walczyki-ludowe-i-weselne-cz-1","title":{"rendered":"R\u00f3\u017cni arty\u015bci &#8211; Walce i walczyki ludowe i weselne cz.1"},"content":{"rendered":"<pre>Jest to sk\u0142adanka r\u00f3\u017cnych kapel ludowych i\r\nweselnych graj\u0105cych walce, i walczyki z regionu\r\n\u015awi\u0119tokrzyskiego\r\n\r\nCD1 (1) Moja Mary\u015b, (2) Kochanie, (3) Ty moja dziewczyno, (4) Jedyna mi\u0142o\u015b\u0107, \r\n(5) Le\u015bny kwiat, (6) Ksi\u0119\u017cyc nad Krakowem, (7) Rodzinne strony, (8) Dziewczyna nad Nid\u0105,\r\n(9) Kwiatek czerwony, (10) Stoi w polu grusza, (11) Kotek, (12) Nad brzegiem rzeki, \r\n(13) U m\u0142ynareczki we m\u0142ynie, (14) Za\u015bpiewaj ptaszku,(15) Wiedzie \u015bcie\u017cka wiedzie, \r\n(16) Murarze\r\n\r\n\r\n<\/pre>\n","protected":false},"excerpt":{"rendered":"<p>Jest to sk\u0142adanka r\u00f3\u017cnych kapel ludowych i weselnych graj\u0105cych walce, i walczyki z regionu \u015awi\u0119tokrzyskiego CD1 (1) Moja Mary\u015b, (2) Kochanie, (3) Ty moja dziewczyno, (4) Jedyna mi\u0142o\u015b\u0107, (5) Le\u015bny kwiat, (6) Ksi\u0119\u017cyc nad Krakowem, (7) Rodzinne strony, (8) Dziewczyna nad Nid\u0105, (9) Kwiatek czerwony, (10) Stoi w polu grusza, (11) Kotek, (12) Nad brzegiem [&hellip;]<\/p>\n","protected":false},"featured_media":2633,"template":"","meta":{"_acf_changed":false},"product_brand":[85],"product_cat":[77,79,67],"product_tag":[],"class_list":{"0":"post-2598","1":"product","2":"type-product","3":"status-publish","4":"has-post-thumbnail","6":"product_brand-rozne-kapele","7":"product_cat-muzyka-biesiadna","8":"product_cat-muzyka-instrumentalna","9":"product_cat-muzyka-ludowa","11":"first","12":"instock","13":"shipping-taxable","14":"purchasable","15":"product-type-simple"},"acf":[],"jetpack_sharing_enabled":true,"_links":{"self":[{"href":"https:\/\/unomusicsklep.pl\/index.php?rest_route=\/wp\/v2\/product\/2598","targetHints":{"allow":["GET"]}}],"collection":[{"href":"https:\/\/unomusicsklep.pl\/index.php?rest_route=\/wp\/v2\/product"}],"about":[{"href":"https:\/\/unomusicsklep.pl\/index.php?rest_route=\/wp\/v2\/types\/product"}],"wp:featuredmedia":[{"embeddable":true,"href":"https:\/\/unomusicsklep.pl\/index.php?rest_route=\/wp\/v2\/media\/2633"}],"wp:attachment":[{"href":"https:\/\/unomusicsklep.pl\/index.php?rest_route=%2Fwp%2Fv2%2Fmedia&parent=2598"}],"wp:term":[{"taxonomy":"product_brand","embeddable":true,"href":"https:\/\/unomusicsklep.pl\/index.php?rest_route=%2Fwp%2Fv2%2Fproduct_brand&post=2598"},{"taxonomy":"product_cat","embeddable":true,"href":"https:\/\/unomusicsklep.pl\/index.php?rest_route=%2Fwp%2Fv2%2Fproduct_cat&post=2598"},{"taxonomy":"product_tag","embeddable":true,"href":"https:\/\/unomusicsklep.pl\/index.php?rest_route=%2Fwp%2Fv2%2Fproduct_tag&post=2598"}],"curies":[{"name":"wp","href":"https:\/\/api.w.org\/{rel}","templated":true}]}}