{"id":2599,"date":"2025-08-13T10:35:02","date_gmt":"2025-08-13T08:35:02","guid":{"rendered":"http:\/\/localhost\/strona%20uno\/wordpress\/?product=kapela-pierzchniczanie-folklorystyczny-zespol-pierzchniczanie"},"modified":"2025-08-21T10:30:09","modified_gmt":"2025-08-21T08:30:09","slug":"kapela-pierzchniczanie-folklorystyczny-zespol-pierzchniczanie","status":"publish","type":"product","link":"https:\/\/unomusicsklep.pl\/?product=kapela-pierzchniczanie-folklorystyczny-zespol-pierzchniczanie","title":{"rendered":"Kapela Pierzchniczanie &#8211; Folklorystyczny zesp\u00f3\u0142 Pierzchniczanie"},"content":{"rendered":"<pre>Zesp\u00f3\u0142 folklorystyczny Pierzchniczanie powsta\u0142 w \r\n2004 roku jako czteroosobowa kapela biesiadna. \r\nZa\u0142o\u017cycielami byli Bogumit Pasternak (skrzypce) i \r\nFeliks Piras (akordeon). Zesp\u00f3\u0142 liczy 15 cz\u0142onk\u00f3w \r\n\u2013 o\u015bmioosobow\u0105 kapel\u0119 i siedmioosobow\u0105 grup\u0119 \r\nwokaln\u0105. W repertuarze Pierzchniczan znajduj\u0105 si\u0119 \r\nmuzyka ludowa, pie\u015bni okoliczno\u015bciowe, biesiadne, \r\npatriotyczne, \u017co\u0142nierskie, religijne, kol\u0119dy i pastora\u0142\r\nki. Zesp\u00f3\u0142 wyst\u0119powa\u0142 ju\u017c wiele razy na imprezach \r\nlokalnych i regionalnych.\r\n\r\nCD1 (1) Ty moja dziewczyno, (2) Z tamtej strony wody, (3) Polka od Chmielnika, \r\n(4) Na zielonej \u0142\u0105ce, (5) Skoro\u0142e\u015b mnie Bo\u017ce, (6) Pisali ch\u0142opcy do Rzymu, \r\n(7) Oberek, (8) Jak szybko mijaj\u0105 lata, (9) Naoko\u0142o ksi\u0119\u017cyca, (10) Krakowiak, \r\n(11) Przez Oberek, (12) Po lesie chodzi\u0142a, (13) \u015apiewom jo se \u015bpiwom, \r\n(14) Od Kielc niedaleko, (15) Polka galopka, (16) Tam za g\u00f3r\u0105, (17) Kawalery i panienki, \r\n(18) W niedaleko, (15) Polka galopka, (16) Tam za g\u00f3r\u0105, (17) Kawalery i panienki, \r\n(18) W kumorze, w kumorze, (19) Wszystkie si\u0119 pola<\/pre>\n","protected":false},"excerpt":{"rendered":"<p>Zesp\u00f3\u0142 folklorystyczny Pierzchniczanie powsta\u0142 w 2004 roku jako czteroosobowa kapela biesiadna. Za\u0142o\u017cycielami byli Bogumit Pasternak (skrzypce) i Feliks Piras (akordeon). Zesp\u00f3\u0142 liczy 15 cz\u0142onk\u00f3w \u2013 o\u015bmioosobow\u0105 kapel\u0119 i siedmioosobow\u0105 grup\u0119 wokaln\u0105. W repertuarze Pierzchniczan znajduj\u0105 si\u0119 muzyka ludowa, pie\u015bni okoliczno\u015bciowe, biesiadne, patriotyczne, \u017co\u0142nierskie, religijne, kol\u0119dy i pastora\u0142 ki. Zesp\u00f3\u0142 wyst\u0119powa\u0142 ju\u017c wiele razy na imprezach [&hellip;]<\/p>\n","protected":false},"featured_media":2634,"template":"","meta":{"_acf_changed":false},"product_brand":[82],"product_cat":[77,67,80],"product_tag":[],"class_list":{"0":"post-2599","1":"product","2":"type-product","3":"status-publish","4":"has-post-thumbnail","6":"product_brand-kapela-pierzchniczanie","7":"product_cat-muzyka-biesiadna","8":"product_cat-muzyka-ludowa","9":"product_cat-muzyka-weselna","11":"first","12":"instock","13":"shipping-taxable","14":"purchasable","15":"product-type-simple"},"acf":[],"jetpack_sharing_enabled":true,"_links":{"self":[{"href":"https:\/\/unomusicsklep.pl\/index.php?rest_route=\/wp\/v2\/product\/2599","targetHints":{"allow":["GET"]}}],"collection":[{"href":"https:\/\/unomusicsklep.pl\/index.php?rest_route=\/wp\/v2\/product"}],"about":[{"href":"https:\/\/unomusicsklep.pl\/index.php?rest_route=\/wp\/v2\/types\/product"}],"wp:featuredmedia":[{"embeddable":true,"href":"https:\/\/unomusicsklep.pl\/index.php?rest_route=\/wp\/v2\/media\/2634"}],"wp:attachment":[{"href":"https:\/\/unomusicsklep.pl\/index.php?rest_route=%2Fwp%2Fv2%2Fmedia&parent=2599"}],"wp:term":[{"taxonomy":"product_brand","embeddable":true,"href":"https:\/\/unomusicsklep.pl\/index.php?rest_route=%2Fwp%2Fv2%2Fproduct_brand&post=2599"},{"taxonomy":"product_cat","embeddable":true,"href":"https:\/\/unomusicsklep.pl\/index.php?rest_route=%2Fwp%2Fv2%2Fproduct_cat&post=2599"},{"taxonomy":"product_tag","embeddable":true,"href":"https:\/\/unomusicsklep.pl\/index.php?rest_route=%2Fwp%2Fv2%2Fproduct_tag&post=2599"}],"curies":[{"name":"wp","href":"https:\/\/api.w.org\/{rel}","templated":true}]}}