{"id":2600,"date":"2025-08-13T10:35:03","date_gmt":"2025-08-13T08:35:03","guid":{"rendered":"http:\/\/localhost\/strona%20uno\/wordpress\/?product=kapela-braters-biesiada-z-bratersami-cz-2"},"modified":"2025-08-21T10:31:29","modified_gmt":"2025-08-21T08:31:29","slug":"kapela-braters-biesiada-z-bratersami-cz-2","status":"publish","type":"product","link":"https:\/\/unomusicsklep.pl\/?product=kapela-braters-biesiada-z-bratersami-cz-2","title":{"rendered":"Kapela Braters &#8211; Biesiada z Bratersami cz.2"},"content":{"rendered":"<pre>Kapela weselna Braters z okolic Piekoszowa to \r\nzesp\u00f3\u0142 znany i lubiany. Wyst\u0119puje zar\u00f3wno na \r\nprzegl\u0105dach i weselach. To zesp\u00f3\u0142 o korzeniach \r\nsi\u0119gaj\u0105cych 1938 roku, kiedy to dziadek obecnego \r\nlidera Stanis\u0142awa Korneckiego - Jan za\u0142o\u017cy\u0142 \u201eKapele \r\nKornecki\u201d. W swoim bogatym repertuarze posiadaj\u0105 \r\nutwory ludowe z przed 80 lat, ale r\u00f3wnie\u017c korzystaj\u0105 \r\nz bogatej tradycji innych kapel\r\n\r\nCD1 (1) Serca dwa, (2) Czerwone jagody, (3) Cyga\u0144ski tamburyn, (4) Tam nad Wis\u0142\u0105, \r\n(5) Chleb i s\u00f3l, (6) Jeszcze po kropelce, (7) Z\u0142oty kr\u0105\u017cek, (8) W\u00f3dka musi by\u0107, \r\n(9) Felek Zdankiewicz, (10) Czerwone i bure, (11) Pieni\u0105\u017cki kto ma, \r\n(12) Bando, bando, (13) Psia jego ma\u0107, (14) Dzidzi, (15) Jedna gwiazdka, \r\n(16) Z tamtej strony Wis\u0142y, (17) W gor\u0105cym s\u0142o\u0144cu Casablanki, (18) Furman<\/pre>\n","protected":false},"excerpt":{"rendered":"<p>Kapela weselna Braters z okolic Piekoszowa to zesp\u00f3\u0142 znany i lubiany. Wyst\u0119puje zar\u00f3wno na przegl\u0105dach i weselach. To zesp\u00f3\u0142 o korzeniach si\u0119gaj\u0105cych 1938 roku, kiedy to dziadek obecnego lidera Stanis\u0142awa Korneckiego &#8211; Jan za\u0142o\u017cy\u0142 \u201eKapele Kornecki\u201d. W swoim bogatym repertuarze posiadaj\u0105 utwory ludowe z przed 80 lat, ale r\u00f3wnie\u017c korzystaj\u0105 z bogatej tradycji innych kapel [&hellip;]<\/p>\n","protected":false},"featured_media":2635,"template":"","meta":{"_acf_changed":false},"product_brand":[91],"product_cat":[77,67,80],"product_tag":[],"class_list":{"0":"post-2600","1":"product","2":"type-product","3":"status-publish","4":"has-post-thumbnail","6":"product_brand-kapela-braters","7":"product_cat-muzyka-biesiadna","8":"product_cat-muzyka-ludowa","9":"product_cat-muzyka-weselna","11":"first","12":"instock","13":"shipping-taxable","14":"purchasable","15":"product-type-simple"},"acf":[],"jetpack_sharing_enabled":true,"_links":{"self":[{"href":"https:\/\/unomusicsklep.pl\/index.php?rest_route=\/wp\/v2\/product\/2600","targetHints":{"allow":["GET"]}}],"collection":[{"href":"https:\/\/unomusicsklep.pl\/index.php?rest_route=\/wp\/v2\/product"}],"about":[{"href":"https:\/\/unomusicsklep.pl\/index.php?rest_route=\/wp\/v2\/types\/product"}],"wp:featuredmedia":[{"embeddable":true,"href":"https:\/\/unomusicsklep.pl\/index.php?rest_route=\/wp\/v2\/media\/2635"}],"wp:attachment":[{"href":"https:\/\/unomusicsklep.pl\/index.php?rest_route=%2Fwp%2Fv2%2Fmedia&parent=2600"}],"wp:term":[{"taxonomy":"product_brand","embeddable":true,"href":"https:\/\/unomusicsklep.pl\/index.php?rest_route=%2Fwp%2Fv2%2Fproduct_brand&post=2600"},{"taxonomy":"product_cat","embeddable":true,"href":"https:\/\/unomusicsklep.pl\/index.php?rest_route=%2Fwp%2Fv2%2Fproduct_cat&post=2600"},{"taxonomy":"product_tag","embeddable":true,"href":"https:\/\/unomusicsklep.pl\/index.php?rest_route=%2Fwp%2Fv2%2Fproduct_tag&post=2600"}],"curies":[{"name":"wp","href":"https:\/\/api.w.org\/{rel}","templated":true}]}}