{"id":2601,"date":"2025-08-13T10:35:03","date_gmt":"2025-08-13T08:35:03","guid":{"rendered":"http:\/\/localhost\/strona%20uno\/wordpress\/?product=kapela-weselna-impress-gdzie-sie-podzialy-tamte-wesela-cz-4"},"modified":"2025-08-20T19:19:07","modified_gmt":"2025-08-20T17:19:07","slug":"kapela-weselna-impress-gdzie-sie-podzialy-tamte-wesela-cz-4","status":"publish","type":"product","link":"https:\/\/unomusicsklep.pl\/?product=kapela-weselna-impress-gdzie-sie-podzialy-tamte-wesela-cz-4","title":{"rendered":"Kapela weselna IMPRESS &#8211; Gdzie si\u0119 podzia\u0142y tamte wesela ??? cz.4"},"content":{"rendered":"<pre>IMPRESS to zesp\u00f3\u0142 muzyczny z S\u0119dziszowic w \r\nwojew\u00f3dztwie \u015bwi\u0119tokrzyskim, kt\u00f3rego liderem \r\ni za\u0142o\u017cycielem jest Jaros\u0142aw Nied\u017awied\u017a. Grupa \r\nspecjalizuje si\u0119 w muzyce tanecznej, disco polo oraz \r\npopularnych polskich i zagranicznych coverach. \r\nImpress powsta\u0142 jako zesp\u00f3\u0142 weselny, a obecnie \r\nregularnie gra koncerty, zapewniaj\u0105c profesjonalne \r\nnag\u0142o\u015bnienie, w\u0142asne aran\u017cacje i szeroki repertuar. \r\nJaros\u0142aw Nied\u017awied\u017a odpowiada za muzyk\u0119, aran\u017ca\r\ncj\u0119 oraz realizacj\u0119 nagra\u0144 zespo\u0142u\r\n\r\nCD1 (1) Trzyna\u015bcie cegie\u0142, (2) Rozstanie, (3) Czyje\u017c to konisie, (4) \r\nGorzo\u0142eczko moja mi\u0142a, (5) Bajka, (6) Jak d\u0142ugo gwiazdy l\u015bni\u0105, (7) Gdzie \r\njest m\u00f3j dom, (8) Jabole, (9) Pewnego razu w niedziel\u0119, (10) Ma\u0142a dama, \r\n(11) Stoj\u0119 w ogrodzie, (12) Walczyk \u015bwi\u0119tokrzyski, (13) Szcz\u0119\u015bcie, (14) \r\nWinobranie, (15) M\u0142oda \u017ceglarka, (16) Marsz<\/pre>\n","protected":false},"excerpt":{"rendered":"<p>IMPRESS to zesp\u00f3\u0142 muzyczny z S\u0119dziszowic w wojew\u00f3dztwie \u015bwi\u0119tokrzyskim, kt\u00f3rego liderem i za\u0142o\u017cycielem jest Jaros\u0142aw Nied\u017awied\u017a. Grupa specjalizuje si\u0119 w muzyce tanecznej, disco polo oraz popularnych polskich i zagranicznych coverach. Impress powsta\u0142 jako zesp\u00f3\u0142 weselny, a obecnie regularnie gra koncerty, zapewniaj\u0105c profesjonalne nag\u0142o\u015bnienie, w\u0142asne aran\u017cacje i szeroki repertuar. Jaros\u0142aw Nied\u017awied\u017a odpowiada za muzyk\u0119, aran\u017ca cj\u0119 [&hellip;]<\/p>\n","protected":false},"featured_media":2636,"template":"","meta":{"_acf_changed":false},"product_brand":[93],"product_cat":[77,78,80],"product_tag":[],"class_list":{"0":"post-2601","1":"product","2":"type-product","3":"status-publish","4":"has-post-thumbnail","6":"product_brand-impress","7":"product_cat-muzyka-biesiadna","8":"product_cat-muzyka-dance","9":"product_cat-muzyka-weselna","11":"first","12":"instock","13":"shipping-taxable","14":"purchasable","15":"product-type-simple"},"acf":[],"jetpack_sharing_enabled":true,"_links":{"self":[{"href":"https:\/\/unomusicsklep.pl\/index.php?rest_route=\/wp\/v2\/product\/2601","targetHints":{"allow":["GET"]}}],"collection":[{"href":"https:\/\/unomusicsklep.pl\/index.php?rest_route=\/wp\/v2\/product"}],"about":[{"href":"https:\/\/unomusicsklep.pl\/index.php?rest_route=\/wp\/v2\/types\/product"}],"wp:featuredmedia":[{"embeddable":true,"href":"https:\/\/unomusicsklep.pl\/index.php?rest_route=\/wp\/v2\/media\/2636"}],"wp:attachment":[{"href":"https:\/\/unomusicsklep.pl\/index.php?rest_route=%2Fwp%2Fv2%2Fmedia&parent=2601"}],"wp:term":[{"taxonomy":"product_brand","embeddable":true,"href":"https:\/\/unomusicsklep.pl\/index.php?rest_route=%2Fwp%2Fv2%2Fproduct_brand&post=2601"},{"taxonomy":"product_cat","embeddable":true,"href":"https:\/\/unomusicsklep.pl\/index.php?rest_route=%2Fwp%2Fv2%2Fproduct_cat&post=2601"},{"taxonomy":"product_tag","embeddable":true,"href":"https:\/\/unomusicsklep.pl\/index.php?rest_route=%2Fwp%2Fv2%2Fproduct_tag&post=2601"}],"curies":[{"name":"wp","href":"https:\/\/api.w.org\/{rel}","templated":true}]}}