{"id":2603,"date":"2025-08-13T10:35:03","date_gmt":"2025-08-13T08:35:03","guid":{"rendered":"http:\/\/localhost\/strona%20uno\/wordpress\/?product=kapela-awans-awans"},"modified":"2025-08-21T10:34:12","modified_gmt":"2025-08-21T08:34:12","slug":"kapela-awans-awans","status":"publish","type":"product","link":"https:\/\/unomusicsklep.pl\/?product=kapela-awans-awans","title":{"rendered":"Kapela Awans &#8211; AWANS"},"content":{"rendered":"<pre>Kapela weselna AWANS ma na swoim koncie boga\r\nty dorobek muzyczny, kt\u00f3ry obejmuje szeroki zakres \r\nutwor\u00f3w \u2013 od znanych piosenek rozrywkowych i ta\r\nnecznych po tradycyjn\u0105 muzyk\u0119 ludow\u0105. Wszystkie \r\naran\u017cacje wykonuj\u0105 samodzielnie, \u0142\u0105cz\u0105c akordeon, \r\nsaksofon, instrumenty klawiszowe oraz wokal obu \r\nmuzyk\u00f3w. Repertuar kapeli wyr\u00f3\u017cnia si\u0119 r\u00f3\u017cnorod-\r\nno\u015bci\u0105 i energi\u0105, idealnie wpisuj\u0105c si\u0119 zar\u00f3wno w \r\nklimat wesel, jak i innych imprez tanecznych\r\n\r\nCD1 (1) Ja si\u0119 nie boj\u0119, (2) Ciemny las, (3) Hola Wacu\u015b, (4) Weso\u0142a \r\npoleczka, (5) Tak, naprawd\u0119 tak, (6) Kubu\u015b Puchatek, (7) Kuku\u0142eczka, \r\n(8) Gdy by\u0142em ma\u0142ym ch\u0142opcem, (9) Uciekaj, uciekaj, (10) Tylko Ty, \r\n(11) Ruta, (12) To dla Ciebie gram, (13) U\u015bmiech \u015bwiata, \r\n(14) Polka spod Miechowa, (15) Marsz<\/pre>\n","protected":false},"excerpt":{"rendered":"<p>Kapela weselna AWANS ma na swoim koncie boga ty dorobek muzyczny, kt\u00f3ry obejmuje szeroki zakres utwor\u00f3w \u2013 od znanych piosenek rozrywkowych i ta necznych po tradycyjn\u0105 muzyk\u0119 ludow\u0105. Wszystkie aran\u017cacje wykonuj\u0105 samodzielnie, \u0142\u0105cz\u0105c akordeon, saksofon, instrumenty klawiszowe oraz wokal obu muzyk\u00f3w. Repertuar kapeli wyr\u00f3\u017cnia si\u0119 r\u00f3\u017cnorod- no\u015bci\u0105 i energi\u0105, idealnie wpisuj\u0105c si\u0119 zar\u00f3wno w klimat [&hellip;]<\/p>\n","protected":false},"featured_media":2638,"template":"","meta":{"_acf_changed":false},"product_brand":[],"product_cat":[77,67,80],"product_tag":[],"class_list":{"0":"post-2603","1":"product","2":"type-product","3":"status-publish","4":"has-post-thumbnail","6":"product_cat-muzyka-biesiadna","7":"product_cat-muzyka-ludowa","8":"product_cat-muzyka-weselna","10":"first","11":"instock","12":"shipping-taxable","13":"purchasable","14":"product-type-simple"},"acf":[],"jetpack_sharing_enabled":true,"_links":{"self":[{"href":"https:\/\/unomusicsklep.pl\/index.php?rest_route=\/wp\/v2\/product\/2603","targetHints":{"allow":["GET"]}}],"collection":[{"href":"https:\/\/unomusicsklep.pl\/index.php?rest_route=\/wp\/v2\/product"}],"about":[{"href":"https:\/\/unomusicsklep.pl\/index.php?rest_route=\/wp\/v2\/types\/product"}],"wp:featuredmedia":[{"embeddable":true,"href":"https:\/\/unomusicsklep.pl\/index.php?rest_route=\/wp\/v2\/media\/2638"}],"wp:attachment":[{"href":"https:\/\/unomusicsklep.pl\/index.php?rest_route=%2Fwp%2Fv2%2Fmedia&parent=2603"}],"wp:term":[{"taxonomy":"product_brand","embeddable":true,"href":"https:\/\/unomusicsklep.pl\/index.php?rest_route=%2Fwp%2Fv2%2Fproduct_brand&post=2603"},{"taxonomy":"product_cat","embeddable":true,"href":"https:\/\/unomusicsklep.pl\/index.php?rest_route=%2Fwp%2Fv2%2Fproduct_cat&post=2603"},{"taxonomy":"product_tag","embeddable":true,"href":"https:\/\/unomusicsklep.pl\/index.php?rest_route=%2Fwp%2Fv2%2Fproduct_tag&post=2603"}],"curies":[{"name":"wp","href":"https:\/\/api.w.org\/{rel}","templated":true}]}}