{"id":2605,"date":"2025-08-13T10:35:04","date_gmt":"2025-08-13T08:35:04","guid":{"rendered":"http:\/\/localhost\/strona%20uno\/wordpress\/?product=kapela-braters-braters-cz-5"},"modified":"2025-08-21T10:35:15","modified_gmt":"2025-08-21T08:35:15","slug":"kapela-braters-braters-cz-5","status":"publish","type":"product","link":"https:\/\/unomusicsklep.pl\/?product=kapela-braters-braters-cz-5","title":{"rendered":"Kapela Braters &#8211; BRATERS cz.5"},"content":{"rendered":"<pre>Kapela weselna Braters z okolic Piekoszowa to \r\nzesp\u00f3\u0142 znany i lubiany. Wyst\u0119puje zar\u00f3wno na \r\nprzegl\u0105dach i weselach. To zesp\u00f3\u0142 o korzeniach \r\nsi\u0119gaj\u0105cych 1938 roku, kiedy to dziadek obecnego \r\nlidera Stanis\u0142awa Korneckiego - Jan za\u0142o\u017cy\u0142 \u201eKapele \r\nKornecki\u201d. W swoim bogatym repertuarze posiadaj\u0105 \r\nutwory ludowe z przed 80 lat, ale r\u00f3wnie\u017c korzystaj\u0105 \r\nz bogatej tradycji innych kapel.\r\n\r\nCD1 (1) Stary kawaler, (2) Surowy te\u015b\u0107, (3) Peleryna, (4) Oj, te dziewczyny, \r\n(5) Skrzypeczki, (6) Tam ko\u0142o m\u0142yna, (7) Moja Mary\u015b, (8) Oberek Piekoszowski, \r\n(9) Jak mnie mocie \u017ceni\u0107, (10) Moja kapela, (11) Cztery c\u00f3ry, \r\n(12) Tango razem, (13) Dziwne zar\u0119czyny, (14) Idealny m\u0105\u017c,\r\n(15) Chwali\u0142e\u015b si\u0119 m\u0142ody<\/pre>\n","protected":false},"excerpt":{"rendered":"<p>Kapela weselna Braters z okolic Piekoszowa to zesp\u00f3\u0142 znany i lubiany. Wyst\u0119puje zar\u00f3wno na przegl\u0105dach i weselach. To zesp\u00f3\u0142 o korzeniach si\u0119gaj\u0105cych 1938 roku, kiedy to dziadek obecnego lidera Stanis\u0142awa Korneckiego &#8211; Jan za\u0142o\u017cy\u0142 \u201eKapele Kornecki\u201d. W swoim bogatym repertuarze posiadaj\u0105 utwory ludowe z przed 80 lat, ale r\u00f3wnie\u017c korzystaj\u0105 z bogatej tradycji innych kapel. [&hellip;]<\/p>\n","protected":false},"featured_media":2640,"template":"","meta":{"_acf_changed":false},"product_brand":[91],"product_cat":[77,67,80],"product_tag":[],"class_list":{"0":"post-2605","1":"product","2":"type-product","3":"status-publish","4":"has-post-thumbnail","6":"product_brand-kapela-braters","7":"product_cat-muzyka-biesiadna","8":"product_cat-muzyka-ludowa","9":"product_cat-muzyka-weselna","11":"first","12":"instock","13":"shipping-taxable","14":"purchasable","15":"product-type-simple"},"acf":[],"jetpack_sharing_enabled":true,"_links":{"self":[{"href":"https:\/\/unomusicsklep.pl\/index.php?rest_route=\/wp\/v2\/product\/2605","targetHints":{"allow":["GET"]}}],"collection":[{"href":"https:\/\/unomusicsklep.pl\/index.php?rest_route=\/wp\/v2\/product"}],"about":[{"href":"https:\/\/unomusicsklep.pl\/index.php?rest_route=\/wp\/v2\/types\/product"}],"wp:featuredmedia":[{"embeddable":true,"href":"https:\/\/unomusicsklep.pl\/index.php?rest_route=\/wp\/v2\/media\/2640"}],"wp:attachment":[{"href":"https:\/\/unomusicsklep.pl\/index.php?rest_route=%2Fwp%2Fv2%2Fmedia&parent=2605"}],"wp:term":[{"taxonomy":"product_brand","embeddable":true,"href":"https:\/\/unomusicsklep.pl\/index.php?rest_route=%2Fwp%2Fv2%2Fproduct_brand&post=2605"},{"taxonomy":"product_cat","embeddable":true,"href":"https:\/\/unomusicsklep.pl\/index.php?rest_route=%2Fwp%2Fv2%2Fproduct_cat&post=2605"},{"taxonomy":"product_tag","embeddable":true,"href":"https:\/\/unomusicsklep.pl\/index.php?rest_route=%2Fwp%2Fv2%2Fproduct_tag&post=2605"}],"curies":[{"name":"wp","href":"https:\/\/api.w.org\/{rel}","templated":true}]}}