{"id":2606,"date":"2025-08-13T10:35:04","date_gmt":"2025-08-13T08:35:04","guid":{"rendered":"http:\/\/localhost\/strona%20uno\/wordpress\/?product=kapela-impress-choinki-blask"},"modified":"2025-08-21T10:36:00","modified_gmt":"2025-08-21T08:36:00","slug":"kapela-impress-choinki-blask","status":"publish","type":"product","link":"https:\/\/unomusicsklep.pl\/?product=kapela-impress-choinki-blask","title":{"rendered":"Kapela IMPRESS &#8211; Choinki blask"},"content":{"rendered":"<p>Pi\u0119knie wykonane przez zesp\u00f3\u0142 IMPRESS trady-<br \/>\ncyjne Polskie kol\u0119dy, wraz z autorskim utworem<br \/>\n\u201eChoinki blask\u201d.<\/p>\n<p>&nbsp;<\/p>\n<pre>CD1 (1) Choinki blask, (2) P\u00f3jd\u017amy wszyscy, (3) A wczora z wieczora, \r\n(4) Gdy si\u0119 Chrystus rodzi, (5) Cicha noc, (6) B\u00f3g si\u0119 rodzi, (7) Gdy \r\n\u015bliczna Panna, (8) Dzisiaj w Betlejem, (9) W\u015br\u00f3d nocnej ciszy, \r\n(10) Weso\u0142a nowina, (11) Przybie\u017celi do Betlejem, (12) M\u0119drcy \u015bwiata, \r\n(13) Lulaj\u017ce Jezuniu, (14) Gdy si\u0119 rodzi\u0142e\u015b Panie, (15) Do szopy, \r\n(16) W \u017c\u0142obie le\u017cy<\/pre>\n","protected":false},"excerpt":{"rendered":"<p>Pi\u0119knie wykonane przez zesp\u00f3\u0142 IMPRESS trady- cyjne Polskie kol\u0119dy, wraz z autorskim utworem \u201eChoinki blask\u201d. &nbsp; CD1 (1) Choinki blask, (2) P\u00f3jd\u017amy wszyscy, (3) A wczora z wieczora, (4) Gdy si\u0119 Chrystus rodzi, (5) Cicha noc, (6) B\u00f3g si\u0119 rodzi, (7) Gdy \u015bliczna Panna, (8) Dzisiaj w Betlejem, (9) W\u015br\u00f3d nocnej ciszy, (10) Weso\u0142a nowina, [&hellip;]<\/p>\n","protected":false},"featured_media":2641,"template":"","meta":{"_acf_changed":false},"product_brand":[84],"product_cat":[81,67],"product_tag":[],"class_list":{"0":"post-2606","1":"product","2":"type-product","3":"status-publish","4":"has-post-thumbnail","6":"product_brand-kapela-impress","7":"product_cat-koledy","8":"product_cat-muzyka-ludowa","10":"first","11":"instock","12":"shipping-taxable","13":"purchasable","14":"product-type-simple"},"acf":[],"jetpack_sharing_enabled":true,"_links":{"self":[{"href":"https:\/\/unomusicsklep.pl\/index.php?rest_route=\/wp\/v2\/product\/2606","targetHints":{"allow":["GET"]}}],"collection":[{"href":"https:\/\/unomusicsklep.pl\/index.php?rest_route=\/wp\/v2\/product"}],"about":[{"href":"https:\/\/unomusicsklep.pl\/index.php?rest_route=\/wp\/v2\/types\/product"}],"wp:featuredmedia":[{"embeddable":true,"href":"https:\/\/unomusicsklep.pl\/index.php?rest_route=\/wp\/v2\/media\/2641"}],"wp:attachment":[{"href":"https:\/\/unomusicsklep.pl\/index.php?rest_route=%2Fwp%2Fv2%2Fmedia&parent=2606"}],"wp:term":[{"taxonomy":"product_brand","embeddable":true,"href":"https:\/\/unomusicsklep.pl\/index.php?rest_route=%2Fwp%2Fv2%2Fproduct_brand&post=2606"},{"taxonomy":"product_cat","embeddable":true,"href":"https:\/\/unomusicsklep.pl\/index.php?rest_route=%2Fwp%2Fv2%2Fproduct_cat&post=2606"},{"taxonomy":"product_tag","embeddable":true,"href":"https:\/\/unomusicsklep.pl\/index.php?rest_route=%2Fwp%2Fv2%2Fproduct_tag&post=2606"}],"curies":[{"name":"wp","href":"https:\/\/api.w.org\/{rel}","templated":true}]}}