{"id":2857,"date":"2025-08-14T12:11:31","date_gmt":"2025-08-14T10:11:31","guid":{"rendered":"http:\/\/localhost\/strona%20uno\/wordpress\/?product=kapela-stefana-wyczynskiego-lubcza-cz-2"},"modified":"2025-08-21T10:41:12","modified_gmt":"2025-08-21T08:41:12","slug":"kapela-stefana-wyczynskiego-lubcza-cz-2","status":"publish","type":"product","link":"https:\/\/unomusicsklep.pl\/?product=kapela-stefana-wyczynskiego-lubcza-cz-2","title":{"rendered":"Kapela Stefana Wyczy\u0144skiego &#8211; Lubcza cz.2"},"content":{"rendered":"<pre>CD1 (1) Synowo, synowo, (2) Ech, wy dziewuchy, (3) Do kumosi, (4) Jechali furmani, \r\n(5) B\u0119dziesz pi\u0142a, (6) Gdybym by\u0142 rolnikiem, (7) C\u00f3\u017ces, Ty Mary\u015b, (8) W 1940 roku, \r\n(9) Jak jo se za\u015bpiwom, (10) Wysoko, daleko, (11) Walczyk, (12) Oberek do\u017cynkowy, \r\n(13) Nie przytulaj mnie do siebie, (14) A po co si\u0119 pijacy, (15) Trawka ju\u017c zasiana, \r\n(16) Jak tu fajnie, (17) Jak\u017cem jecho\u0142 przez wie\u015b, (18) Marsz weselny, (19) Li\u015b\u0107, jesienny li\u015b\u0107<\/pre>\n","protected":false},"excerpt":{"rendered":"<p>CD1 (1) Synowo, synowo, (2) Ech, wy dziewuchy, (3) Do kumosi, (4) Jechali furmani, (5) B\u0119dziesz pi\u0142a, (6) Gdybym by\u0142 rolnikiem, (7) C\u00f3\u017ces, Ty Mary\u015b, (8) W 1940 roku, (9) Jak jo se za\u015bpiwom, (10) Wysoko, daleko, (11) Walczyk, (12) Oberek do\u017cynkowy, (13) Nie przytulaj mnie do siebie, (14) A po co si\u0119 pijacy, (15) [&hellip;]<\/p>\n","protected":false},"featured_media":2922,"template":"","meta":{"_acf_changed":false},"product_brand":[86],"product_cat":[77,67,80],"product_tag":[],"class_list":{"0":"post-2857","1":"product","2":"type-product","3":"status-publish","4":"has-post-thumbnail","6":"product_brand-kapela-stefana-wyczynskiego","7":"product_cat-muzyka-biesiadna","8":"product_cat-muzyka-ludowa","9":"product_cat-muzyka-weselna","11":"first","12":"instock","13":"shipping-taxable","14":"purchasable","15":"product-type-simple"},"acf":[],"jetpack_sharing_enabled":true,"_links":{"self":[{"href":"https:\/\/unomusicsklep.pl\/index.php?rest_route=\/wp\/v2\/product\/2857","targetHints":{"allow":["GET"]}}],"collection":[{"href":"https:\/\/unomusicsklep.pl\/index.php?rest_route=\/wp\/v2\/product"}],"about":[{"href":"https:\/\/unomusicsklep.pl\/index.php?rest_route=\/wp\/v2\/types\/product"}],"wp:featuredmedia":[{"embeddable":true,"href":"https:\/\/unomusicsklep.pl\/index.php?rest_route=\/wp\/v2\/media\/2922"}],"wp:attachment":[{"href":"https:\/\/unomusicsklep.pl\/index.php?rest_route=%2Fwp%2Fv2%2Fmedia&parent=2857"}],"wp:term":[{"taxonomy":"product_brand","embeddable":true,"href":"https:\/\/unomusicsklep.pl\/index.php?rest_route=%2Fwp%2Fv2%2Fproduct_brand&post=2857"},{"taxonomy":"product_cat","embeddable":true,"href":"https:\/\/unomusicsklep.pl\/index.php?rest_route=%2Fwp%2Fv2%2Fproduct_cat&post=2857"},{"taxonomy":"product_tag","embeddable":true,"href":"https:\/\/unomusicsklep.pl\/index.php?rest_route=%2Fwp%2Fv2%2Fproduct_tag&post=2857"}],"curies":[{"name":"wp","href":"https:\/\/api.w.org\/{rel}","templated":true}]}}