{"id":2858,"date":"2025-08-14T12:11:31","date_gmt":"2025-08-14T10:11:31","guid":{"rendered":"http:\/\/localhost\/strona%20uno\/wordpress\/?product=kapela-swietokrzyska-frywolne-przyspiewki-ludowe-i-weselne"},"modified":"2025-08-21T10:41:00","modified_gmt":"2025-08-21T08:41:00","slug":"kapela-swietokrzyska-frywolne-przyspiewki-ludowe-i-weselne","status":"publish","type":"product","link":"https:\/\/unomusicsklep.pl\/?product=kapela-swietokrzyska-frywolne-przyspiewki-ludowe-i-weselne","title":{"rendered":"Kapela \u015awi\u0119tokrzyska &#8211; Frywolne przy\u015bpiewki ludowe i weselne"},"content":{"rendered":"<pre>Kapela \u015awi\u0119tokrzyska powsta\u0142a w 2002 roku z \r\ninicjatywy Mariana Kwietnia. Zesp\u00f3\u0142 wykonuje mu\r\nzyk\u0119 inspirowan\u0105 tradycjami regionu \u015bwi\u0119tokrzy\r\nskiego, wzbogacon\u0105 elementami miejskich kapel \r\npodw\u00f3rkowych. Atutem grupy s\u0105 autorskie, trafne i \r\ncz\u0119sto dowcipne teksty Aleksandry Cie\u015blak. Kapela \r\nwyst\u0105pi\u0142a na ponad 200 koncertach, zdobywaj\u0105c \r\nliczne nagrody i uznanie publiczno\u015bci.\r\n\r\nCD1 (1) Witek, (2) Babcino renta, (3) Nie chcia\u0142a mu da\u0107, (4) Hop, \r\nsiup!, (5) Ca\u0142owa\u0107 to nie grzech, (6) Ku, ku, kuru!, (7) A zabawa, (8) \r\nPo c\u00f3\u017ce\u015b dziewczyno, (9) Pi\u0119kny kraj, (10) Dla ch\u0142op\u00f3w po 50-tce, \r\n(11) Fajna zabawa, (12) Stworzenie \u015bwiata, (13) Pijemy to co leci, \r\n(14) Dziewczyno rumiana, (15) Nasze miasto Kielce, (16) Nad brzegiem morza, \r\n(17) Polka \u2013 Spod Bilczy, (18) Oberek \u2013 Zawierucha<\/pre>\n","protected":false},"excerpt":{"rendered":"<p>Kapela \u015awi\u0119tokrzyska powsta\u0142a w 2002 roku z inicjatywy Mariana Kwietnia. Zesp\u00f3\u0142 wykonuje mu zyk\u0119 inspirowan\u0105 tradycjami regionu \u015bwi\u0119tokrzy skiego, wzbogacon\u0105 elementami miejskich kapel podw\u00f3rkowych. Atutem grupy s\u0105 autorskie, trafne i cz\u0119sto dowcipne teksty Aleksandry Cie\u015blak. Kapela wyst\u0105pi\u0142a na ponad 200 koncertach, zdobywaj\u0105c liczne nagrody i uznanie publiczno\u015bci. CD1 (1) Witek, (2) Babcino renta, (3) Nie [&hellip;]<\/p>\n","protected":false},"featured_media":2921,"template":"","meta":{"_acf_changed":false},"product_brand":[87],"product_cat":[77,67,80],"product_tag":[],"class_list":{"0":"post-2858","1":"product","2":"type-product","3":"status-publish","4":"has-post-thumbnail","6":"product_brand-kapela-swietokrzyska","7":"product_cat-muzyka-biesiadna","8":"product_cat-muzyka-ludowa","9":"product_cat-muzyka-weselna","11":"first","12":"instock","13":"shipping-taxable","14":"purchasable","15":"product-type-simple"},"acf":[],"jetpack_sharing_enabled":true,"_links":{"self":[{"href":"https:\/\/unomusicsklep.pl\/index.php?rest_route=\/wp\/v2\/product\/2858","targetHints":{"allow":["GET"]}}],"collection":[{"href":"https:\/\/unomusicsklep.pl\/index.php?rest_route=\/wp\/v2\/product"}],"about":[{"href":"https:\/\/unomusicsklep.pl\/index.php?rest_route=\/wp\/v2\/types\/product"}],"wp:featuredmedia":[{"embeddable":true,"href":"https:\/\/unomusicsklep.pl\/index.php?rest_route=\/wp\/v2\/media\/2921"}],"wp:attachment":[{"href":"https:\/\/unomusicsklep.pl\/index.php?rest_route=%2Fwp%2Fv2%2Fmedia&parent=2858"}],"wp:term":[{"taxonomy":"product_brand","embeddable":true,"href":"https:\/\/unomusicsklep.pl\/index.php?rest_route=%2Fwp%2Fv2%2Fproduct_brand&post=2858"},{"taxonomy":"product_cat","embeddable":true,"href":"https:\/\/unomusicsklep.pl\/index.php?rest_route=%2Fwp%2Fv2%2Fproduct_cat&post=2858"},{"taxonomy":"product_tag","embeddable":true,"href":"https:\/\/unomusicsklep.pl\/index.php?rest_route=%2Fwp%2Fv2%2Fproduct_tag&post=2858"}],"curies":[{"name":"wp","href":"https:\/\/api.w.org\/{rel}","templated":true}]}}