{"id":2862,"date":"2025-08-14T12:11:32","date_gmt":"2025-08-14T10:11:32","guid":{"rendered":"http:\/\/localhost\/strona%20uno\/wordpress\/?product=kapela-braters-braters-6"},"modified":"2025-08-21T10:53:54","modified_gmt":"2025-08-21T08:53:54","slug":"kapela-braters-braters-6","status":"publish","type":"product","link":"https:\/\/unomusicsklep.pl\/?product=kapela-braters-braters-6","title":{"rendered":"Kapela Braters &#8211; BRATERS 6"},"content":{"rendered":"<pre>Kapela weselna Braters z okolic Piekoszowa to \r\nzesp\u00f3\u0142 znany i lubiany. Wyst\u0119puje zar\u00f3wno na \r\nprzegl\u0105dach i weselach. To zesp\u00f3\u0142 o korzeniach \r\nsi\u0119gaj\u0105cych 1938 roku, kiedy to dziadek obecnego \r\nlidera Stanis\u0142awa Korneckiego - Jan za\u0142o\u017cy\u0142 \u201eKapele \r\nKornecki\u201d. W swoim bogatym repertuarze posiadaj\u0105 \r\nutwory ludowe z przed 80 lat, ale r\u00f3wnie\u017c korzystaj\u0105 \r\nz bogatej tradycji innych kapel.\r\n\r\nCD1 (1) \u017bo\u0142nierz \u2013 polka, (2) Dawne zabawy \u2013 polka, (3) Szukaj ty dziewczyno \u2013 polka, \r\n(4) Oszustka \u2013 tango, (5) Kawalerka \u2013 polka, (6) Za granic\u0119 na wakacje \u2013 polka, \r\n(7) Przyjdziesz do mnie \u2013 tango, (8) Wiejska zabawa \u2013 polka, (9) Krzesany \u2013 oberek instrumentalny, \r\n(10) Polityczna polka, (11) Rady rodzic\u00f3w \u2013 walc, (12) Gdzie ta moja baba \u2013 oberek, \r\n(13) Sz\u0142a dziewczyna \u2013 walc, (14) Siedzia\u0142a na pniocku \u2013 polka, (15) Ci\u0119\u017cka praca \u2013 walc, \r\n(16) Totolotek \u2013 polka<\/pre>\n","protected":false},"excerpt":{"rendered":"<p>Kapela weselna Braters z okolic Piekoszowa to zesp\u00f3\u0142 znany i lubiany. Wyst\u0119puje zar\u00f3wno na przegl\u0105dach i weselach. To zesp\u00f3\u0142 o korzeniach si\u0119gaj\u0105cych 1938 roku, kiedy to dziadek obecnego lidera Stanis\u0142awa Korneckiego &#8211; Jan za\u0142o\u017cy\u0142 \u201eKapele Kornecki\u201d. W swoim bogatym repertuarze posiadaj\u0105 utwory ludowe z przed 80 lat, ale r\u00f3wnie\u017c korzystaj\u0105 z bogatej tradycji innych kapel. [&hellip;]<\/p>\n","protected":false},"featured_media":2917,"template":"","meta":{"_acf_changed":false},"product_brand":[91],"product_cat":[77,67],"product_tag":[],"class_list":{"0":"post-2862","1":"product","2":"type-product","3":"status-publish","4":"has-post-thumbnail","6":"product_brand-kapela-braters","7":"product_cat-muzyka-biesiadna","8":"product_cat-muzyka-ludowa","10":"first","11":"instock","12":"shipping-taxable","13":"purchasable","14":"product-type-simple"},"acf":[],"jetpack_sharing_enabled":true,"_links":{"self":[{"href":"https:\/\/unomusicsklep.pl\/index.php?rest_route=\/wp\/v2\/product\/2862","targetHints":{"allow":["GET"]}}],"collection":[{"href":"https:\/\/unomusicsklep.pl\/index.php?rest_route=\/wp\/v2\/product"}],"about":[{"href":"https:\/\/unomusicsklep.pl\/index.php?rest_route=\/wp\/v2\/types\/product"}],"wp:featuredmedia":[{"embeddable":true,"href":"https:\/\/unomusicsklep.pl\/index.php?rest_route=\/wp\/v2\/media\/2917"}],"wp:attachment":[{"href":"https:\/\/unomusicsklep.pl\/index.php?rest_route=%2Fwp%2Fv2%2Fmedia&parent=2862"}],"wp:term":[{"taxonomy":"product_brand","embeddable":true,"href":"https:\/\/unomusicsklep.pl\/index.php?rest_route=%2Fwp%2Fv2%2Fproduct_brand&post=2862"},{"taxonomy":"product_cat","embeddable":true,"href":"https:\/\/unomusicsklep.pl\/index.php?rest_route=%2Fwp%2Fv2%2Fproduct_cat&post=2862"},{"taxonomy":"product_tag","embeddable":true,"href":"https:\/\/unomusicsklep.pl\/index.php?rest_route=%2Fwp%2Fv2%2Fproduct_tag&post=2862"}],"curies":[{"name":"wp","href":"https:\/\/api.w.org\/{rel}","templated":true}]}}