{"id":2863,"date":"2025-08-14T12:11:32","date_gmt":"2025-08-14T10:11:32","guid":{"rendered":"http:\/\/localhost\/strona%20uno\/wordpress\/?product=rozne-kapele-najpiekniejsze-mazurki-ludowe-i-weselne"},"modified":"2025-08-21T10:53:52","modified_gmt":"2025-08-21T08:53:52","slug":"rozne-kapele-najpiekniejsze-mazurki-ludowe-i-weselne","status":"publish","type":"product","link":"https:\/\/unomusicsklep.pl\/?product=rozne-kapele-najpiekniejsze-mazurki-ludowe-i-weselne","title":{"rendered":"R\u00f3\u017cne kapele &#8211; Najpi\u0119kniejsze mazurki ludowe i weselne"},"content":{"rendered":"<pre>CD1 (1) Marsz weselny \u2013 Kapela Stanis\u0142awa Malickiego, (2) Marsz \u201eR\u00f3\u017ca\u201d \u2013 Kapela HELIOS, \r\n(3) Marsz z Ponidzia \u2013 Zesp\u00f3\u0142 IMPRESS, (4) Naprz\u00f3d idziemy \u2013 Kapela Andrzeja S\u0142u\u017calca J\u0118DRZEJ, \r\n(5) Rozszumia\u0142y si\u0119 wierzby \u2013 Zesp\u00f3\u0142 BRATERS, (6) Marsz Kapeli \u2013 Zesp\u00f3\u0142 ALBATROS, \r\n(7) Marsz weselny II \u2013 Zesp\u00f3\u0142 IMPRESS, (8) Marsz Partyzant \u2013 Zesp\u00f3\u0142 TOP SECRET, (9) Marsz \u201eP\u0142ynie rzeka\u201d \u2013 Kapela HELIOS, \r\n(10) Marsz na powitanie \u2013 Zesp\u00f3\u0142 IMPRESS, (11) Marsz od Miechowa \u2013 Zesp\u00f3\u0142 AWANS, (12) Marsz weselny III \u2013 Zesp\u00f3\u0142 BRATERS, \r\n(13) Marsz Razem \u2013 Zesp\u00f3\u0142 TOP SECRET, (14) Marsz weselny IV \u2013 Kapela Stefana Wyczy\u0144skiego z LUBCZY, \r\n(15) Marsz weselny V \u2013 Zesp\u00f3\u0142 ALBATROS, (16) Marsz na po\u017cegnanie \u2013 Zesp\u00f3\u0142 IMPRESS, (17) Do widzenia \u2013 Zesp\u00f3\u0142 ALBATROS<\/pre>\n","protected":false},"excerpt":{"rendered":"<p>CD1 (1) Marsz weselny \u2013 Kapela Stanis\u0142awa Malickiego, (2) Marsz \u201eR\u00f3\u017ca\u201d \u2013 Kapela HELIOS, (3) Marsz z Ponidzia \u2013 Zesp\u00f3\u0142 IMPRESS, (4) Naprz\u00f3d idziemy \u2013 Kapela Andrzeja S\u0142u\u017calca J\u0118DRZEJ, (5) Rozszumia\u0142y si\u0119 wierzby \u2013 Zesp\u00f3\u0142 BRATERS, (6) Marsz Kapeli \u2013 Zesp\u00f3\u0142 ALBATROS, (7) Marsz weselny II \u2013 Zesp\u00f3\u0142 IMPRESS, (8) Marsz Partyzant \u2013 Zesp\u00f3\u0142 TOP [&hellip;]<\/p>\n","protected":false},"featured_media":2916,"template":"","meta":{"_acf_changed":false},"product_brand":[85],"product_cat":[77,67,80],"product_tag":[],"class_list":{"0":"post-2863","1":"product","2":"type-product","3":"status-publish","4":"has-post-thumbnail","6":"product_brand-rozne-kapele","7":"product_cat-muzyka-biesiadna","8":"product_cat-muzyka-ludowa","9":"product_cat-muzyka-weselna","11":"first","12":"instock","13":"shipping-taxable","14":"purchasable","15":"product-type-simple"},"acf":[],"jetpack_sharing_enabled":true,"_links":{"self":[{"href":"https:\/\/unomusicsklep.pl\/index.php?rest_route=\/wp\/v2\/product\/2863","targetHints":{"allow":["GET"]}}],"collection":[{"href":"https:\/\/unomusicsklep.pl\/index.php?rest_route=\/wp\/v2\/product"}],"about":[{"href":"https:\/\/unomusicsklep.pl\/index.php?rest_route=\/wp\/v2\/types\/product"}],"wp:featuredmedia":[{"embeddable":true,"href":"https:\/\/unomusicsklep.pl\/index.php?rest_route=\/wp\/v2\/media\/2916"}],"wp:attachment":[{"href":"https:\/\/unomusicsklep.pl\/index.php?rest_route=%2Fwp%2Fv2%2Fmedia&parent=2863"}],"wp:term":[{"taxonomy":"product_brand","embeddable":true,"href":"https:\/\/unomusicsklep.pl\/index.php?rest_route=%2Fwp%2Fv2%2Fproduct_brand&post=2863"},{"taxonomy":"product_cat","embeddable":true,"href":"https:\/\/unomusicsklep.pl\/index.php?rest_route=%2Fwp%2Fv2%2Fproduct_cat&post=2863"},{"taxonomy":"product_tag","embeddable":true,"href":"https:\/\/unomusicsklep.pl\/index.php?rest_route=%2Fwp%2Fv2%2Fproduct_tag&post=2863"}],"curies":[{"name":"wp","href":"https:\/\/api.w.org\/{rel}","templated":true}]}}