{"id":2865,"date":"2025-08-14T12:11:33","date_gmt":"2025-08-14T10:11:33","guid":{"rendered":"http:\/\/localhost\/strona%20uno\/wordpress\/?product=impress-impress-7"},"modified":"2025-08-20T19:32:49","modified_gmt":"2025-08-20T17:32:49","slug":"impress-impress-7","status":"publish","type":"product","link":"https:\/\/unomusicsklep.pl\/?product=impress-impress-7","title":{"rendered":"IMPRESS &#8211; IMPRESS 7"},"content":{"rendered":"<pre>IMPRESS to zesp\u00f3\u0142 muzyczny z S\u0119dziszowic w \r\nwojew\u00f3dztwie \u015bwi\u0119tokrzyskim, kt\u00f3rego liderem \r\ni za\u0142o\u017cycielem jest Jaros\u0142aw Nied\u017awied\u017a. Grupa \r\nspecjalizuje si\u0119 w muzyce tanecznej, disco polo oraz \r\npopularnych polskich i zagranicznych coverach. \r\nImpress powsta\u0142 jako zesp\u00f3\u0142 weselny, a obecnie \r\nregularnie gra koncerty, zapewniaj\u0105c profesjonalne \r\nnag\u0142o\u015bnienie, w\u0142asne aran\u017cacje i szeroki repertuar. \r\nJaros\u0142aw Nied\u017awied\u017a odpowiada za muzyk\u0119, aran\u017ca-\r\ncj\u0119 oraz realizacj\u0119 nagra\u0144 zespo\u0142u\r\n\r\nCD1 (1) Wielka woda, (2) Agata, (3) Wesele, wesele, (4) Chodzi\u0142a (1) Wielka woda, (2) Agata, (3) Wesele, wesele, (4) Chodzi\u0142a \r\npo lesie, (5) Bij\u0119 woda, (6) O\u0142 Kr\u00f3lowo, (7) W koszarach, (8) Marsz po lesie, (5) Bij\u0119 woda, (6) O\u0142 Kr\u00f3lowo, (7) W koszarach, (8) Marsz \r\nstra\u017cacki, (9) Noc z\u0142amanych serc, (10) Nie smu\u0107 si\u0119 pi\u0119kna dziewczyno, stra\u017cacki, (9) Noc z\u0142amanych serc, (10) Nie smu\u0107 si\u0119 pi\u0119kna dziewczyno, \r\n(11) Gdybym mio\u0142 spirytus, (12) To dla Ciebie, (13) Wysz\u0142a chmura od (11) Gdybym mio\u0142 spirytus, (12) To dla Ciebie, (13) Wysz\u0142a chmura od \r\nPi\u0144czowa, (14) And\u017celino, And\u017celino, (15) Polka - \u015awi\u0119tokrzyska, (16) Pi\u0144czowa, (14) And\u017celino, And\u017celino, (15) Polka - \u015awi\u0119tokrzyska, (16) \r\nWalczyk - Do widzenia<\/pre>\n","protected":false},"excerpt":{"rendered":"<p>IMPRESS to zesp\u00f3\u0142 muzyczny z S\u0119dziszowic w wojew\u00f3dztwie \u015bwi\u0119tokrzyskim, kt\u00f3rego liderem i za\u0142o\u017cycielem jest Jaros\u0142aw Nied\u017awied\u017a. Grupa specjalizuje si\u0119 w muzyce tanecznej, disco polo oraz popularnych polskich i zagranicznych coverach. Impress powsta\u0142 jako zesp\u00f3\u0142 weselny, a obecnie regularnie gra koncerty, zapewniaj\u0105c profesjonalne nag\u0142o\u015bnienie, w\u0142asne aran\u017cacje i szeroki repertuar. Jaros\u0142aw Nied\u017awied\u017a odpowiada za muzyk\u0119, aran\u017ca- cj\u0119 [&hellip;]<\/p>\n","protected":false},"featured_media":2914,"template":"","meta":{"_acf_changed":false},"product_brand":[93],"product_cat":[77,78,80],"product_tag":[],"class_list":{"0":"post-2865","1":"product","2":"type-product","3":"status-publish","4":"has-post-thumbnail","6":"product_brand-impress","7":"product_cat-muzyka-biesiadna","8":"product_cat-muzyka-dance","9":"product_cat-muzyka-weselna","11":"first","12":"instock","13":"shipping-taxable","14":"purchasable","15":"product-type-simple"},"acf":[],"jetpack_sharing_enabled":true,"_links":{"self":[{"href":"https:\/\/unomusicsklep.pl\/index.php?rest_route=\/wp\/v2\/product\/2865","targetHints":{"allow":["GET"]}}],"collection":[{"href":"https:\/\/unomusicsklep.pl\/index.php?rest_route=\/wp\/v2\/product"}],"about":[{"href":"https:\/\/unomusicsklep.pl\/index.php?rest_route=\/wp\/v2\/types\/product"}],"wp:featuredmedia":[{"embeddable":true,"href":"https:\/\/unomusicsklep.pl\/index.php?rest_route=\/wp\/v2\/media\/2914"}],"wp:attachment":[{"href":"https:\/\/unomusicsklep.pl\/index.php?rest_route=%2Fwp%2Fv2%2Fmedia&parent=2865"}],"wp:term":[{"taxonomy":"product_brand","embeddable":true,"href":"https:\/\/unomusicsklep.pl\/index.php?rest_route=%2Fwp%2Fv2%2Fproduct_brand&post=2865"},{"taxonomy":"product_cat","embeddable":true,"href":"https:\/\/unomusicsklep.pl\/index.php?rest_route=%2Fwp%2Fv2%2Fproduct_cat&post=2865"},{"taxonomy":"product_tag","embeddable":true,"href":"https:\/\/unomusicsklep.pl\/index.php?rest_route=%2Fwp%2Fv2%2Fproduct_tag&post=2865"}],"curies":[{"name":"wp","href":"https:\/\/api.w.org\/{rel}","templated":true}]}}