{"id":2866,"date":"2025-08-14T12:11:33","date_gmt":"2025-08-14T10:11:33","guid":{"rendered":"http:\/\/localhost\/strona%20uno\/wordpress\/?product=kapela-weselna-stanislawa-malickiego-kapela-weselna-stanislawa-malickiego-cz-2"},"modified":"2025-08-21T10:57:52","modified_gmt":"2025-08-21T08:57:52","slug":"kapela-weselna-stanislawa-malickiego-kapela-weselna-stanislawa-malickiego-cz-2","status":"publish","type":"product","link":"https:\/\/unomusicsklep.pl\/?product=kapela-weselna-stanislawa-malickiego-kapela-weselna-stanislawa-malickiego-cz-2","title":{"rendered":"Kapela Weselna Stanis\u0142awa Malickiego &#8211; Kapela Weselna Stanis\u0142awa Malickiego cz.2"},"content":{"rendered":"<pre>Kapela Stanis\u0142awa Malickiego to do\u015bwiadczony \r\nzesp\u00f3\u0142 z bogatym dorobkiem, \u0142\u0105cz\u0105cy wokalne i \r\ninstrumentalne talenty. Lider, Stanis\u0142aw Malicki, od\r\npowiada za teksty i \u015bpiew, pokazuj\u0105c r\u00f3wnie\u017c kunszt \r\ngry na akordeonie. W sk\u0142adzie wyr\u00f3\u017cniaj\u0105 si\u0119 tak\u017ce \r\nGustaw Haras oraz saksofonista Micha\u0142 Siemieniec, \r\nkt\u00f3ry wzbogaca brzmienie grupy. Kapela prezentuje \r\nmuzyk\u0119 ludow\u0105 i weseln\u0105 pe\u0142n\u0105 energii i rado\u015bci\r\n\r\nCD1 (1) Mia\u0142a baba ch\u0142opa, (2) Polka od W\u0142oszczowy, (3) Marysie\u0144ka, \r\n(4) Jestem ch\u0142opak \u015awi\u0119tokrzyski, (5) Rezerwa ma do\u015b\u0107, (6) Przyjdzie na to czas, \r\n(7) Krakowiak, (8) Chodzi\u0142a po lesie, (9) Polka od Tarnawy, \r\n(10) Poszed\u0142 Janek na maliny, (11) Za lasem, za lasem, (12) Tam na g\u00f3rze kwitn\u0105 r\u00f3\u017ce, \r\n(13) Koniczyna, (14) Id\u0119 jo z wesela, (15) A w S\u0119dziszowie (16) Marsz S\u0119dzisz\u00f3w<\/pre>\n","protected":false},"excerpt":{"rendered":"<p>Kapela Stanis\u0142awa Malickiego to do\u015bwiadczony zesp\u00f3\u0142 z bogatym dorobkiem, \u0142\u0105cz\u0105cy wokalne i instrumentalne talenty. Lider, Stanis\u0142aw Malicki, od powiada za teksty i \u015bpiew, pokazuj\u0105c r\u00f3wnie\u017c kunszt gry na akordeonie. W sk\u0142adzie wyr\u00f3\u017cniaj\u0105 si\u0119 tak\u017ce Gustaw Haras oraz saksofonista Micha\u0142 Siemieniec, kt\u00f3ry wzbogaca brzmienie grupy. Kapela prezentuje muzyk\u0119 ludow\u0105 i weseln\u0105 pe\u0142n\u0105 energii i rado\u015bci CD1 [&hellip;]<\/p>\n","protected":false},"featured_media":2913,"template":"","meta":{"_acf_changed":false},"product_brand":[90],"product_cat":[77,67,80],"product_tag":[],"class_list":{"0":"post-2866","1":"product","2":"type-product","3":"status-publish","4":"has-post-thumbnail","6":"product_brand-kapela-weselna-stanislawa-malickiego","7":"product_cat-muzyka-biesiadna","8":"product_cat-muzyka-ludowa","9":"product_cat-muzyka-weselna","11":"first","12":"instock","13":"shipping-taxable","14":"purchasable","15":"product-type-simple"},"acf":[],"jetpack_sharing_enabled":true,"_links":{"self":[{"href":"https:\/\/unomusicsklep.pl\/index.php?rest_route=\/wp\/v2\/product\/2866","targetHints":{"allow":["GET"]}}],"collection":[{"href":"https:\/\/unomusicsklep.pl\/index.php?rest_route=\/wp\/v2\/product"}],"about":[{"href":"https:\/\/unomusicsklep.pl\/index.php?rest_route=\/wp\/v2\/types\/product"}],"wp:featuredmedia":[{"embeddable":true,"href":"https:\/\/unomusicsklep.pl\/index.php?rest_route=\/wp\/v2\/media\/2913"}],"wp:attachment":[{"href":"https:\/\/unomusicsklep.pl\/index.php?rest_route=%2Fwp%2Fv2%2Fmedia&parent=2866"}],"wp:term":[{"taxonomy":"product_brand","embeddable":true,"href":"https:\/\/unomusicsklep.pl\/index.php?rest_route=%2Fwp%2Fv2%2Fproduct_brand&post=2866"},{"taxonomy":"product_cat","embeddable":true,"href":"https:\/\/unomusicsklep.pl\/index.php?rest_route=%2Fwp%2Fv2%2Fproduct_cat&post=2866"},{"taxonomy":"product_tag","embeddable":true,"href":"https:\/\/unomusicsklep.pl\/index.php?rest_route=%2Fwp%2Fv2%2Fproduct_tag&post=2866"}],"curies":[{"name":"wp","href":"https:\/\/api.w.org\/{rel}","templated":true}]}}