{"id":2867,"date":"2025-08-14T12:11:33","date_gmt":"2025-08-14T10:11:33","guid":{"rendered":"http:\/\/localhost\/strona%20uno\/wordpress\/?product=kapela-szarotka-osiemnastu-lataek"},"modified":"2025-08-21T10:59:38","modified_gmt":"2025-08-21T08:59:38","slug":"kapela-szarotka-osiemnastu-lataek","status":"publish","type":"product","link":"https:\/\/unomusicsklep.pl\/?product=kapela-szarotka-osiemnastu-lataek","title":{"rendered":"Kapela Szarotka &#8211; Osiemnastu lataek"},"content":{"rendered":"<pre>Zesp\u00f3\u0142 Szarotka powsta\u0142 wiosn\u0105 1989 roku przy \r\nGminnym O\u015brodku Kultury w Bodzechowie. \r\nGrupa zdoby\u0142a uznanie dzi\u0119ki licznym sukcesom \r\nkonkursowym oraz wsp\u00f3\u0142pracy z Polskim Radiem \r\nKielce, gdzie nagrano ponad 80 utwor\u00f3w folkowych \r\ni w\u0142asnych kompozycji disco-dance. Szarotka cz\u0119sto \r\ngra\u0142a na koncertach charytatywnych oraz by\u0142a \r\nwielokrotnie nagradzana. W kolejnych latach zesp\u00f3\u0142 \r\nprzeszed\u0142 zmiany personalne i nagra\u0142 p\u0142yt\u0119 prezen\r\ntuj\u0105c\u0105 nowe brzmienie, nawi\u0105zuj\u0105c do wcze\u015bniej\r\nszych dorobk\u00f3w w od\u015bwie\u017conych aran\u017cacjach.\r\n\r\nCD1 (1) Za nami tyle lat, (2) Osiemnastolatka, (3) To ty pierwsza,\r\n(4) Jedna z wielu, (5) Zapomn\u0119 wszystko, (6) Kiedy dwoje nas chce, \r\n(7) Dziewczyna, (8) \u017bar serc, (9) Sonia, (10) W Twoich oczach, \r\n(11) Jutro b\u0119dzie zap\u00f3\u017ano, (12) Z Tob\u0105 ta\u0144czy\u0107, (13) Kiedy jest mi \u017ale, \r\n(14) Wenus i Mars, (15) Cyga\u0144ska krew<\/pre>\n","protected":false},"excerpt":{"rendered":"<p>Zesp\u00f3\u0142 Szarotka powsta\u0142 wiosn\u0105 1989 roku przy Gminnym O\u015brodku Kultury w Bodzechowie. Grupa zdoby\u0142a uznanie dzi\u0119ki licznym sukcesom konkursowym oraz wsp\u00f3\u0142pracy z Polskim Radiem Kielce, gdzie nagrano ponad 80 utwor\u00f3w folkowych i w\u0142asnych kompozycji disco-dance. Szarotka cz\u0119sto gra\u0142a na koncertach charytatywnych oraz by\u0142a wielokrotnie nagradzana. W kolejnych latach zesp\u00f3\u0142 przeszed\u0142 zmiany personalne i nagra\u0142 p\u0142yt\u0119 [&hellip;]<\/p>\n","protected":false},"featured_media":2912,"template":"","meta":{"_acf_changed":false},"product_brand":[94],"product_cat":[77,67,80],"product_tag":[],"class_list":{"0":"post-2867","1":"product","2":"type-product","3":"status-publish","4":"has-post-thumbnail","6":"product_brand-kapela-szarotka","7":"product_cat-muzyka-biesiadna","8":"product_cat-muzyka-ludowa","9":"product_cat-muzyka-weselna","11":"first","12":"instock","13":"shipping-taxable","14":"purchasable","15":"product-type-simple"},"acf":[],"jetpack_sharing_enabled":true,"_links":{"self":[{"href":"https:\/\/unomusicsklep.pl\/index.php?rest_route=\/wp\/v2\/product\/2867","targetHints":{"allow":["GET"]}}],"collection":[{"href":"https:\/\/unomusicsklep.pl\/index.php?rest_route=\/wp\/v2\/product"}],"about":[{"href":"https:\/\/unomusicsklep.pl\/index.php?rest_route=\/wp\/v2\/types\/product"}],"wp:featuredmedia":[{"embeddable":true,"href":"https:\/\/unomusicsklep.pl\/index.php?rest_route=\/wp\/v2\/media\/2912"}],"wp:attachment":[{"href":"https:\/\/unomusicsklep.pl\/index.php?rest_route=%2Fwp%2Fv2%2Fmedia&parent=2867"}],"wp:term":[{"taxonomy":"product_brand","embeddable":true,"href":"https:\/\/unomusicsklep.pl\/index.php?rest_route=%2Fwp%2Fv2%2Fproduct_brand&post=2867"},{"taxonomy":"product_cat","embeddable":true,"href":"https:\/\/unomusicsklep.pl\/index.php?rest_route=%2Fwp%2Fv2%2Fproduct_cat&post=2867"},{"taxonomy":"product_tag","embeddable":true,"href":"https:\/\/unomusicsklep.pl\/index.php?rest_route=%2Fwp%2Fv2%2Fproduct_tag&post=2867"}],"curies":[{"name":"wp","href":"https:\/\/api.w.org\/{rel}","templated":true}]}}