{"id":2868,"date":"2025-08-14T12:11:33","date_gmt":"2025-08-14T10:11:33","guid":{"rendered":"http:\/\/localhost\/strona%20uno\/wordpress\/?product=kapela-swietokrzyska-frywolne-spiewki-ludowe-i-weselne-cz-2"},"modified":"2025-08-21T10:59:38","modified_gmt":"2025-08-21T08:59:38","slug":"kapela-swietokrzyska-frywolne-spiewki-ludowe-i-weselne-cz-2","status":"publish","type":"product","link":"https:\/\/unomusicsklep.pl\/?product=kapela-swietokrzyska-frywolne-spiewki-ludowe-i-weselne-cz-2","title":{"rendered":"Kapela \u015awi\u0119tokrzyska &#8211; Frywolne \u015bpiewki ludowe i weselne cz.2"},"content":{"rendered":"<pre>Kapela \u015awi\u0119tokrzyska powsta\u0142a w 2002 roku \r\nz inicjatywy Mariana Kwietnia. Zesp\u00f3\u0142 wyko\r\nnuje muzyk\u0119 inspirowan\u0105 tradycjami regionu \r\n\u015bwi\u0119tokrzyskiego, wzbogacon\u0105 elementami \r\nmiejskich kapel podw\u00f3rkowych. Atutem grupy s\u0105 \r\nautorskie, trafne i cz\u0119sto dowcipne teksty Alek\r\nsandry Cie\u015blak. Kapela wyst\u0105pi\u0142a na ponad 200 \r\nkoncertach, zdobywaj\u0105c liczne nagrody i uznanie \r\npubliczno\u015bci.\r\n\r\nCD1 (1) M\u0105\u017c i \u017cona, (2) Babka i dziadek, (3) A ch\u0142opaki hop, hop, \r\n(4) Franu\u015b, (5) \u015awi\u0119tokrzyskie g\u00f3ry, (6) \u017bycie szybko mknie, \r\n(7) Marysiu buzi daj, (8) Bo ty lubisz czekolad\u0119, (9) Hej, Maryjanno!, \r\n(10) Moda, (11) Stary ch\u0142op, (12) Skoczna polka, (13) A mnie jest \u017ale, \r\n(14) Hej, Bieszczady!, (15) Dziwi\u0105 si\u0119 ludzie, (16) W sanatorium<\/pre>\n","protected":false},"excerpt":{"rendered":"<p>Kapela \u015awi\u0119tokrzyska powsta\u0142a w 2002 roku z inicjatywy Mariana Kwietnia. Zesp\u00f3\u0142 wyko nuje muzyk\u0119 inspirowan\u0105 tradycjami regionu \u015bwi\u0119tokrzyskiego, wzbogacon\u0105 elementami miejskich kapel podw\u00f3rkowych. Atutem grupy s\u0105 autorskie, trafne i cz\u0119sto dowcipne teksty Alek sandry Cie\u015blak. Kapela wyst\u0105pi\u0142a na ponad 200 koncertach, zdobywaj\u0105c liczne nagrody i uznanie publiczno\u015bci. CD1 (1) M\u0105\u017c i \u017cona, (2) Babka i [&hellip;]<\/p>\n","protected":false},"featured_media":2911,"template":"","meta":{"_acf_changed":false},"product_brand":[87],"product_cat":[77,67,80],"product_tag":[],"class_list":{"0":"post-2868","1":"product","2":"type-product","3":"status-publish","4":"has-post-thumbnail","6":"product_brand-kapela-swietokrzyska","7":"product_cat-muzyka-biesiadna","8":"product_cat-muzyka-ludowa","9":"product_cat-muzyka-weselna","11":"first","12":"instock","13":"shipping-taxable","14":"purchasable","15":"product-type-simple"},"acf":[],"jetpack_sharing_enabled":true,"_links":{"self":[{"href":"https:\/\/unomusicsklep.pl\/index.php?rest_route=\/wp\/v2\/product\/2868","targetHints":{"allow":["GET"]}}],"collection":[{"href":"https:\/\/unomusicsklep.pl\/index.php?rest_route=\/wp\/v2\/product"}],"about":[{"href":"https:\/\/unomusicsklep.pl\/index.php?rest_route=\/wp\/v2\/types\/product"}],"wp:featuredmedia":[{"embeddable":true,"href":"https:\/\/unomusicsklep.pl\/index.php?rest_route=\/wp\/v2\/media\/2911"}],"wp:attachment":[{"href":"https:\/\/unomusicsklep.pl\/index.php?rest_route=%2Fwp%2Fv2%2Fmedia&parent=2868"}],"wp:term":[{"taxonomy":"product_brand","embeddable":true,"href":"https:\/\/unomusicsklep.pl\/index.php?rest_route=%2Fwp%2Fv2%2Fproduct_brand&post=2868"},{"taxonomy":"product_cat","embeddable":true,"href":"https:\/\/unomusicsklep.pl\/index.php?rest_route=%2Fwp%2Fv2%2Fproduct_cat&post=2868"},{"taxonomy":"product_tag","embeddable":true,"href":"https:\/\/unomusicsklep.pl\/index.php?rest_route=%2Fwp%2Fv2%2Fproduct_tag&post=2868"}],"curies":[{"name":"wp","href":"https:\/\/api.w.org\/{rel}","templated":true}]}}