{"id":2869,"date":"2025-08-14T12:11:34","date_gmt":"2025-08-14T10:11:34","guid":{"rendered":"http:\/\/localhost\/strona%20uno\/wordpress\/?product=kapela-lubcza-kapela-weselna-stefana-wyczynskiego-lubcza-cz-3"},"modified":"2025-08-21T11:01:05","modified_gmt":"2025-08-21T09:01:05","slug":"kapela-lubcza-kapela-weselna-stefana-wyczynskiego-lubcza-cz-3","status":"publish","type":"product","link":"https:\/\/unomusicsklep.pl\/?product=kapela-lubcza-kapela-weselna-stefana-wyczynskiego-lubcza-cz-3","title":{"rendered":"Kapela Lubcza &#8211; Kapela Weselna Stefana Wyczy\u0144skiego Lubcza cz.3"},"content":{"rendered":"<pre>CD1 (1) Otwierajcie malowan\u0105 skrzyni\u0119, (2) Le\u0107 g\u0142osie po rosie, \r\n(3) Ballada partyzancka, (4) Przez t\u0119 nasz\u0105 wie\u015b, (5) Toczy si\u0119 ko\u0142o, \r\n(6) Ballada partyzancka, (7) Obieca\u0142 mi ojciec, (8) Lubecka dziewczyna, \r\n(9) Polka targana, (10) Nic mnie nie cieszy, (11) W \u0142ubeckim polu, \r\n(12) Jestem ja targana, (12) Jestem ja Wycyz\u0144ski, (13) Tam ko\u0142o m\u0142yna, \r\n(14) Nie ma lekko, (15) Marsz, (16) Wszystko si\u0119 \u017cytko, (17) Jad\u0119 z Berlina, \r\n(18) Polka od Rac\u0142awic, (19) Krakus, (20) Polka St\u0119pocka<\/pre>\n","protected":false},"excerpt":{"rendered":"<p>CD1 (1) Otwierajcie malowan\u0105 skrzyni\u0119, (2) Le\u0107 g\u0142osie po rosie, (3) Ballada partyzancka, (4) Przez t\u0119 nasz\u0105 wie\u015b, (5) Toczy si\u0119 ko\u0142o, (6) Ballada partyzancka, (7) Obieca\u0142 mi ojciec, (8) Lubecka dziewczyna, (9) Polka targana, (10) Nic mnie nie cieszy, (11) W \u0142ubeckim polu, (12) Jestem ja targana, (12) Jestem ja Wycyz\u0144ski, (13) Tam ko\u0142o [&hellip;]<\/p>\n","protected":false},"featured_media":2910,"template":"","meta":{"_acf_changed":false},"product_brand":[95],"product_cat":[77,67,80],"product_tag":[],"class_list":{"0":"post-2869","1":"product","2":"type-product","3":"status-publish","4":"has-post-thumbnail","6":"product_brand-kapela-lubcza","7":"product_cat-muzyka-biesiadna","8":"product_cat-muzyka-ludowa","9":"product_cat-muzyka-weselna","11":"first","12":"instock","13":"shipping-taxable","14":"purchasable","15":"product-type-simple"},"acf":[],"jetpack_sharing_enabled":true,"_links":{"self":[{"href":"https:\/\/unomusicsklep.pl\/index.php?rest_route=\/wp\/v2\/product\/2869","targetHints":{"allow":["GET"]}}],"collection":[{"href":"https:\/\/unomusicsklep.pl\/index.php?rest_route=\/wp\/v2\/product"}],"about":[{"href":"https:\/\/unomusicsklep.pl\/index.php?rest_route=\/wp\/v2\/types\/product"}],"wp:featuredmedia":[{"embeddable":true,"href":"https:\/\/unomusicsklep.pl\/index.php?rest_route=\/wp\/v2\/media\/2910"}],"wp:attachment":[{"href":"https:\/\/unomusicsklep.pl\/index.php?rest_route=%2Fwp%2Fv2%2Fmedia&parent=2869"}],"wp:term":[{"taxonomy":"product_brand","embeddable":true,"href":"https:\/\/unomusicsklep.pl\/index.php?rest_route=%2Fwp%2Fv2%2Fproduct_brand&post=2869"},{"taxonomy":"product_cat","embeddable":true,"href":"https:\/\/unomusicsklep.pl\/index.php?rest_route=%2Fwp%2Fv2%2Fproduct_cat&post=2869"},{"taxonomy":"product_tag","embeddable":true,"href":"https:\/\/unomusicsklep.pl\/index.php?rest_route=%2Fwp%2Fv2%2Fproduct_tag&post=2869"}],"curies":[{"name":"wp","href":"https:\/\/api.w.org\/{rel}","templated":true}]}}