{"id":2871,"date":"2025-08-14T12:11:34","date_gmt":"2025-08-14T10:11:34","guid":{"rendered":"http:\/\/localhost\/strona%20uno\/wordpress\/?product=kapela-vokall-rajski-ptak"},"modified":"2025-08-21T11:09:02","modified_gmt":"2025-08-21T09:09:02","slug":"kapela-vokall-rajski-ptak","status":"publish","type":"product","link":"https:\/\/unomusicsklep.pl\/?product=kapela-vokall-rajski-ptak","title":{"rendered":"Kapela Vokall &#8211; Rajski ptak"},"content":{"rendered":"<pre>CD1 (1) Rajski ptak, (2) Zielona traweczka, (3) Chcia\u0142bym poca\u0142owa\u0107 Ci\u0119, \r\n(4) Nocka szumia\u0142a, (5) Polka - Dziadek, (6) Jezioro, jezioro, (7) Kalina, \r\n(8) Ch\u0142opcy Czarnowianie, (9) Czas by si\u0119 o\u017ceni\u0107, (10) Hej, te\u015bciowo, \r\n(11) Kominiarz, (12) R\u00f3\u017ce wspomnie\u0144, (13) Za g\u00f3rami, (14) Jecha\u0142em w sobot\u0119, \r\n(15) Marsz - Na stracenie<\/pre>\n","protected":false},"excerpt":{"rendered":"<p>CD1 (1) Rajski ptak, (2) Zielona traweczka, (3) Chcia\u0142bym poca\u0142owa\u0107 Ci\u0119, (4) Nocka szumia\u0142a, (5) Polka &#8211; Dziadek, (6) Jezioro, jezioro, (7) Kalina, (8) Ch\u0142opcy Czarnowianie, (9) Czas by si\u0119 o\u017ceni\u0107, (10) Hej, te\u015bciowo, (11) Kominiarz, (12) R\u00f3\u017ce wspomnie\u0144, (13) Za g\u00f3rami, (14) Jecha\u0142em w sobot\u0119, (15) Marsz &#8211; Na stracenie<\/p>\n","protected":false},"featured_media":2908,"template":"","meta":{"_acf_changed":false},"product_brand":[96],"product_cat":[77,67],"product_tag":[],"class_list":{"0":"post-2871","1":"product","2":"type-product","3":"status-publish","4":"has-post-thumbnail","6":"product_brand-kapela-vokall","7":"product_cat-muzyka-biesiadna","8":"product_cat-muzyka-ludowa","10":"first","11":"instock","12":"shipping-taxable","13":"purchasable","14":"product-type-simple"},"acf":[],"jetpack_sharing_enabled":true,"_links":{"self":[{"href":"https:\/\/unomusicsklep.pl\/index.php?rest_route=\/wp\/v2\/product\/2871","targetHints":{"allow":["GET"]}}],"collection":[{"href":"https:\/\/unomusicsklep.pl\/index.php?rest_route=\/wp\/v2\/product"}],"about":[{"href":"https:\/\/unomusicsklep.pl\/index.php?rest_route=\/wp\/v2\/types\/product"}],"wp:featuredmedia":[{"embeddable":true,"href":"https:\/\/unomusicsklep.pl\/index.php?rest_route=\/wp\/v2\/media\/2908"}],"wp:attachment":[{"href":"https:\/\/unomusicsklep.pl\/index.php?rest_route=%2Fwp%2Fv2%2Fmedia&parent=2871"}],"wp:term":[{"taxonomy":"product_brand","embeddable":true,"href":"https:\/\/unomusicsklep.pl\/index.php?rest_route=%2Fwp%2Fv2%2Fproduct_brand&post=2871"},{"taxonomy":"product_cat","embeddable":true,"href":"https:\/\/unomusicsklep.pl\/index.php?rest_route=%2Fwp%2Fv2%2Fproduct_cat&post=2871"},{"taxonomy":"product_tag","embeddable":true,"href":"https:\/\/unomusicsklep.pl\/index.php?rest_route=%2Fwp%2Fv2%2Fproduct_tag&post=2871"}],"curies":[{"name":"wp","href":"https:\/\/api.w.org\/{rel}","templated":true}]}}