{"id":2873,"date":"2025-08-14T12:11:35","date_gmt":"2025-08-14T10:11:35","guid":{"rendered":"http:\/\/localhost\/strona%20uno\/wordpress\/?product=zespol-folklorystyczny-pierzchniczanie-jedzie-woz-cz-2"},"modified":"2025-08-21T11:08:20","modified_gmt":"2025-08-21T09:08:20","slug":"zespol-folklorystyczny-pierzchniczanie-jedzie-woz-cz-2","status":"publish","type":"product","link":"https:\/\/unomusicsklep.pl\/?product=zespol-folklorystyczny-pierzchniczanie-jedzie-woz-cz-2","title":{"rendered":"Zesp\u00f3\u0142 folklorystyczny Pierzchniczanie &#8211; Jedzie w\u00f3z cz.2"},"content":{"rendered":"<pre>CD1 (1) Jedzie w\u00f3z, (2) Ro\u015bnie w polu lipa, (3) Oj, siano, siano,(4) Za lasek zielony, \r\n(5) C\u00f3\u017ces Kasiu narobi\u0142a, (6) Mia\u0142am jo gorncorza, (7) Cemu Ty Kasiu w lesie stois, \r\n(8) Polka od \u015aladkowa, (9) Walczyk od Pi\u0144czowa, (10) Jak chodzi\u0142em do dziewczyny,\r\n(11) P\u0142ynie rzeczka, (12) S\u0142oneczko na zachodzie, (13) Walczyk od Miechowa, \r\n(14) Oberek Moja Mary\u015b, (15) Kuku\u0142eczka, (16) W cudowny majowy wiecz\u00f3r, \r\n(17) Krakowiak, (18) Polka od Brzeska, (19) Ch\u0142opaki \u0142apta dziouchy, (20) Krakus stary<\/pre>\n","protected":false},"excerpt":{"rendered":"<p>CD1 (1) Jedzie w\u00f3z, (2) Ro\u015bnie w polu lipa, (3) Oj, siano, siano,(4) Za lasek zielony, (5) C\u00f3\u017ces Kasiu narobi\u0142a, (6) Mia\u0142am jo gorncorza, (7) Cemu Ty Kasiu w lesie stois, (8) Polka od \u015aladkowa, (9) Walczyk od Pi\u0144czowa, (10) Jak chodzi\u0142em do dziewczyny, (11) P\u0142ynie rzeczka, (12) S\u0142oneczko na zachodzie, (13) Walczyk od Miechowa, [&hellip;]<\/p>\n","protected":false},"featured_media":2906,"template":"","meta":{"_acf_changed":false},"product_brand":[98],"product_cat":[77,67],"product_tag":[],"class_list":{"0":"post-2873","1":"product","2":"type-product","3":"status-publish","4":"has-post-thumbnail","6":"product_brand-zespol-folklorystyczny-pierzchniczanie","7":"product_cat-muzyka-biesiadna","8":"product_cat-muzyka-ludowa","10":"first","11":"instock","12":"shipping-taxable","13":"purchasable","14":"product-type-simple"},"acf":[],"jetpack_sharing_enabled":true,"_links":{"self":[{"href":"https:\/\/unomusicsklep.pl\/index.php?rest_route=\/wp\/v2\/product\/2873","targetHints":{"allow":["GET"]}}],"collection":[{"href":"https:\/\/unomusicsklep.pl\/index.php?rest_route=\/wp\/v2\/product"}],"about":[{"href":"https:\/\/unomusicsklep.pl\/index.php?rest_route=\/wp\/v2\/types\/product"}],"wp:featuredmedia":[{"embeddable":true,"href":"https:\/\/unomusicsklep.pl\/index.php?rest_route=\/wp\/v2\/media\/2906"}],"wp:attachment":[{"href":"https:\/\/unomusicsklep.pl\/index.php?rest_route=%2Fwp%2Fv2%2Fmedia&parent=2873"}],"wp:term":[{"taxonomy":"product_brand","embeddable":true,"href":"https:\/\/unomusicsklep.pl\/index.php?rest_route=%2Fwp%2Fv2%2Fproduct_brand&post=2873"},{"taxonomy":"product_cat","embeddable":true,"href":"https:\/\/unomusicsklep.pl\/index.php?rest_route=%2Fwp%2Fv2%2Fproduct_cat&post=2873"},{"taxonomy":"product_tag","embeddable":true,"href":"https:\/\/unomusicsklep.pl\/index.php?rest_route=%2Fwp%2Fv2%2Fproduct_tag&post=2873"}],"curies":[{"name":"wp","href":"https:\/\/api.w.org\/{rel}","templated":true}]}}