{"id":2874,"date":"2025-08-14T12:11:35","date_gmt":"2025-08-14T10:11:35","guid":{"rendered":"http:\/\/localhost\/strona%20uno\/wordpress\/?product=kapela-swietokrzyska-frywolne-przyspiewki-ludowe-i-weselne-cz-3"},"modified":"2025-08-21T11:10:07","modified_gmt":"2025-08-21T09:10:07","slug":"kapela-swietokrzyska-frywolne-przyspiewki-ludowe-i-weselne-cz-3","status":"publish","type":"product","link":"https:\/\/unomusicsklep.pl\/?product=kapela-swietokrzyska-frywolne-przyspiewki-ludowe-i-weselne-cz-3","title":{"rendered":"Kapela \u015awi\u0119tokrzyska &#8211; Frywolne przy\u015bpiewki ludowe i weselne cz.3"},"content":{"rendered":"<pre>Kapela \u015awi\u0119tokrzyska powsta\u0142a w 2002 roku z \r\ninicjatywy Mariana Kwietnia. Zesp\u00f3\u0142 wykonuje mu\r\nzyk\u0119 inspirowan\u0105 tradycjami regionu \u015bwi\u0119tokrzy-\r\nskiego, wzbogacon\u0105 elementami miejskich kapel \r\npodw\u00f3rkowych. Atutem grupy s\u0105 autorskie, trafne i \r\ncz\u0119sto dowcipne teksty Aleksandry Cie\u015blak. Kapela \r\nwyst\u0105pi\u0142a na ponad 200 koncertach, zdobywaj\u0105c \r\nliczne nagrody i uznanie publiczno\u015bci.\r\n\r\nCD1 (1) Oj, jaki ty g\u0142upi by\u0142e\u015b!, (2) Anio\u0142, diabe\u0142 i piwo, (3) Wy\u017cerka, (4) Dla mamy, \r\n(5) Ch\u0142op lebiega, (6) Kokoszka, (7) Trudny wyb\u00f3r, (8) Ziemio Kielecka, (9) Pierzyna, \r\n(10) Pi\u0119kno i rozum, (11) A, nie bij\u017ce Ziemio Kielecka, (12) Dieta, (13) Jaja, \r\n(14) Ch\u0142op w kurniku, (15) Hop, hop, hop, (16) A na zabawie kapela gra<\/pre>\n","protected":false},"excerpt":{"rendered":"<p>Kapela \u015awi\u0119tokrzyska powsta\u0142a w 2002 roku z inicjatywy Mariana Kwietnia. Zesp\u00f3\u0142 wykonuje mu zyk\u0119 inspirowan\u0105 tradycjami regionu \u015bwi\u0119tokrzy- skiego, wzbogacon\u0105 elementami miejskich kapel podw\u00f3rkowych. Atutem grupy s\u0105 autorskie, trafne i cz\u0119sto dowcipne teksty Aleksandry Cie\u015blak. Kapela wyst\u0105pi\u0142a na ponad 200 koncertach, zdobywaj\u0105c liczne nagrody i uznanie publiczno\u015bci. CD1 (1) Oj, jaki ty g\u0142upi by\u0142e\u015b!, (2) [&hellip;]<\/p>\n","protected":false},"featured_media":2905,"template":"","meta":{"_acf_changed":false},"product_brand":[87],"product_cat":[77,67,80],"product_tag":[],"class_list":{"0":"post-2874","1":"product","2":"type-product","3":"status-publish","4":"has-post-thumbnail","6":"product_brand-kapela-swietokrzyska","7":"product_cat-muzyka-biesiadna","8":"product_cat-muzyka-ludowa","9":"product_cat-muzyka-weselna","11":"first","12":"instock","13":"shipping-taxable","14":"purchasable","15":"product-type-simple"},"acf":[],"jetpack_sharing_enabled":true,"_links":{"self":[{"href":"https:\/\/unomusicsklep.pl\/index.php?rest_route=\/wp\/v2\/product\/2874","targetHints":{"allow":["GET"]}}],"collection":[{"href":"https:\/\/unomusicsklep.pl\/index.php?rest_route=\/wp\/v2\/product"}],"about":[{"href":"https:\/\/unomusicsklep.pl\/index.php?rest_route=\/wp\/v2\/types\/product"}],"wp:featuredmedia":[{"embeddable":true,"href":"https:\/\/unomusicsklep.pl\/index.php?rest_route=\/wp\/v2\/media\/2905"}],"wp:attachment":[{"href":"https:\/\/unomusicsklep.pl\/index.php?rest_route=%2Fwp%2Fv2%2Fmedia&parent=2874"}],"wp:term":[{"taxonomy":"product_brand","embeddable":true,"href":"https:\/\/unomusicsklep.pl\/index.php?rest_route=%2Fwp%2Fv2%2Fproduct_brand&post=2874"},{"taxonomy":"product_cat","embeddable":true,"href":"https:\/\/unomusicsklep.pl\/index.php?rest_route=%2Fwp%2Fv2%2Fproduct_cat&post=2874"},{"taxonomy":"product_tag","embeddable":true,"href":"https:\/\/unomusicsklep.pl\/index.php?rest_route=%2Fwp%2Fv2%2Fproduct_tag&post=2874"}],"curies":[{"name":"wp","href":"https:\/\/api.w.org\/{rel}","templated":true}]}}