{"id":2875,"date":"2025-08-14T12:11:35","date_gmt":"2025-08-14T10:11:35","guid":{"rendered":"http:\/\/localhost\/strona%20uno\/wordpress\/?product=kapela-sedziszowianie-kapela-sedziszowianie-cz-1"},"modified":"2025-08-22T17:33:46","modified_gmt":"2025-08-22T15:33:46","slug":"kapela-sedziszowianie-kapela-sedziszowianie-cz-1","status":"publish","type":"product","link":"https:\/\/unomusicsklep.pl\/?product=kapela-sedziszowianie-kapela-sedziszowianie-cz-1","title":{"rendered":"Kapela S\u0119dziszowianie &#8211; Kapela S\u0119dziszowianie cz.1"},"content":{"rendered":"<pre>CD1 (1) Karafio\u0142, (2) Pechowiec meblowy, (3) Jask\u00f3\u0142ka,(4) Um\u00f3wmy si\u0119 na dzi\u015b, \r\n(5) Mi\u0142o\u015b\u0107 i zdrada, (6) Czastuszki, (7) Nie ma Janka, (8) \u017bycie muzykanta, \r\n(9) Polka dreptana, (10) Nitka, (11) Czerwony kwiat, (12) Wakacyjny g\u0142os,\r\n(13) Na morzu burza hula, (14) Nic mnie nie cieszy, (15) \u017bytko, (16) Ach, \u017cycie moje \u017cycie<\/pre>\n","protected":false},"excerpt":{"rendered":"<p>CD1 (1) Karafio\u0142, (2) Pechowiec meblowy, (3) Jask\u00f3\u0142ka,(4) Um\u00f3wmy si\u0119 na dzi\u015b, (5) Mi\u0142o\u015b\u0107 i zdrada, (6) Czastuszki, (7) Nie ma Janka, (8) \u017bycie muzykanta, (9) Polka dreptana, (10) Nitka, (11) Czerwony kwiat, (12) Wakacyjny g\u0142os, (13) Na morzu burza hula, (14) Nic mnie nie cieszy, (15) \u017bytko, (16) Ach, \u017cycie moje \u017cycie<\/p>\n","protected":false},"featured_media":2904,"template":"","meta":{"_acf_changed":false},"product_brand":[99],"product_cat":[77,78,67,80],"product_tag":[],"class_list":{"0":"post-2875","1":"product","2":"type-product","3":"status-publish","4":"has-post-thumbnail","6":"product_brand-kapela-sedziszowianie","7":"product_cat-muzyka-biesiadna","8":"product_cat-muzyka-dance","9":"product_cat-muzyka-ludowa","10":"product_cat-muzyka-weselna","12":"first","13":"instock","14":"shipping-taxable","15":"purchasable","16":"product-type-simple"},"acf":[],"jetpack_sharing_enabled":true,"_links":{"self":[{"href":"https:\/\/unomusicsklep.pl\/index.php?rest_route=\/wp\/v2\/product\/2875","targetHints":{"allow":["GET"]}}],"collection":[{"href":"https:\/\/unomusicsklep.pl\/index.php?rest_route=\/wp\/v2\/product"}],"about":[{"href":"https:\/\/unomusicsklep.pl\/index.php?rest_route=\/wp\/v2\/types\/product"}],"wp:featuredmedia":[{"embeddable":true,"href":"https:\/\/unomusicsklep.pl\/index.php?rest_route=\/wp\/v2\/media\/2904"}],"wp:attachment":[{"href":"https:\/\/unomusicsklep.pl\/index.php?rest_route=%2Fwp%2Fv2%2Fmedia&parent=2875"}],"wp:term":[{"taxonomy":"product_brand","embeddable":true,"href":"https:\/\/unomusicsklep.pl\/index.php?rest_route=%2Fwp%2Fv2%2Fproduct_brand&post=2875"},{"taxonomy":"product_cat","embeddable":true,"href":"https:\/\/unomusicsklep.pl\/index.php?rest_route=%2Fwp%2Fv2%2Fproduct_cat&post=2875"},{"taxonomy":"product_tag","embeddable":true,"href":"https:\/\/unomusicsklep.pl\/index.php?rest_route=%2Fwp%2Fv2%2Fproduct_tag&post=2875"}],"curies":[{"name":"wp","href":"https:\/\/api.w.org\/{rel}","templated":true}]}}