{"id":2876,"date":"2025-08-14T12:11:35","date_gmt":"2025-08-14T10:11:35","guid":{"rendered":"http:\/\/localhost\/strona%20uno\/wordpress\/?product=kapela-jedrzej-jedrzej-slozalec-i-pierwsi-jedrzej-cz-4"},"modified":"2025-08-21T11:16:25","modified_gmt":"2025-08-21T09:16:25","slug":"kapela-jedrzej-jedrzej-slozalec-i-pierwsi-jedrzej-cz-4","status":"publish","type":"product","link":"https:\/\/unomusicsklep.pl\/?product=kapela-jedrzej-jedrzej-slozalec-i-pierwsi-jedrzej-cz-4","title":{"rendered":"Kapela J\u0119drzej &#8211; J\u0119drzej S\u0142\u00f3\u017calec i Pierwsi J\u0119drzej cz.4"},"content":{"rendered":"<pre>Kapela J\u0119drzej - znanego solisty - Andrzeja \r\nS\u0142\u00f3\u017calca zawiera w swojej muzyce tradycje technicznego \r\nsposobu grania muzyki ludowej z regionu \r\nJ\u0119drzejowskiego. Andrzej S\u0142\u00f3\u017calec to prawdziwy \r\nmi\u0142o\u015bnik muzyki ludowej. Zawsze dobiera\u0142 sobie \r\nznakomitych instrumentalist\u00f3w, kt\u00f3zy grali i \r\nuczyli si\u0119 fachu od takich legend jak: . Ta p\u0142yta \r\njest uk\u0142onem w kierunku muzyki tanecznej granej na \r\nweselach i zabawach.\r\n\r\nCD1 (1) Smutna dola kawalera, (2) Mia\u0142em dziewcz\u0119 z miasta, (3) Polka Zarzyckiego, \r\n(4) Oberek zawijany, (5) Jednego wszyscy pragniemy, (5) Jednego wszyscy pragniemy, \r\n(6) Kuku\u0142ka, (7) Gdy wracam z pracy, (8) Oberek Blicharskiego, (9) Krakowiak do\u017cynkowy, \r\n(10) Przez to jare \u017cytko, (11) Winogrady, (12) Bardzo mi smutno, (13) Po morzu fali, \r\n(14) Polka Edwarda, (15) Dziewczyno mi\u0142a, (16) Polka techniczna<\/pre>\n","protected":false},"excerpt":{"rendered":"<p>Kapela J\u0119drzej &#8211; znanego solisty &#8211; Andrzeja S\u0142\u00f3\u017calca zawiera w swojej muzyce tradycje technicznego sposobu grania muzyki ludowej z regionu J\u0119drzejowskiego. Andrzej S\u0142\u00f3\u017calec to prawdziwy mi\u0142o\u015bnik muzyki ludowej. Zawsze dobiera\u0142 sobie znakomitych instrumentalist\u00f3w, kt\u00f3zy grali i uczyli si\u0119 fachu od takich legend jak: . Ta p\u0142yta jest uk\u0142onem w kierunku muzyki tanecznej granej na weselach [&hellip;]<\/p>\n","protected":false},"featured_media":2903,"template":"","meta":{"_acf_changed":false},"product_brand":[100],"product_cat":[77,67,80],"product_tag":[],"class_list":{"0":"post-2876","1":"product","2":"type-product","3":"status-publish","4":"has-post-thumbnail","6":"product_brand-kapela-jedrzej","7":"product_cat-muzyka-biesiadna","8":"product_cat-muzyka-ludowa","9":"product_cat-muzyka-weselna","11":"first","12":"instock","13":"shipping-taxable","14":"purchasable","15":"product-type-simple"},"acf":[],"jetpack_sharing_enabled":true,"_links":{"self":[{"href":"https:\/\/unomusicsklep.pl\/index.php?rest_route=\/wp\/v2\/product\/2876","targetHints":{"allow":["GET"]}}],"collection":[{"href":"https:\/\/unomusicsklep.pl\/index.php?rest_route=\/wp\/v2\/product"}],"about":[{"href":"https:\/\/unomusicsklep.pl\/index.php?rest_route=\/wp\/v2\/types\/product"}],"wp:featuredmedia":[{"embeddable":true,"href":"https:\/\/unomusicsklep.pl\/index.php?rest_route=\/wp\/v2\/media\/2903"}],"wp:attachment":[{"href":"https:\/\/unomusicsklep.pl\/index.php?rest_route=%2Fwp%2Fv2%2Fmedia&parent=2876"}],"wp:term":[{"taxonomy":"product_brand","embeddable":true,"href":"https:\/\/unomusicsklep.pl\/index.php?rest_route=%2Fwp%2Fv2%2Fproduct_brand&post=2876"},{"taxonomy":"product_cat","embeddable":true,"href":"https:\/\/unomusicsklep.pl\/index.php?rest_route=%2Fwp%2Fv2%2Fproduct_cat&post=2876"},{"taxonomy":"product_tag","embeddable":true,"href":"https:\/\/unomusicsklep.pl\/index.php?rest_route=%2Fwp%2Fv2%2Fproduct_tag&post=2876"}],"curies":[{"name":"wp","href":"https:\/\/api.w.org\/{rel}","templated":true}]}}