{"id":2877,"date":"2025-08-14T12:11:36","date_gmt":"2025-08-14T10:11:36","guid":{"rendered":"http:\/\/localhost\/strona%20uno\/wordpress\/?product=zespol-weselny-vokall-baba-laga-cz-2"},"modified":"2025-08-21T11:16:24","modified_gmt":"2025-08-21T09:16:24","slug":"zespol-weselny-vokall-baba-laga-cz-2","status":"publish","type":"product","link":"https:\/\/unomusicsklep.pl\/?product=zespol-weselny-vokall-baba-laga-cz-2","title":{"rendered":"Zesp\u00f3\u0142 weselny Vokall &#8211; Baba \u0142aga cz.2"},"content":{"rendered":"<pre>CD1 (1) Baba Jaga, (2) Skowroneczek, (3) Weselne wspomnienie, (4) Nie \u017ce\u0144 si\u0119 ch\u0142opie, \r\n(5) \u015apiewka o te\u015bciowej, (6) Ci\u0119\u017ckie \u017cycie kawalera (7) Hej! Sandomierz na g\u00f3rze, \r\n(8) \u015awiat\u00f3wa, (9) Pisali ch\u0142opcy do Rzymu, (10) Hej, hola hola, (11) Pas i mundur, \r\n(12) Helenko otw\u00f3rz okienko, (13) Janek, (14) Rac\u0142awice, (15) Oberek od Sandomierza, \r\n(16) Czardasz<\/pre>\n","protected":false},"excerpt":{"rendered":"<p>CD1 (1) Baba Jaga, (2) Skowroneczek, (3) Weselne wspomnienie, (4) Nie \u017ce\u0144 si\u0119 ch\u0142opie, (5) \u015apiewka o te\u015bciowej, (6) Ci\u0119\u017ckie \u017cycie kawalera (7) Hej! Sandomierz na g\u00f3rze, (8) \u015awiat\u00f3wa, (9) Pisali ch\u0142opcy do Rzymu, (10) Hej, hola hola, (11) Pas i mundur, (12) Helenko otw\u00f3rz okienko, (13) Janek, (14) Rac\u0142awice, (15) Oberek od Sandomierza, (16) [&hellip;]<\/p>\n","protected":false},"featured_media":2902,"template":"","meta":{"_acf_changed":false},"product_brand":[101],"product_cat":[77,67],"product_tag":[],"class_list":{"0":"post-2877","1":"product","2":"type-product","3":"status-publish","4":"has-post-thumbnail","6":"product_brand-zespol-weselny-vokall","7":"product_cat-muzyka-biesiadna","8":"product_cat-muzyka-ludowa","10":"first","11":"instock","12":"shipping-taxable","13":"purchasable","14":"product-type-simple"},"acf":[],"jetpack_sharing_enabled":true,"_links":{"self":[{"href":"https:\/\/unomusicsklep.pl\/index.php?rest_route=\/wp\/v2\/product\/2877","targetHints":{"allow":["GET"]}}],"collection":[{"href":"https:\/\/unomusicsklep.pl\/index.php?rest_route=\/wp\/v2\/product"}],"about":[{"href":"https:\/\/unomusicsklep.pl\/index.php?rest_route=\/wp\/v2\/types\/product"}],"wp:featuredmedia":[{"embeddable":true,"href":"https:\/\/unomusicsklep.pl\/index.php?rest_route=\/wp\/v2\/media\/2902"}],"wp:attachment":[{"href":"https:\/\/unomusicsklep.pl\/index.php?rest_route=%2Fwp%2Fv2%2Fmedia&parent=2877"}],"wp:term":[{"taxonomy":"product_brand","embeddable":true,"href":"https:\/\/unomusicsklep.pl\/index.php?rest_route=%2Fwp%2Fv2%2Fproduct_brand&post=2877"},{"taxonomy":"product_cat","embeddable":true,"href":"https:\/\/unomusicsklep.pl\/index.php?rest_route=%2Fwp%2Fv2%2Fproduct_cat&post=2877"},{"taxonomy":"product_tag","embeddable":true,"href":"https:\/\/unomusicsklep.pl\/index.php?rest_route=%2Fwp%2Fv2%2Fproduct_tag&post=2877"}],"curies":[{"name":"wp","href":"https:\/\/api.w.org\/{rel}","templated":true}]}}