{"id":2878,"date":"2025-08-14T12:11:36","date_gmt":"2025-08-14T10:11:36","guid":{"rendered":"http:\/\/localhost\/strona%20uno\/wordpress\/?product=zespol-impress-bango-bango"},"modified":"2025-08-22T17:33:58","modified_gmt":"2025-08-22T15:33:58","slug":"zespol-impress-bango-bango","status":"publish","type":"product","link":"https:\/\/unomusicsklep.pl\/?product=zespol-impress-bango-bango","title":{"rendered":"Zesp\u00f3\u0142 IMPRESS &#8211; Bango Bango"},"content":{"rendered":"<pre> IMPRESS to zesp\u00f3\u0142 muzyczny z S\u0119dziszowic w \r\nwojew\u00f3dztwie \u015bwi\u0119tokrzyskim, kt\u00f3rego liderem \r\ni za\u0142o\u017cycielem jest Jaros\u0142aw Nied\u017awied\u017a. Grupa \r\nspecjalizuje si\u0119 w muzyce tanecznej, disco polo oraz \r\npopularnych polskich i zagranicznych coverach. \r\nImpress powsta\u0142 jako zesp\u00f3\u0142 weselny, a obecnie \r\nregularnie gra koncerty, zapewniaj\u0105c profesjonalne \r\nnag\u0142o\u015bnienie, w\u0142asne aran\u017cacje i szeroki repertuar. \r\nJaros\u0142aw Nied\u017awied\u017a odpowiada za muzyk\u0119, aran\u017ca-\r\ncj\u0119 oraz realizacj\u0119 nagra\u0144 zespo\u0142u\r\n\r\nCD1 (1) Bango, bango, (2) Hej, dziewczyno, (3) Ja nie lubi\u0119 samotno\u015bci, \r\n(4) Mi\u0119dzy nami wielki mur, (5) Nastolatka, (6) \u0106ma, (7) Zata\u0144czmy jeszcze raz, \r\n(8) 12 Anio\u0142k\u00f3w, (9) Czemu, czemu, (10) Jola, (11) Ju\u017c nie kocham Ciebie, \r\n(12) Kapliczka, (13) Marzenia, (14) Rio de Janeiro,  (15) Krasnoludek<\/pre>\n","protected":false},"excerpt":{"rendered":"<p>IMPRESS to zesp\u00f3\u0142 muzyczny z S\u0119dziszowic w wojew\u00f3dztwie \u015bwi\u0119tokrzyskim, kt\u00f3rego liderem i za\u0142o\u017cycielem jest Jaros\u0142aw Nied\u017awied\u017a. Grupa specjalizuje si\u0119 w muzyce tanecznej, disco polo oraz popularnych polskich i zagranicznych coverach. Impress powsta\u0142 jako zesp\u00f3\u0142 weselny, a obecnie regularnie gra koncerty, zapewniaj\u0105c profesjonalne nag\u0142o\u015bnienie, w\u0142asne aran\u017cacje i szeroki repertuar. Jaros\u0142aw Nied\u017awied\u017a odpowiada za muzyk\u0119, aran\u017ca- cj\u0119 [&hellip;]<\/p>\n","protected":false},"featured_media":2901,"template":"","meta":{"_acf_changed":false},"product_brand":[102],"product_cat":[77,78,80],"product_tag":[],"class_list":{"0":"post-2878","1":"product","2":"type-product","3":"status-publish","4":"has-post-thumbnail","6":"product_brand-zespol-impress","7":"product_cat-muzyka-biesiadna","8":"product_cat-muzyka-dance","9":"product_cat-muzyka-weselna","11":"first","12":"instock","13":"shipping-taxable","14":"purchasable","15":"product-type-simple"},"acf":[],"jetpack_sharing_enabled":true,"_links":{"self":[{"href":"https:\/\/unomusicsklep.pl\/index.php?rest_route=\/wp\/v2\/product\/2878","targetHints":{"allow":["GET"]}}],"collection":[{"href":"https:\/\/unomusicsklep.pl\/index.php?rest_route=\/wp\/v2\/product"}],"about":[{"href":"https:\/\/unomusicsklep.pl\/index.php?rest_route=\/wp\/v2\/types\/product"}],"wp:featuredmedia":[{"embeddable":true,"href":"https:\/\/unomusicsklep.pl\/index.php?rest_route=\/wp\/v2\/media\/2901"}],"wp:attachment":[{"href":"https:\/\/unomusicsklep.pl\/index.php?rest_route=%2Fwp%2Fv2%2Fmedia&parent=2878"}],"wp:term":[{"taxonomy":"product_brand","embeddable":true,"href":"https:\/\/unomusicsklep.pl\/index.php?rest_route=%2Fwp%2Fv2%2Fproduct_brand&post=2878"},{"taxonomy":"product_cat","embeddable":true,"href":"https:\/\/unomusicsklep.pl\/index.php?rest_route=%2Fwp%2Fv2%2Fproduct_cat&post=2878"},{"taxonomy":"product_tag","embeddable":true,"href":"https:\/\/unomusicsklep.pl\/index.php?rest_route=%2Fwp%2Fv2%2Fproduct_tag&post=2878"}],"curies":[{"name":"wp","href":"https:\/\/api.w.org\/{rel}","templated":true}]}}