{"id":2879,"date":"2025-08-14T12:11:36","date_gmt":"2025-08-14T10:11:36","guid":{"rendered":"http:\/\/localhost\/strona%20uno\/wordpress\/?product=kapela-helios-kapela-weselna-z-sedziszowa-helios-cz-2"},"modified":"2025-08-21T11:18:47","modified_gmt":"2025-08-21T09:18:47","slug":"kapela-helios-kapela-weselna-z-sedziszowa-helios-cz-2","status":"publish","type":"product","link":"https:\/\/unomusicsklep.pl\/?product=kapela-helios-kapela-weselna-z-sedziszowa-helios-cz-2","title":{"rendered":"Kapela HELIOS &#8211; Kapela weselna z S\u0119dziszowa Helios cz.2"},"content":{"rendered":"<pre>Kapela Helios pochodzi z S\u0119dziszowa. Jej liderem \r\ni g\u0142\u00f3wnym tw\u00f3rc\u0105 jest akordeonista i klawiszo\r\nwiec Ryszard Kowalkowski, autor wi\u0119kszo\u015bci \r\ntekst\u00f3w oraz nazwy zespo\u0142u. Helios gra od lat \r\n80., \u0142\u0105cz\u0105c muzyk\u0119 taneczn\u0105 i lokalny folklor \r\nregionu s\u0119dziszowskiego, tworz\u0105c oryginalny i \r\nrozpoznawalny styl.\r\n\r\nCD1 (1) Samotne serce, (2) Pepita, (3) B\u0119dzie hit!, (4) Karabin Jelcyna,\r\n(5) Kawalerska noc, (6) Zaloty, (7) Polka kapeli, (8) Ten nasz kraj, \r\n(9) Polka Kielecczanka, (10) Marsz nr 1, (11) Stracona szansa, (12) Jestem S\u0119dziszowianin, \r\n(13) Studencka dola, (14) M\u00f3j Cygan, (15) Poca\u0142uj mnie m\u00f3j kochany, (16) Oberek, (17) Marsz nr 2<\/pre>\n","protected":false},"excerpt":{"rendered":"<p>Kapela Helios pochodzi z S\u0119dziszowa. Jej liderem i g\u0142\u00f3wnym tw\u00f3rc\u0105 jest akordeonista i klawiszo wiec Ryszard Kowalkowski, autor wi\u0119kszo\u015bci tekst\u00f3w oraz nazwy zespo\u0142u. Helios gra od lat 80., \u0142\u0105cz\u0105c muzyk\u0119 taneczn\u0105 i lokalny folklor regionu s\u0119dziszowskiego, tworz\u0105c oryginalny i rozpoznawalny styl. CD1 (1) Samotne serce, (2) Pepita, (3) B\u0119dzie hit!, (4) Karabin Jelcyna, (5) Kawalerska [&hellip;]<\/p>\n","protected":false},"featured_media":2899,"template":"","meta":{"_acf_changed":false},"product_brand":[103],"product_cat":[77,67,80],"product_tag":[],"class_list":{"0":"post-2879","1":"product","2":"type-product","3":"status-publish","4":"has-post-thumbnail","6":"product_brand-kapela-helios","7":"product_cat-muzyka-biesiadna","8":"product_cat-muzyka-ludowa","9":"product_cat-muzyka-weselna","11":"first","12":"instock","13":"shipping-taxable","14":"purchasable","15":"product-type-simple"},"acf":[],"jetpack_sharing_enabled":true,"_links":{"self":[{"href":"https:\/\/unomusicsklep.pl\/index.php?rest_route=\/wp\/v2\/product\/2879","targetHints":{"allow":["GET"]}}],"collection":[{"href":"https:\/\/unomusicsklep.pl\/index.php?rest_route=\/wp\/v2\/product"}],"about":[{"href":"https:\/\/unomusicsklep.pl\/index.php?rest_route=\/wp\/v2\/types\/product"}],"wp:featuredmedia":[{"embeddable":true,"href":"https:\/\/unomusicsklep.pl\/index.php?rest_route=\/wp\/v2\/media\/2899"}],"wp:attachment":[{"href":"https:\/\/unomusicsklep.pl\/index.php?rest_route=%2Fwp%2Fv2%2Fmedia&parent=2879"}],"wp:term":[{"taxonomy":"product_brand","embeddable":true,"href":"https:\/\/unomusicsklep.pl\/index.php?rest_route=%2Fwp%2Fv2%2Fproduct_brand&post=2879"},{"taxonomy":"product_cat","embeddable":true,"href":"https:\/\/unomusicsklep.pl\/index.php?rest_route=%2Fwp%2Fv2%2Fproduct_cat&post=2879"},{"taxonomy":"product_tag","embeddable":true,"href":"https:\/\/unomusicsklep.pl\/index.php?rest_route=%2Fwp%2Fv2%2Fproduct_tag&post=2879"}],"curies":[{"name":"wp","href":"https:\/\/api.w.org\/{rel}","templated":true}]}}