{"id":2880,"date":"2025-08-14T12:11:36","date_gmt":"2025-08-14T10:11:36","guid":{"rendered":"http:\/\/localhost\/strona%20uno\/wordpress\/?product=kapela-miroslawa-piasteckiego-kapela-ludowa-stanislawa-piasteckiego-z-pozytywami"},"modified":"2025-08-21T11:18:38","modified_gmt":"2025-08-21T09:18:38","slug":"kapela-miroslawa-piasteckiego-kapela-ludowa-stanislawa-piasteckiego-z-pozytywami","status":"publish","type":"product","link":"https:\/\/unomusicsklep.pl\/?product=kapela-miroslawa-piasteckiego-kapela-ludowa-stanislawa-piasteckiego-z-pozytywami","title":{"rendered":"Kapela Miros\u0142awa Piasteckiego &#8211; Kapela ludowa Stanis\u0142awa Piasteckiego z pozytywami"},"content":{"rendered":"<pre>CD1 (1) Polka Kazika, (2) Polka Kawalerska, (3) Walc \u2013 Gdy \u017cegna\u0142em rodzinny dom, \r\n(4) Polka Kryzys\u00f3wka, (5) Oberek z Sie\u0144ska, (6) Polka Gziocha, (7) Walc \u2013 W zielonym gaiku, \r\n(8) Oberek J\u0119drzejowski, (9) Polka Techniczna, (10) Oberek S\u0119dziszowski, (11) Polka Traktorzysty\r\n(12) Walc \u2013 Pod jednym dachem, (13) Polka z Opatkowic, (14) Polka \u2013 Wraca\u0142em z wesela, (15) Walc \u2013 Matulu moja, \r\n(16) Jestem ch\u0142opak z Potoka, (17) Polka Niedzielna, (18) Marsz \u2013 T\u0119sknota<\/pre>\n","protected":false},"excerpt":{"rendered":"<p>CD1 (1) Polka Kazika, (2) Polka Kawalerska, (3) Walc \u2013 Gdy \u017cegna\u0142em rodzinny dom, (4) Polka Kryzys\u00f3wka, (5) Oberek z Sie\u0144ska, (6) Polka Gziocha, (7) Walc \u2013 W zielonym gaiku, (8) Oberek J\u0119drzejowski, (9) Polka Techniczna, (10) Oberek S\u0119dziszowski, (11) Polka Traktorzysty (12) Walc \u2013 Pod jednym dachem, (13) Polka z Opatkowic, (14) Polka \u2013 [&hellip;]<\/p>\n","protected":false},"featured_media":2898,"template":"","meta":{"_acf_changed":false},"product_brand":[104],"product_cat":[77,67,80],"product_tag":[],"class_list":{"0":"post-2880","1":"product","2":"type-product","3":"status-publish","4":"has-post-thumbnail","6":"product_brand-kapela-miroslawa-piasteckiego","7":"product_cat-muzyka-biesiadna","8":"product_cat-muzyka-ludowa","9":"product_cat-muzyka-weselna","11":"first","12":"instock","13":"shipping-taxable","14":"purchasable","15":"product-type-simple"},"acf":[],"jetpack_sharing_enabled":true,"_links":{"self":[{"href":"https:\/\/unomusicsklep.pl\/index.php?rest_route=\/wp\/v2\/product\/2880","targetHints":{"allow":["GET"]}}],"collection":[{"href":"https:\/\/unomusicsklep.pl\/index.php?rest_route=\/wp\/v2\/product"}],"about":[{"href":"https:\/\/unomusicsklep.pl\/index.php?rest_route=\/wp\/v2\/types\/product"}],"wp:featuredmedia":[{"embeddable":true,"href":"https:\/\/unomusicsklep.pl\/index.php?rest_route=\/wp\/v2\/media\/2898"}],"wp:attachment":[{"href":"https:\/\/unomusicsklep.pl\/index.php?rest_route=%2Fwp%2Fv2%2Fmedia&parent=2880"}],"wp:term":[{"taxonomy":"product_brand","embeddable":true,"href":"https:\/\/unomusicsklep.pl\/index.php?rest_route=%2Fwp%2Fv2%2Fproduct_brand&post=2880"},{"taxonomy":"product_cat","embeddable":true,"href":"https:\/\/unomusicsklep.pl\/index.php?rest_route=%2Fwp%2Fv2%2Fproduct_cat&post=2880"},{"taxonomy":"product_tag","embeddable":true,"href":"https:\/\/unomusicsklep.pl\/index.php?rest_route=%2Fwp%2Fv2%2Fproduct_tag&post=2880"}],"curies":[{"name":"wp","href":"https:\/\/api.w.org\/{rel}","templated":true}]}}