{"id":2881,"date":"2025-08-14T12:11:37","date_gmt":"2025-08-14T10:11:37","guid":{"rendered":"http:\/\/localhost\/strona%20uno\/wordpress\/?product=kapela-ludowa-andrusy-andrusy-cz-1"},"modified":"2025-08-22T17:32:22","modified_gmt":"2025-08-22T15:32:22","slug":"kapela-ludowa-andrusy-andrusy-cz-1","status":"publish","type":"product","link":"https:\/\/unomusicsklep.pl\/?product=kapela-ludowa-andrusy-andrusy-cz-1","title":{"rendered":"Kapela ludowa Andrusy &#8211; Andrusy cz.1"},"content":{"rendered":"<pre>Kapela Andrusy przywo\u0142uje klimat dawnych prodmiejskich zabaw, \r\nmaj\u00f3wek i wesel, graj\u0105c na tr\u0105bce, klarnecie, akordeonie i \r\nsaksofonie. Ich muzyka \u0142\u0105czy autentyczne umiej\u0119tno\u015bci z \r\npasj\u0105. Zapewniaj\u0105 rado\u015b\u0107 i znakomit\u0105 atmosfer\u0119.\r\n\r\nCD1 1) Polka Andrusowska, (2) Czyja ta dziewczyna, (3) Foxtrot od Ciekot, \r\n(4) Walczyk \u2013 W ogrodzie, (5) Cygan, (6) Masz w sobie co\u015b, (7) \u015awi\u0119ta Madonna, \r\n(8) Oberek od Zofi\u00f3wki, (9) Mia\u0142em wod\u0119 w jezioreczku, (10) Cnota, \r\n(11) Andrusowski bank, (12) Szariko Mariko, (13) Oberek Wolskiego, (14) Lipka, \r\n(15) R\u0105banka Andrusowska,(16) Wie\u017a mnie koniku, wie\u017a<\/pre>\n","protected":false},"excerpt":{"rendered":"<p>Kapela Andrusy przywo\u0142uje klimat dawnych prodmiejskich zabaw, maj\u00f3wek i wesel, graj\u0105c na tr\u0105bce, klarnecie, akordeonie i saksofonie. Ich muzyka \u0142\u0105czy autentyczne umiej\u0119tno\u015bci z pasj\u0105. Zapewniaj\u0105 rado\u015b\u0107 i znakomit\u0105 atmosfer\u0119. CD1 1) Polka Andrusowska, (2) Czyja ta dziewczyna, (3) Foxtrot od Ciekot, (4) Walczyk \u2013 W ogrodzie, (5) Cygan, (6) Masz w sobie co\u015b, (7) \u015awi\u0119ta [&hellip;]<\/p>\n","protected":false},"featured_media":2896,"template":"","meta":{"_acf_changed":false},"product_brand":[105],"product_cat":[77,67,80],"product_tag":[],"class_list":{"0":"post-2881","1":"product","2":"type-product","3":"status-publish","4":"has-post-thumbnail","6":"product_brand-kapela-ludowa-andrusy","7":"product_cat-muzyka-biesiadna","8":"product_cat-muzyka-ludowa","9":"product_cat-muzyka-weselna","11":"first","12":"instock","13":"shipping-taxable","14":"purchasable","15":"product-type-simple"},"acf":[],"jetpack_sharing_enabled":true,"_links":{"self":[{"href":"https:\/\/unomusicsklep.pl\/index.php?rest_route=\/wp\/v2\/product\/2881","targetHints":{"allow":["GET"]}}],"collection":[{"href":"https:\/\/unomusicsklep.pl\/index.php?rest_route=\/wp\/v2\/product"}],"about":[{"href":"https:\/\/unomusicsklep.pl\/index.php?rest_route=\/wp\/v2\/types\/product"}],"wp:featuredmedia":[{"embeddable":true,"href":"https:\/\/unomusicsklep.pl\/index.php?rest_route=\/wp\/v2\/media\/2896"}],"wp:attachment":[{"href":"https:\/\/unomusicsklep.pl\/index.php?rest_route=%2Fwp%2Fv2%2Fmedia&parent=2881"}],"wp:term":[{"taxonomy":"product_brand","embeddable":true,"href":"https:\/\/unomusicsklep.pl\/index.php?rest_route=%2Fwp%2Fv2%2Fproduct_brand&post=2881"},{"taxonomy":"product_cat","embeddable":true,"href":"https:\/\/unomusicsklep.pl\/index.php?rest_route=%2Fwp%2Fv2%2Fproduct_cat&post=2881"},{"taxonomy":"product_tag","embeddable":true,"href":"https:\/\/unomusicsklep.pl\/index.php?rest_route=%2Fwp%2Fv2%2Fproduct_tag&post=2881"}],"curies":[{"name":"wp","href":"https:\/\/api.w.org\/{rel}","templated":true}]}}