{"id":2882,"date":"2025-08-14T12:11:37","date_gmt":"2025-08-14T10:11:37","guid":{"rendered":"http:\/\/localhost\/strona%20uno\/wordpress\/?product=kapela-weselna-stanislawa-malickiego-kapela-weselna-stanislawa-malickiego-cz-3"},"modified":"2025-08-21T11:25:58","modified_gmt":"2025-08-21T09:25:58","slug":"kapela-weselna-stanislawa-malickiego-kapela-weselna-stanislawa-malickiego-cz-3","status":"publish","type":"product","link":"https:\/\/unomusicsklep.pl\/?product=kapela-weselna-stanislawa-malickiego-kapela-weselna-stanislawa-malickiego-cz-3","title":{"rendered":"Kapela Weselna Stanis\u0142awa Malickiego &#8211; Kapela Weselna Stanis\u0142awa Malickiego cz.3"},"content":{"rendered":"<pre>Kapela Stanis\u0142awa Malickiego to do\u015bwiadczony \r\nzesp\u00f3\u0142 z bogatym dorobkiem, \u0142\u0105cz\u0105cy wokalne i \r\ninstrumentalne talenty. Lider, Stanis\u0142aw Malicki, \r\nodpowiada za teksty i \u015bpiew, pokazuj\u0105c r\u00f3wnie\u017c \r\nkunszt gry na akordeonie. Na tej p\u0142ycie mo\u017cemy us\u0142ysze\u0107 tak\u017ce g\u0142os Gustawa Harasia.\r\nCD1 (1) Jedzie traktorzysta, (2) Weso\u0142a babka, (3) Raz ta\u0144czy\u0142em z pann\u0105 walca, \r\n(4) Pole moje pole, (5) Polka gwizdana (instrumentalna), (6) Chcia\u0142o si\u0119 Kasi jag\u00f3dek, \r\n(7) Polka Wariatka, (8) Gdy dwadzie\u015bcia latek mia\u0142em, (9) Nie bierz panny z miasta, \r\n(10) W Desznie na zabawie, (11) Polka Kuminiorze, (12) Czterdzi\u015bci kasztan\u00f3w, \r\n(13) Wiosenne s\u0142o\u0144ce grza\u0142o, (14) Jak si\u0119 spa\u0107 po\u0142o\u017cysz, (15) Walc Mr\u00f3wki, \r\n(16) Marsz Wyprowadzany (instrumentalny)<\/pre>\n","protected":false},"excerpt":{"rendered":"<p>Kapela Stanis\u0142awa Malickiego to do\u015bwiadczony zesp\u00f3\u0142 z bogatym dorobkiem, \u0142\u0105cz\u0105cy wokalne i instrumentalne talenty. Lider, Stanis\u0142aw Malicki, odpowiada za teksty i \u015bpiew, pokazuj\u0105c r\u00f3wnie\u017c kunszt gry na akordeonie. Na tej p\u0142ycie mo\u017cemy us\u0142ysze\u0107 tak\u017ce g\u0142os Gustawa Harasia. CD1 (1) Jedzie traktorzysta, (2) Weso\u0142a babka, (3) Raz ta\u0144czy\u0142em z pann\u0105 walca, (4) Pole moje pole, (5) [&hellip;]<\/p>\n","protected":false},"featured_media":2893,"template":"","meta":{"_acf_changed":false},"product_brand":[90],"product_cat":[77,67,80],"product_tag":[],"class_list":{"0":"post-2882","1":"product","2":"type-product","3":"status-publish","4":"has-post-thumbnail","6":"product_brand-kapela-weselna-stanislawa-malickiego","7":"product_cat-muzyka-biesiadna","8":"product_cat-muzyka-ludowa","9":"product_cat-muzyka-weselna","11":"first","12":"instock","13":"shipping-taxable","14":"purchasable","15":"product-type-simple"},"acf":[],"jetpack_sharing_enabled":true,"_links":{"self":[{"href":"https:\/\/unomusicsklep.pl\/index.php?rest_route=\/wp\/v2\/product\/2882","targetHints":{"allow":["GET"]}}],"collection":[{"href":"https:\/\/unomusicsklep.pl\/index.php?rest_route=\/wp\/v2\/product"}],"about":[{"href":"https:\/\/unomusicsklep.pl\/index.php?rest_route=\/wp\/v2\/types\/product"}],"wp:featuredmedia":[{"embeddable":true,"href":"https:\/\/unomusicsklep.pl\/index.php?rest_route=\/wp\/v2\/media\/2893"}],"wp:attachment":[{"href":"https:\/\/unomusicsklep.pl\/index.php?rest_route=%2Fwp%2Fv2%2Fmedia&parent=2882"}],"wp:term":[{"taxonomy":"product_brand","embeddable":true,"href":"https:\/\/unomusicsklep.pl\/index.php?rest_route=%2Fwp%2Fv2%2Fproduct_brand&post=2882"},{"taxonomy":"product_cat","embeddable":true,"href":"https:\/\/unomusicsklep.pl\/index.php?rest_route=%2Fwp%2Fv2%2Fproduct_cat&post=2882"},{"taxonomy":"product_tag","embeddable":true,"href":"https:\/\/unomusicsklep.pl\/index.php?rest_route=%2Fwp%2Fv2%2Fproduct_tag&post=2882"}],"curies":[{"name":"wp","href":"https:\/\/api.w.org\/{rel}","templated":true}]}}