{"id":2883,"date":"2025-08-14T12:11:39","date_gmt":"2025-08-14T10:11:39","guid":{"rendered":"http:\/\/localhost\/strona%20uno\/wordpress\/?product=zespol-strazacki-pelcyznczanie-biesiada-strazacka-strazaczy-na-wesolo-cz-1"},"modified":"2025-08-22T17:31:30","modified_gmt":"2025-08-22T15:31:30","slug":"zespol-strazacki-pelcyznczanie-biesiada-strazacka-strazaczy-na-wesolo-cz-1","status":"publish","type":"product","link":"https:\/\/unomusicsklep.pl\/?product=zespol-strazacki-pelcyznczanie-biesiada-strazacka-strazaczy-na-wesolo-cz-1","title":{"rendered":"Zesp\u00f3\u0142 Stra\u017cacki Pe\u0142czyszczanie &#8211; Biesiada stra\u017cacka stra\u017cacy na weso\u0142o cz.1"},"content":{"rendered":"<pre>Pe\u0142czyszczanie to zesp\u00f3\u0142 stra\u017cacki powsta\u0142y w 2002 roku \r\nz cz\u0142onk\u00f3w OSP Pe\u0142czyska. Mog\u0105 pochwali\u0107 si\u0119 wieloma \r\nwyst\u0119pami w kraju i za granic\u0105, nagrali p\u0142yt\u0119, a ich \r\nrepertuar prezentuje uroki regionu Ponidzia. S\u0105 jedyn\u0105 \r\ntak\u0105 formacj\u0105 ochotniczych stra\u017cak\u00f3w w Polsce\r\n\r\nCD1 (1) Walczyk wiagra, (2) Jak\u017cem szed\u0142 na grani\u0119, (3) Cyganeczka Zosia, (4) Ja do lasu nie pojad\u0119, \r\n(5) Pami\u0119\u0107 o Ponidziu, (6) Na dworze ciemno, (7) Walczyk Ponidzie, (8) Wieczne Ponidzie, \r\n(9) Z tamtej strony Nidy, (10) Po morzu fali, (11) W\u015br\u00f3d g\u00f3r skalistych, (12) Hej! Bystra woda, \r\n(13) Bia\u0142e \u0142ab\u0119dzie, (14) Walczyk stra\u017cacki, (15) Zagraj mi pi\u0119kny Cyganie<\/pre>\n","protected":false},"excerpt":{"rendered":"<p>Pe\u0142czyszczanie to zesp\u00f3\u0142 stra\u017cacki powsta\u0142y w 2002 roku z cz\u0142onk\u00f3w OSP Pe\u0142czyska. Mog\u0105 pochwali\u0107 si\u0119 wieloma wyst\u0119pami w kraju i za granic\u0105, nagrali p\u0142yt\u0119, a ich repertuar prezentuje uroki regionu Ponidzia. S\u0105 jedyn\u0105 tak\u0105 formacj\u0105 ochotniczych stra\u017cak\u00f3w w Polsce CD1 (1) Walczyk wiagra, (2) Jak\u017cem szed\u0142 na grani\u0119, (3) Cyganeczka Zosia, (4) Ja do lasu [&hellip;]<\/p>\n","protected":false},"featured_media":2892,"template":"","meta":{"_acf_changed":false},"product_brand":[106],"product_cat":[77,67],"product_tag":[],"class_list":{"0":"post-2883","1":"product","2":"type-product","3":"status-publish","4":"has-post-thumbnail","6":"product_brand-zespol-strazacki-pelcyznczanie","7":"product_cat-muzyka-biesiadna","8":"product_cat-muzyka-ludowa","10":"first","11":"instock","12":"shipping-taxable","13":"purchasable","14":"product-type-simple"},"acf":[],"jetpack_sharing_enabled":true,"_links":{"self":[{"href":"https:\/\/unomusicsklep.pl\/index.php?rest_route=\/wp\/v2\/product\/2883","targetHints":{"allow":["GET"]}}],"collection":[{"href":"https:\/\/unomusicsklep.pl\/index.php?rest_route=\/wp\/v2\/product"}],"about":[{"href":"https:\/\/unomusicsklep.pl\/index.php?rest_route=\/wp\/v2\/types\/product"}],"wp:featuredmedia":[{"embeddable":true,"href":"https:\/\/unomusicsklep.pl\/index.php?rest_route=\/wp\/v2\/media\/2892"}],"wp:attachment":[{"href":"https:\/\/unomusicsklep.pl\/index.php?rest_route=%2Fwp%2Fv2%2Fmedia&parent=2883"}],"wp:term":[{"taxonomy":"product_brand","embeddable":true,"href":"https:\/\/unomusicsklep.pl\/index.php?rest_route=%2Fwp%2Fv2%2Fproduct_brand&post=2883"},{"taxonomy":"product_cat","embeddable":true,"href":"https:\/\/unomusicsklep.pl\/index.php?rest_route=%2Fwp%2Fv2%2Fproduct_cat&post=2883"},{"taxonomy":"product_tag","embeddable":true,"href":"https:\/\/unomusicsklep.pl\/index.php?rest_route=%2Fwp%2Fv2%2Fproduct_tag&post=2883"}],"curies":[{"name":"wp","href":"https:\/\/api.w.org\/{rel}","templated":true}]}}