{"id":2884,"date":"2025-08-14T12:11:39","date_gmt":"2025-08-14T10:11:39","guid":{"rendered":"http:\/\/localhost\/strona%20uno\/wordpress\/?product=kapela-rewers-band-rewers-band-cz-1"},"modified":"2025-08-21T11:25:58","modified_gmt":"2025-08-21T09:25:58","slug":"kapela-rewers-band-rewers-band-cz-1","status":"publish","type":"product","link":"https:\/\/unomusicsklep.pl\/?product=kapela-rewers-band-rewers-band-cz-1","title":{"rendered":"Kapela Rewers Band &#8211; Rewers Band cz.1"},"content":{"rendered":"<pre>CD1 (1) Tobie Karolino, (2) Pewnego wieczora, (3) Basia i Krzy\u015b, \r\n(4) Chcia\u0142bym poca\u0142owa\u0107 Ci\u0119, (5) Polka Rumunka, (6) Ci\u0105gle pada, \r\n(7) Ma\u0142gorzata, (8) Pomy\u0142ka Ka\u015bka, (9) Ola, (10) Ci\u0105gle co\u015b, \r\n(11) Bukiet s\u0142\u00f3w, (12) Wykapany tata, (13) Aniu wr\u00f3\u0107, (14) B\u0119d\u0119 czeka\u0142, \r\n(15) Nie mam ju\u017c nic<\/pre>\n","protected":false},"excerpt":{"rendered":"<p>CD1 (1) Tobie Karolino, (2) Pewnego wieczora, (3) Basia i Krzy\u015b, (4) Chcia\u0142bym poca\u0142owa\u0107 Ci\u0119, (5) Polka Rumunka, (6) Ci\u0105gle pada, (7) Ma\u0142gorzata, (8) Pomy\u0142ka Ka\u015bka, (9) Ola, (10) Ci\u0105gle co\u015b, (11) Bukiet s\u0142\u00f3w, (12) Wykapany tata, (13) Aniu wr\u00f3\u0107, (14) B\u0119d\u0119 czeka\u0142, (15) Nie mam ju\u017c nic<\/p>\n","protected":false},"featured_media":2891,"template":"","meta":{"_acf_changed":false},"product_brand":[107],"product_cat":[77,67,80],"product_tag":[],"class_list":{"0":"post-2884","1":"product","2":"type-product","3":"status-publish","4":"has-post-thumbnail","6":"product_brand-kapela-rewers-band","7":"product_cat-muzyka-biesiadna","8":"product_cat-muzyka-ludowa","9":"product_cat-muzyka-weselna","11":"first","12":"instock","13":"shipping-taxable","14":"purchasable","15":"product-type-simple"},"acf":[],"jetpack_sharing_enabled":true,"_links":{"self":[{"href":"https:\/\/unomusicsklep.pl\/index.php?rest_route=\/wp\/v2\/product\/2884","targetHints":{"allow":["GET"]}}],"collection":[{"href":"https:\/\/unomusicsklep.pl\/index.php?rest_route=\/wp\/v2\/product"}],"about":[{"href":"https:\/\/unomusicsklep.pl\/index.php?rest_route=\/wp\/v2\/types\/product"}],"wp:featuredmedia":[{"embeddable":true,"href":"https:\/\/unomusicsklep.pl\/index.php?rest_route=\/wp\/v2\/media\/2891"}],"wp:attachment":[{"href":"https:\/\/unomusicsklep.pl\/index.php?rest_route=%2Fwp%2Fv2%2Fmedia&parent=2884"}],"wp:term":[{"taxonomy":"product_brand","embeddable":true,"href":"https:\/\/unomusicsklep.pl\/index.php?rest_route=%2Fwp%2Fv2%2Fproduct_brand&post=2884"},{"taxonomy":"product_cat","embeddable":true,"href":"https:\/\/unomusicsklep.pl\/index.php?rest_route=%2Fwp%2Fv2%2Fproduct_cat&post=2884"},{"taxonomy":"product_tag","embeddable":true,"href":"https:\/\/unomusicsklep.pl\/index.php?rest_route=%2Fwp%2Fv2%2Fproduct_tag&post=2884"}],"curies":[{"name":"wp","href":"https:\/\/api.w.org\/{rel}","templated":true}]}}