{"id":3250,"date":"2025-08-21T12:03:36","date_gmt":"2025-08-21T10:03:36","guid":{"rendered":"https:\/\/unomusic.dfirma.pl\/?product=kapela-cytrus-pinczowa"},"modified":"2025-08-22T17:29:07","modified_gmt":"2025-08-22T15:29:07","slug":"kapela-cytrus-pinczowa","status":"publish","type":"product","link":"https:\/\/unomusicsklep.pl\/?product=kapela-cytrus-pinczowa","title":{"rendered":"Kapela Cytrus"},"content":{"rendered":"<pre>Kapela Cytrus to m\u0142ode pokolenie muzykant\u00f3w piel\u0119gnuj\u0105cych \r\ntradycje \u015bwi\u0119tokrzyskiej muzyki ludowej. Graj\u0105 polki, \r\nwalce, oberki, nadaj\u0105c im nowe brzmienie. Cz\u0142onkowie \r\ndzia\u0142aj\u0105 te\u017c w innych zespo\u0142ach, a ich wyst\u0119py cechuje \r\n\u017cywio\u0142owo\u015b\u0107 i wysoka jako\u015b\u0107 muzyczna.\r\n\r\nCD1 (1) Stolica pijak\u00f3w, (2) Jak\u017cem jecho\u0142, (3) Polka b\u0105k, (4) Tango - Przypomnij , \r\n(5) \u017beniacka, (6) Gospodarski synek, (7) Pyta\u0142a si\u0119 matka c\u00f3ry, (8) Z samego Pi\u0144czowa, \r\n(9) Zuzanna, (10) Polka od Zakrzowa, (11) Szumia\u0142a leszczyna, (12) Polka o kapeli CYTRUS, \r\n(13) Na pi\u0144czowskiej \u0142\u0105ce, (14) Ch\u0142opak pi\u0144czowski, (15) Helka so\u0142tysa, (16) Marsz weselny tradycyjny<\/pre>\n","protected":false},"excerpt":{"rendered":"<p>Kapela Cytrus to m\u0142ode pokolenie muzykant\u00f3w piel\u0119gnuj\u0105cych tradycje \u015bwi\u0119tokrzyskiej muzyki ludowej. Graj\u0105 polki, walce, oberki, nadaj\u0105c im nowe brzmienie. Cz\u0142onkowie dzia\u0142aj\u0105 te\u017c w innych zespo\u0142ach, a ich wyst\u0119py cechuje \u017cywio\u0142owo\u015b\u0107 i wysoka jako\u015b\u0107 muzyczna. CD1 (1) Stolica pijak\u00f3w, (2) Jak\u017cem jecho\u0142, (3) Polka b\u0105k, (4) Tango &#8211; Przypomnij , (5) \u017beniacka, (6) Gospodarski synek, (7) [&hellip;]<\/p>\n","protected":false},"featured_media":3357,"template":"","meta":{"_acf_changed":false},"product_brand":[108],"product_cat":[77,67,80],"product_tag":[],"class_list":{"0":"post-3250","1":"product","2":"type-product","3":"status-publish","4":"has-post-thumbnail","6":"product_brand-kapela-cytrus","7":"product_cat-muzyka-biesiadna","8":"product_cat-muzyka-ludowa","9":"product_cat-muzyka-weselna","11":"first","12":"instock","13":"shipping-taxable","14":"purchasable","15":"product-type-simple"},"acf":[],"jetpack_sharing_enabled":true,"_links":{"self":[{"href":"https:\/\/unomusicsklep.pl\/index.php?rest_route=\/wp\/v2\/product\/3250","targetHints":{"allow":["GET"]}}],"collection":[{"href":"https:\/\/unomusicsklep.pl\/index.php?rest_route=\/wp\/v2\/product"}],"about":[{"href":"https:\/\/unomusicsklep.pl\/index.php?rest_route=\/wp\/v2\/types\/product"}],"wp:featuredmedia":[{"embeddable":true,"href":"https:\/\/unomusicsklep.pl\/index.php?rest_route=\/wp\/v2\/media\/3357"}],"wp:attachment":[{"href":"https:\/\/unomusicsklep.pl\/index.php?rest_route=%2Fwp%2Fv2%2Fmedia&parent=3250"}],"wp:term":[{"taxonomy":"product_brand","embeddable":true,"href":"https:\/\/unomusicsklep.pl\/index.php?rest_route=%2Fwp%2Fv2%2Fproduct_brand&post=3250"},{"taxonomy":"product_cat","embeddable":true,"href":"https:\/\/unomusicsklep.pl\/index.php?rest_route=%2Fwp%2Fv2%2Fproduct_cat&post=3250"},{"taxonomy":"product_tag","embeddable":true,"href":"https:\/\/unomusicsklep.pl\/index.php?rest_route=%2Fwp%2Fv2%2Fproduct_tag&post=3250"}],"curies":[{"name":"wp","href":"https:\/\/api.w.org\/{rel}","templated":true}]}}