{"id":3251,"date":"2025-08-21T12:03:37","date_gmt":"2025-08-21T10:03:37","guid":{"rendered":"https:\/\/unomusic.dfirma.pl\/?product=kapela-gabriela-cz-1"},"modified":"2025-08-22T17:23:06","modified_gmt":"2025-08-22T15:23:06","slug":"kapela-gabriela-cz-1","status":"publish","type":"product","link":"https:\/\/unomusicsklep.pl\/?product=kapela-gabriela-cz-1","title":{"rendered":"Kapela Gabriela cz.1"},"content":{"rendered":"<pre>Kapela Gabriela z Ko\u0144skich powsta\u0142a w 2005 roku z \r\ninicjatywy Gabriela Sobieraja. S\u0105 laureatami licznych \r\nnagr\u00f3d, w tym g\u0142\u00f3wnej na VIII Koneckim Przegl\u0105dzie \r\n\u201eMuzykanci 2012\u201d. Zesp\u00f3\u0142 koncertuje w ca\u0142ym kraju, \r\na s\u0142uchacze Radia Kielce kojarz\u0105 ich z przebojow\u0105 \r\npiosenk\u0105 \u201ePolskie przemiany\u201d. Jest to klasyczna \r\nkapela ludowa wykonuj\u0105ca folklor.\r\n\r\nCD1 (1) Polskie przemiany, (2) O\u017ceni\u0142em jo si\u0119, (3) Polka - Czerwone jab\u0142uszko, (4) Polka - Po schodach, \r\n(5) Oberek - Chcia\u0142em si\u0119 \u017ceni\u0107, (6) O gorzo\u0142e, (7) Zakochany ch\u0142opak, (8) Ma sze\u015b\u0107 lat, (9) Oberek borkowski, \r\n(10) Polka emeryta, (11) Kujawiak, (12) Oberek - Le\u015bna nadzieja, (13) A wi\u0119c \u017cegnaj, (14) A gdy popatrz\u0119, \r\n(15) Cicho ponuro, (16) Mia\u0142em ja dziewczyn\u0119, (17) Spotkamy si\u0119 w Busku, (18) Prezent z jarmarku, (19) Maryjanna<\/pre>\n","protected":false},"excerpt":{"rendered":"<p>Kapela Gabriela z Ko\u0144skich powsta\u0142a w 2005 roku z inicjatywy Gabriela Sobieraja. S\u0105 laureatami licznych nagr\u00f3d, w tym g\u0142\u00f3wnej na VIII Koneckim Przegl\u0105dzie \u201eMuzykanci 2012\u201d. Zesp\u00f3\u0142 koncertuje w ca\u0142ym kraju, a s\u0142uchacze Radia Kielce kojarz\u0105 ich z przebojow\u0105 piosenk\u0105 \u201ePolskie przemiany\u201d. Jest to klasyczna kapela ludowa wykonuj\u0105ca folklor. CD1 (1) Polskie przemiany, (2) O\u017ceni\u0142em jo [&hellip;]<\/p>\n","protected":false},"featured_media":3354,"template":"","meta":{"_acf_changed":false},"product_brand":[109],"product_cat":[77,67,80],"product_tag":[],"class_list":{"0":"post-3251","1":"product","2":"type-product","3":"status-publish","4":"has-post-thumbnail","6":"product_brand-kapela-gabriela","7":"product_cat-muzyka-biesiadna","8":"product_cat-muzyka-ludowa","9":"product_cat-muzyka-weselna","11":"first","12":"instock","13":"shipping-taxable","14":"purchasable","15":"product-type-simple"},"acf":[],"jetpack_sharing_enabled":true,"_links":{"self":[{"href":"https:\/\/unomusicsklep.pl\/index.php?rest_route=\/wp\/v2\/product\/3251","targetHints":{"allow":["GET"]}}],"collection":[{"href":"https:\/\/unomusicsklep.pl\/index.php?rest_route=\/wp\/v2\/product"}],"about":[{"href":"https:\/\/unomusicsklep.pl\/index.php?rest_route=\/wp\/v2\/types\/product"}],"wp:featuredmedia":[{"embeddable":true,"href":"https:\/\/unomusicsklep.pl\/index.php?rest_route=\/wp\/v2\/media\/3354"}],"wp:attachment":[{"href":"https:\/\/unomusicsklep.pl\/index.php?rest_route=%2Fwp%2Fv2%2Fmedia&parent=3251"}],"wp:term":[{"taxonomy":"product_brand","embeddable":true,"href":"https:\/\/unomusicsklep.pl\/index.php?rest_route=%2Fwp%2Fv2%2Fproduct_brand&post=3251"},{"taxonomy":"product_cat","embeddable":true,"href":"https:\/\/unomusicsklep.pl\/index.php?rest_route=%2Fwp%2Fv2%2Fproduct_cat&post=3251"},{"taxonomy":"product_tag","embeddable":true,"href":"https:\/\/unomusicsklep.pl\/index.php?rest_route=%2Fwp%2Fv2%2Fproduct_tag&post=3251"}],"curies":[{"name":"wp","href":"https:\/\/api.w.org\/{rel}","templated":true}]}}