{"id":3252,"date":"2025-08-21T12:03:37","date_gmt":"2025-08-21T10:03:37","guid":{"rendered":"https:\/\/unomusic.dfirma.pl\/?product=produkt"},"modified":"2025-08-22T17:23:04","modified_gmt":"2025-08-22T15:23:04","slug":"produkt","status":"publish","type":"product","link":"https:\/\/unomusicsklep.pl\/?product=produkt","title":{"rendered":"Kapela Twist- Taneczczne przeboje"},"content":{"rendered":"<pre>Zesp\u00f3\u0142 Twist to kapela weselna z \r\npogranicza wojew\u00f3dztwa Ma\u0142opolskiego \r\ni \u015al\u0105ska. Graj\u0105 muzyk\u0119 weseln\u0105, \r\ninspirowan\u0105 muzyk\u0105 ludow\u0105.\r\n\r\nCD1 (1) Dzie\u0144 za dniem, (2) R\u00f3\u017ca czerwona, (3) Kuku\u0142eczko, gdzie\u015b ty przebywa\u0142a, (4) Diademy z gwiazd, \r\n(5) Ta\u0144cuj, ta\u0144cuj, (6) Oddalenie, (7) Siedzia\u0142a cyganka, (8) Noce nad jeziorem, \r\n(9) Nie chod\u017a ch\u0142opoku do Polonki, (10) Nie ma dnia, (11) Polka Urban, (12) Rodzice, \r\n(13) Czemu, czemu, (14) Bia\u0142e r\u00f3\u017ce, (15) Aj, jaj, jaj, (16) Wys\u0142a chmura<\/pre>\n","protected":false},"excerpt":{"rendered":"<p>Zesp\u00f3\u0142 Twist to kapela weselna z pogranicza wojew\u00f3dztwa Ma\u0142opolskiego i \u015al\u0105ska. Graj\u0105 muzyk\u0119 weseln\u0105, inspirowan\u0105 muzyk\u0105 ludow\u0105. CD1 (1) Dzie\u0144 za dniem, (2) R\u00f3\u017ca czerwona, (3) Kuku\u0142eczko, gdzie\u015b ty przebywa\u0142a, (4) Diademy z gwiazd, (5) Ta\u0144cuj, ta\u0144cuj, (6) Oddalenie, (7) Siedzia\u0142a cyganka, (8) Noce nad jeziorem, (9) Nie chod\u017a ch\u0142opoku do Polonki, (10) Nie ma [&hellip;]<\/p>\n","protected":false},"featured_media":3352,"template":"","meta":{"_acf_changed":false},"product_brand":[],"product_cat":[77,67,80],"product_tag":[],"class_list":{"0":"post-3252","1":"product","2":"type-product","3":"status-publish","4":"has-post-thumbnail","6":"product_cat-muzyka-biesiadna","7":"product_cat-muzyka-ludowa","8":"product_cat-muzyka-weselna","10":"first","11":"instock","12":"shipping-taxable","13":"purchasable","14":"product-type-simple"},"acf":[],"jetpack_sharing_enabled":true,"_links":{"self":[{"href":"https:\/\/unomusicsklep.pl\/index.php?rest_route=\/wp\/v2\/product\/3252","targetHints":{"allow":["GET"]}}],"collection":[{"href":"https:\/\/unomusicsklep.pl\/index.php?rest_route=\/wp\/v2\/product"}],"about":[{"href":"https:\/\/unomusicsklep.pl\/index.php?rest_route=\/wp\/v2\/types\/product"}],"wp:featuredmedia":[{"embeddable":true,"href":"https:\/\/unomusicsklep.pl\/index.php?rest_route=\/wp\/v2\/media\/3352"}],"wp:attachment":[{"href":"https:\/\/unomusicsklep.pl\/index.php?rest_route=%2Fwp%2Fv2%2Fmedia&parent=3252"}],"wp:term":[{"taxonomy":"product_brand","embeddable":true,"href":"https:\/\/unomusicsklep.pl\/index.php?rest_route=%2Fwp%2Fv2%2Fproduct_brand&post=3252"},{"taxonomy":"product_cat","embeddable":true,"href":"https:\/\/unomusicsklep.pl\/index.php?rest_route=%2Fwp%2Fv2%2Fproduct_cat&post=3252"},{"taxonomy":"product_tag","embeddable":true,"href":"https:\/\/unomusicsklep.pl\/index.php?rest_route=%2Fwp%2Fv2%2Fproduct_tag&post=3252"}],"curies":[{"name":"wp","href":"https:\/\/api.w.org\/{rel}","templated":true}]}}