{"id":3254,"date":"2025-08-21T12:03:38","date_gmt":"2025-08-21T10:03:38","guid":{"rendered":"https:\/\/unomusic.dfirma.pl\/?product=rozni-wykonawcy"},"modified":"2025-08-22T17:21:51","modified_gmt":"2025-08-22T15:21:51","slug":"rozni-wykonawcy","status":"publish","type":"product","link":"https:\/\/unomusicsklep.pl\/?product=rozni-wykonawcy","title":{"rendered":"R\u00f3\u017cni wykonawcy &#8211; Najpi\u0119kniejsze poleczki na akordeonie i saksofonie"},"content":{"rendered":"<pre>Jest to kompilacja instrumentalnych polek \r\ni poleczek granych na akordeonie i saksofonie \r\nznanych kapel z regionu \u015awi\u0119tokrzyskiego.\r\n\r\nCD1 (1) Ch\u0142opcy Czarnowianie, (2) Jade jo se jade, (3) Polka Felek, (4) Szkoda mi si\u0119 sta\u0142a, \r\n(5) R\u00f3\u017ca, (6) W Potoku, (7) Lipka, (8) Da\u0142a bym Ci da\u0142a, (9) Polka kapeli, (10) \u017beby\u015bcie wiedzieli, \r\n(11) A g\u00f3ry nasze g\u00f3ry, (12) Polka Urban, (13) Polka faworytka, (14) Weselna poleczka, (15) Polka staro m\u0142odo, \r\n(16) Jak si\u0119 rz\u0105dzi w kawalerce, (17) Jak\u017cem szed\u0142 na grani\u0119, (18) Polka Rumunka<\/pre>\n","protected":false},"excerpt":{"rendered":"<p>Jest to kompilacja instrumentalnych polek i poleczek granych na akordeonie i saksofonie znanych kapel z regionu \u015awi\u0119tokrzyskiego. CD1 (1) Ch\u0142opcy Czarnowianie, (2) Jade jo se jade, (3) Polka Felek, (4) Szkoda mi si\u0119 sta\u0142a, (5) R\u00f3\u017ca, (6) W Potoku, (7) Lipka, (8) Da\u0142a bym Ci da\u0142a, (9) Polka kapeli, (10) \u017beby\u015bcie wiedzieli, (11) A g\u00f3ry [&hellip;]<\/p>\n","protected":false},"featured_media":3347,"template":"","meta":{"_acf_changed":false},"product_brand":[110],"product_cat":[77,67,80],"product_tag":[],"class_list":{"0":"post-3254","1":"product","2":"type-product","3":"status-publish","4":"has-post-thumbnail","6":"product_brand-rozni-wykonawcy","7":"product_cat-muzyka-biesiadna","8":"product_cat-muzyka-ludowa","9":"product_cat-muzyka-weselna","11":"first","12":"instock","13":"shipping-taxable","14":"purchasable","15":"product-type-simple"},"acf":[],"jetpack_sharing_enabled":true,"_links":{"self":[{"href":"https:\/\/unomusicsklep.pl\/index.php?rest_route=\/wp\/v2\/product\/3254","targetHints":{"allow":["GET"]}}],"collection":[{"href":"https:\/\/unomusicsklep.pl\/index.php?rest_route=\/wp\/v2\/product"}],"about":[{"href":"https:\/\/unomusicsklep.pl\/index.php?rest_route=\/wp\/v2\/types\/product"}],"wp:featuredmedia":[{"embeddable":true,"href":"https:\/\/unomusicsklep.pl\/index.php?rest_route=\/wp\/v2\/media\/3347"}],"wp:attachment":[{"href":"https:\/\/unomusicsklep.pl\/index.php?rest_route=%2Fwp%2Fv2%2Fmedia&parent=3254"}],"wp:term":[{"taxonomy":"product_brand","embeddable":true,"href":"https:\/\/unomusicsklep.pl\/index.php?rest_route=%2Fwp%2Fv2%2Fproduct_brand&post=3254"},{"taxonomy":"product_cat","embeddable":true,"href":"https:\/\/unomusicsklep.pl\/index.php?rest_route=%2Fwp%2Fv2%2Fproduct_cat&post=3254"},{"taxonomy":"product_tag","embeddable":true,"href":"https:\/\/unomusicsklep.pl\/index.php?rest_route=%2Fwp%2Fv2%2Fproduct_tag&post=3254"}],"curies":[{"name":"wp","href":"https:\/\/api.w.org\/{rel}","templated":true}]}}