{"id":3256,"date":"2025-08-21T12:03:38","date_gmt":"2025-08-21T10:03:38","guid":{"rendered":"https:\/\/unomusic.dfirma.pl\/?product=kapela-braters"},"modified":"2025-08-22T17:34:48","modified_gmt":"2025-08-22T15:34:48","slug":"kapela-braters","status":"publish","type":"product","link":"https:\/\/unomusicsklep.pl\/?product=kapela-braters","title":{"rendered":"Kapela Braters"},"content":{"rendered":"<pre>Kapela weselna Braters z okolic Piekoszowa to \r\nzesp\u00f3\u0142 znany i lubiany. Wyst\u0119puje zar\u00f3wno na \r\nprzegl\u0105dach i weselach. To zesp\u00f3\u0142 o korzeniach \r\nsi\u0119gaj\u0105cych 1938 roku, kiedy to dziadek obecnego \r\nlidera Stanis\u0142awa Korneckiego - Jan za\u0142o\u017cy\u0142 \r\n\u201eKapele Kornecki\u201d. W swoim bogatym repertuarze \r\nposiadaj\u0105 utwory ludowe z przed 80 lat, ale \r\nr\u00f3wnie\u017c korzystaj\u0105 z bogatej tradycji innych \r\nkapel.\r\n\r\nCD1 (1) Ch\u0142op na babie, (2) Pieni\u0105dz do pieni\u0105dza, (3) Polka brukselka, (4) Pod dachami, \r\n(5) Weso\u0142y oberek, (6) Jest dro\u017cyna jest, (7) Mi\u0142o\u015b\u0107 i Wierno\u015b\u0107, (8) Polka o biednym kawalerze, \r\n(9) Chcia\u0142o si\u0119 Kasi, (10) Pi\u0119kna mi\u0142o\u015b\u0107, (11) Jad\u0119 na jarmark, (12) Niedola dziewczyny, \r\n(13) Polka instrumentalna, (14) Marsz powitalny, (15) Nie kochaj bogatego<\/pre>\n","protected":false},"excerpt":{"rendered":"<p>Kapela weselna Braters z okolic Piekoszowa to zesp\u00f3\u0142 znany i lubiany. Wyst\u0119puje zar\u00f3wno na przegl\u0105dach i weselach. To zesp\u00f3\u0142 o korzeniach si\u0119gaj\u0105cych 1938 roku, kiedy to dziadek obecnego lidera Stanis\u0142awa Korneckiego &#8211; Jan za\u0142o\u017cy\u0142 \u201eKapele Kornecki\u201d. W swoim bogatym repertuarze posiadaj\u0105 utwory ludowe z przed 80 lat, ale r\u00f3wnie\u017c korzystaj\u0105 z bogatej tradycji innych kapel. [&hellip;]<\/p>\n","protected":false},"featured_media":3342,"template":"","meta":{"_acf_changed":false},"product_brand":[91],"product_cat":[77,67,80],"product_tag":[],"class_list":{"0":"post-3256","1":"product","2":"type-product","3":"status-publish","4":"has-post-thumbnail","6":"product_brand-kapela-braters","7":"product_cat-muzyka-biesiadna","8":"product_cat-muzyka-ludowa","9":"product_cat-muzyka-weselna","11":"first","12":"instock","13":"shipping-taxable","14":"purchasable","15":"product-type-simple"},"acf":[],"jetpack_sharing_enabled":true,"_links":{"self":[{"href":"https:\/\/unomusicsklep.pl\/index.php?rest_route=\/wp\/v2\/product\/3256","targetHints":{"allow":["GET"]}}],"collection":[{"href":"https:\/\/unomusicsklep.pl\/index.php?rest_route=\/wp\/v2\/product"}],"about":[{"href":"https:\/\/unomusicsklep.pl\/index.php?rest_route=\/wp\/v2\/types\/product"}],"wp:featuredmedia":[{"embeddable":true,"href":"https:\/\/unomusicsklep.pl\/index.php?rest_route=\/wp\/v2\/media\/3342"}],"wp:attachment":[{"href":"https:\/\/unomusicsklep.pl\/index.php?rest_route=%2Fwp%2Fv2%2Fmedia&parent=3256"}],"wp:term":[{"taxonomy":"product_brand","embeddable":true,"href":"https:\/\/unomusicsklep.pl\/index.php?rest_route=%2Fwp%2Fv2%2Fproduct_brand&post=3256"},{"taxonomy":"product_cat","embeddable":true,"href":"https:\/\/unomusicsklep.pl\/index.php?rest_route=%2Fwp%2Fv2%2Fproduct_cat&post=3256"},{"taxonomy":"product_tag","embeddable":true,"href":"https:\/\/unomusicsklep.pl\/index.php?rest_route=%2Fwp%2Fv2%2Fproduct_tag&post=3256"}],"curies":[{"name":"wp","href":"https:\/\/api.w.org\/{rel}","templated":true}]}}