{"id":3257,"date":"2025-08-21T12:03:39","date_gmt":"2025-08-21T10:03:39","guid":{"rendered":"https:\/\/unomusic.dfirma.pl\/?product=kapela-ludowa-dzialoszacy-cz-1"},"modified":"2025-08-22T17:23:02","modified_gmt":"2025-08-22T15:23:02","slug":"kapela-ludowa-dzialoszacy-cz-1","status":"publish","type":"product","link":"https:\/\/unomusicsklep.pl\/?product=kapela-ludowa-dzialoszacy-cz-1","title":{"rendered":"Kapela ludowa Dzia\u0142oszacy cz.1"},"content":{"rendered":"<pre>Dzia\u0142oszacy to kapela istniej\u0105ca od 1988 roku. Od pocz\u0105tku \r\nistnienia kierownikiem Kapeli oraz za\u0142o\u017cycielem jest \r\nakordeonista Adam Kocerba, kt\u00f3ry r\u00f3wnie\u017c \u015bpiewa. Jest \r\nto jeden z najbardziej utytu\u0142owanych instrumentalist\u00f3w \r\nz po\u0142udniowej Polski. W sk\u0142adzie kapeli oraz na tej \r\np\u0142ycie wyst\u0119puj\u0105 najlepsi muzycy z regionu \u015bwi\u0119tokrzyskiego, \r\nczyli: Marek Juzaszek na skrzypcach, Piotr Wierzba na klarnecie, \r\nPawe\u0142 Wierzba na tr\u0105bce, i Tadeusz Nalepa na kontrabasie. Pan \r\nAdam wyszuka\u0142 i opracowa\u0142 utwory z klasyki muzyki ludowej z \r\nregionu \u015awi\u0119tokrzyskiego\r\n\r\nCD1 (1) Polka od Sypowa, (2) Polka Dzia\u0142oszacy, (3) Na \u015brodku pola, (4) Polka Bednorz, \r\n(5) W so\u0142tysowej cha\u0142pie, (6) Krakowiak z podskokiem, (7) Oberek prz sobie, (8) Polka od Byczowa, \r\n(9) Walc przez Dzia\u0142oszyce, (10) Jak szed\u0142em z wesela, (11) We\u017a mnie koniku, (12) Polka obracana, \r\n(13) Pojad\u0119, pojad\u0119, (14) Jedzie w\u00f3z za wozem, (15) Oberek drobiony, (16) Krakowiak wozowy, \r\n(17) Polka Adama, (18) Przelecia\u0142y potoki<\/pre>\n","protected":false},"excerpt":{"rendered":"<p>Dzia\u0142oszacy to kapela istniej\u0105ca od 1988 roku. Od pocz\u0105tku istnienia kierownikiem Kapeli oraz za\u0142o\u017cycielem jest akordeonista Adam Kocerba, kt\u00f3ry r\u00f3wnie\u017c \u015bpiewa. Jest to jeden z najbardziej utytu\u0142owanych instrumentalist\u00f3w z po\u0142udniowej Polski. W sk\u0142adzie kapeli oraz na tej p\u0142ycie wyst\u0119puj\u0105 najlepsi muzycy z regionu \u015bwi\u0119tokrzyskiego, czyli: Marek Juzaszek na skrzypcach, Piotr Wierzba na klarnecie, Pawe\u0142 Wierzba [&hellip;]<\/p>\n","protected":false},"featured_media":3341,"template":"","meta":{"_acf_changed":false},"product_brand":[111],"product_cat":[77,67,80],"product_tag":[],"class_list":{"0":"post-3257","1":"product","2":"type-product","3":"status-publish","4":"has-post-thumbnail","6":"product_brand-kapela-ludowa-dzialoszacy","7":"product_cat-muzyka-biesiadna","8":"product_cat-muzyka-ludowa","9":"product_cat-muzyka-weselna","11":"first","12":"instock","13":"shipping-taxable","14":"purchasable","15":"product-type-simple"},"acf":[],"jetpack_sharing_enabled":true,"_links":{"self":[{"href":"https:\/\/unomusicsklep.pl\/index.php?rest_route=\/wp\/v2\/product\/3257","targetHints":{"allow":["GET"]}}],"collection":[{"href":"https:\/\/unomusicsklep.pl\/index.php?rest_route=\/wp\/v2\/product"}],"about":[{"href":"https:\/\/unomusicsklep.pl\/index.php?rest_route=\/wp\/v2\/types\/product"}],"wp:featuredmedia":[{"embeddable":true,"href":"https:\/\/unomusicsklep.pl\/index.php?rest_route=\/wp\/v2\/media\/3341"}],"wp:attachment":[{"href":"https:\/\/unomusicsklep.pl\/index.php?rest_route=%2Fwp%2Fv2%2Fmedia&parent=3257"}],"wp:term":[{"taxonomy":"product_brand","embeddable":true,"href":"https:\/\/unomusicsklep.pl\/index.php?rest_route=%2Fwp%2Fv2%2Fproduct_brand&post=3257"},{"taxonomy":"product_cat","embeddable":true,"href":"https:\/\/unomusicsklep.pl\/index.php?rest_route=%2Fwp%2Fv2%2Fproduct_cat&post=3257"},{"taxonomy":"product_tag","embeddable":true,"href":"https:\/\/unomusicsklep.pl\/index.php?rest_route=%2Fwp%2Fv2%2Fproduct_tag&post=3257"}],"curies":[{"name":"wp","href":"https:\/\/api.w.org\/{rel}","templated":true}]}}