{"id":3259,"date":"2025-08-21T12:03:39","date_gmt":"2025-08-21T10:03:39","guid":{"rendered":"https:\/\/unomusic.dfirma.pl\/?product=kapela-weselna-iness-taneczne-hity"},"modified":"2025-08-22T15:34:42","modified_gmt":"2025-08-22T13:34:42","slug":"kapela-weselna-iness-taneczne-hity","status":"publish","type":"product","link":"https:\/\/unomusicsklep.pl\/?product=kapela-weselna-iness-taneczne-hity","title":{"rendered":"Kapela weselna Iness &#8211; Taneczne hity"},"content":{"rendered":"<pre>Kapela weselna Iness pochodzi z Miechowa \r\ni okolic, graj\u0105ca muzyk\u0119 taneczn\u0105, biesiadn\u0105 \r\ni weseln\u0105\r\n\r\nCD1 (1) Czerwonych korali sznur, (2) Lady M., (3) W Tobie szukam mi\u0142o\u015bci, (4) Tylko Ty, \r\n(5) Poleczka swojska, (6) Wesele, wesele, (7) Dedykacja, (8) Ty tego nie wiesz, \r\n(9) Ma\u0142y sekret, (10) Matko moja, (11) Walczyk spod Miechowa, (12) Taka ma\u0142a, \r\n(13) Powiedz moja mi\u0142a, (14) Marsz s\u0142owia\u0144ski, (15) Wyj\u0105tkowa mi\u0142o\u015b\u0107<\/pre>\n","protected":false},"excerpt":{"rendered":"<p>Kapela weselna Iness pochodzi z Miechowa i okolic, graj\u0105ca muzyk\u0119 taneczn\u0105, biesiadn\u0105 i weseln\u0105 CD1 (1) Czerwonych korali sznur, (2) Lady M., (3) W Tobie szukam mi\u0142o\u015bci, (4) Tylko Ty, (5) Poleczka swojska, (6) Wesele, wesele, (7) Dedykacja, (8) Ty tego nie wiesz, (9) Ma\u0142y sekret, (10) Matko moja, (11) Walczyk spod Miechowa, (12) Taka [&hellip;]<\/p>\n","protected":false},"featured_media":3336,"template":"","meta":{"_acf_changed":false},"product_brand":[113],"product_cat":[77,78,67,80],"product_tag":[],"class_list":{"0":"post-3259","1":"product","2":"type-product","3":"status-publish","4":"has-post-thumbnail","6":"product_brand-kapela-weselna-iness","7":"product_cat-muzyka-biesiadna","8":"product_cat-muzyka-dance","9":"product_cat-muzyka-ludowa","10":"product_cat-muzyka-weselna","12":"first","13":"instock","14":"shipping-taxable","15":"purchasable","16":"product-type-simple"},"acf":[],"jetpack_sharing_enabled":true,"_links":{"self":[{"href":"https:\/\/unomusicsklep.pl\/index.php?rest_route=\/wp\/v2\/product\/3259","targetHints":{"allow":["GET"]}}],"collection":[{"href":"https:\/\/unomusicsklep.pl\/index.php?rest_route=\/wp\/v2\/product"}],"about":[{"href":"https:\/\/unomusicsklep.pl\/index.php?rest_route=\/wp\/v2\/types\/product"}],"wp:featuredmedia":[{"embeddable":true,"href":"https:\/\/unomusicsklep.pl\/index.php?rest_route=\/wp\/v2\/media\/3336"}],"wp:attachment":[{"href":"https:\/\/unomusicsklep.pl\/index.php?rest_route=%2Fwp%2Fv2%2Fmedia&parent=3259"}],"wp:term":[{"taxonomy":"product_brand","embeddable":true,"href":"https:\/\/unomusicsklep.pl\/index.php?rest_route=%2Fwp%2Fv2%2Fproduct_brand&post=3259"},{"taxonomy":"product_cat","embeddable":true,"href":"https:\/\/unomusicsklep.pl\/index.php?rest_route=%2Fwp%2Fv2%2Fproduct_cat&post=3259"},{"taxonomy":"product_tag","embeddable":true,"href":"https:\/\/unomusicsklep.pl\/index.php?rest_route=%2Fwp%2Fv2%2Fproduct_tag&post=3259"}],"curies":[{"name":"wp","href":"https:\/\/api.w.org\/{rel}","templated":true}]}}