{"id":3261,"date":"2025-08-21T12:16:06","date_gmt":"2025-08-21T10:16:06","guid":{"rendered":"https:\/\/unomusic.dfirma.pl\/?product=rozni-wykonawcy-weselne-przeboje-na-wesolo-cz-3"},"modified":"2025-08-22T14:59:28","modified_gmt":"2025-08-22T12:59:28","slug":"rozni-wykonawcy-weselne-przeboje-na-wesolo-cz-3","status":"publish","type":"product","link":"https:\/\/unomusicsklep.pl\/?product=rozni-wykonawcy-weselne-przeboje-na-wesolo-cz-3","title":{"rendered":"R\u00f3\u017cni wykonawcy &#8211; Weselne przeboje na weso\u0142o cz.3"},"content":{"rendered":"<pre>Jest to sk\u0142adanka weselnych przeboj\u00f3w.\r\n\r\nCD1 (1) Pechowiec - Bracia Bara Bara, (2) Moja Te\u015bciowo - Bia\u0142o Czarni, (3) Morze w\u00f3dki - Albatros, \r\n(4) Szkatu\u0142ka uczu\u0107 - Jedyne Takie Trio, (5) Kaczuszki - Impress, (6) La Cumparsita - Vokall, \r\n(7) Szkoda mi si\u0119 sta\u0142a - Braters, (8) Tak, naprawd\u0119 tak - Awans, (9) Letnia przygoda - Bia\u0142o Czarni, \r\n(10) Wesele kolegi - Vokall, (11) Polka Pana M\u0142odego - Hultaje, (12) Wyj\u0105tkowa mi\u0142o\u015b\u0107 - Iness, \r\n(13) Nie m\u00f3w nikomu - Top Secret, (14) Zieleni si\u0119 proso - J\u0119drusie, (15) Hej, hej! - Szarotka, \r\n(16) Walczyk m\u0142odych - J\u0119drzej\r\n\r\n\r\n<\/pre>\n","protected":false},"excerpt":{"rendered":"<p>Jest to sk\u0142adanka weselnych przeboj\u00f3w. CD1 (1) Pechowiec &#8211; Bracia Bara Bara, (2) Moja Te\u015bciowo &#8211; Bia\u0142o Czarni, (3) Morze w\u00f3dki &#8211; Albatros, (4) Szkatu\u0142ka uczu\u0107 &#8211; Jedyne Takie Trio, (5) Kaczuszki &#8211; Impress, (6) La Cumparsita &#8211; Vokall, (7) Szkoda mi si\u0119 sta\u0142a &#8211; Braters, (8) Tak, naprawd\u0119 tak &#8211; Awans, (9) Letnia przygoda [&hellip;]<\/p>\n","protected":false},"featured_media":3314,"template":"","meta":{"_acf_changed":false},"product_brand":[110],"product_cat":[77,67,80],"product_tag":[],"class_list":{"0":"post-3261","1":"product","2":"type-product","3":"status-publish","4":"has-post-thumbnail","6":"product_brand-rozni-wykonawcy","7":"product_cat-muzyka-biesiadna","8":"product_cat-muzyka-ludowa","9":"product_cat-muzyka-weselna","11":"first","12":"instock","13":"shipping-taxable","14":"purchasable","15":"product-type-simple"},"acf":[],"jetpack_sharing_enabled":true,"_links":{"self":[{"href":"https:\/\/unomusicsklep.pl\/index.php?rest_route=\/wp\/v2\/product\/3261","targetHints":{"allow":["GET"]}}],"collection":[{"href":"https:\/\/unomusicsklep.pl\/index.php?rest_route=\/wp\/v2\/product"}],"about":[{"href":"https:\/\/unomusicsklep.pl\/index.php?rest_route=\/wp\/v2\/types\/product"}],"wp:featuredmedia":[{"embeddable":true,"href":"https:\/\/unomusicsklep.pl\/index.php?rest_route=\/wp\/v2\/media\/3314"}],"wp:attachment":[{"href":"https:\/\/unomusicsklep.pl\/index.php?rest_route=%2Fwp%2Fv2%2Fmedia&parent=3261"}],"wp:term":[{"taxonomy":"product_brand","embeddable":true,"href":"https:\/\/unomusicsklep.pl\/index.php?rest_route=%2Fwp%2Fv2%2Fproduct_brand&post=3261"},{"taxonomy":"product_cat","embeddable":true,"href":"https:\/\/unomusicsklep.pl\/index.php?rest_route=%2Fwp%2Fv2%2Fproduct_cat&post=3261"},{"taxonomy":"product_tag","embeddable":true,"href":"https:\/\/unomusicsklep.pl\/index.php?rest_route=%2Fwp%2Fv2%2Fproduct_tag&post=3261"}],"curies":[{"name":"wp","href":"https:\/\/api.w.org\/{rel}","templated":true}]}}