{"id":3262,"date":"2025-08-21T12:16:08","date_gmt":"2025-08-21T10:16:08","guid":{"rendered":"https:\/\/unomusic.dfirma.pl\/?product=rozni-wykonawcy-muzyka-ludowa-biesiadna-weselna"},"modified":"2025-08-22T14:55:33","modified_gmt":"2025-08-22T12:55:33","slug":"rozni-wykonawcy-muzyka-ludowa-biesiadna-weselna","status":"publish","type":"product","link":"https:\/\/unomusicsklep.pl\/?product=rozni-wykonawcy-muzyka-ludowa-biesiadna-weselna","title":{"rendered":"J\u0119drusie &#8211; To dla Ciebie dzi\u015b gramy!"},"content":{"rendered":"<pre>Kapela J\u0119drusie powsta\u0142a w 1999 roku jako m\u0142odzie\u017cowy zesp\u00f3\u0142 \r\nz J\u0119drzejowa. Ich styl ten nazywaj\u0105 POWER FOLK. Bogate \r\ninstrumentarium i innowacyjne aran\u017cacje przyci\u0105gaj\u0105 \r\nzar\u00f3wno m\u0142odzie\u017c, jak i fan\u00f3w tradycyjnej muzyki ludowej\r\n\r\nCD1 (1) Powiedz mi czego chcesz, (2) Nie zasypiaj, (3) Cicho grajcie mi zn\u00f3w, \r\n(4) Graj cyganie, graj, (5) Czego si\u0119 boisz g\u0142upia, (6) Ze mn\u0105 b\u0105d\u017a, (7) Ju\u017c nigdy, \r\n(8) Czy Ty wiesz moja ma\u0142a, (9) Tylko pokochaj mnie, (10) Czumbalala\u0142ajka, \r\n(11) Tam daleko, (12) Cyga\u0144ski tamburyn, (13) Cyganeria \/ Czerwone wino, \r\n(14) Szcz\u0119\u015bcie, (15) Pij tylko stare wino<\/pre>\n","protected":false},"excerpt":{"rendered":"<p>Kapela J\u0119drusie powsta\u0142a w 1999 roku jako m\u0142odzie\u017cowy zesp\u00f3\u0142 z J\u0119drzejowa. Ich styl ten nazywaj\u0105 POWER FOLK. Bogate instrumentarium i innowacyjne aran\u017cacje przyci\u0105gaj\u0105 zar\u00f3wno m\u0142odzie\u017c, jak i fan\u00f3w tradycyjnej muzyki ludowej CD1 (1) Powiedz mi czego chcesz, (2) Nie zasypiaj, (3) Cicho grajcie mi zn\u00f3w, (4) Graj cyganie, graj, (5) Czego si\u0119 boisz g\u0142upia, (6) [&hellip;]<\/p>\n","protected":false},"featured_media":3312,"template":"","meta":{"_acf_changed":false},"product_brand":[123],"product_cat":[77,67,80],"product_tag":[],"class_list":{"0":"post-3262","1":"product","2":"type-product","3":"status-publish","4":"has-post-thumbnail","6":"product_brand-kapela-jedrusie","7":"product_cat-muzyka-biesiadna","8":"product_cat-muzyka-ludowa","9":"product_cat-muzyka-weselna","11":"first","12":"instock","13":"shipping-taxable","14":"purchasable","15":"product-type-simple"},"acf":[],"jetpack_sharing_enabled":true,"_links":{"self":[{"href":"https:\/\/unomusicsklep.pl\/index.php?rest_route=\/wp\/v2\/product\/3262","targetHints":{"allow":["GET"]}}],"collection":[{"href":"https:\/\/unomusicsklep.pl\/index.php?rest_route=\/wp\/v2\/product"}],"about":[{"href":"https:\/\/unomusicsklep.pl\/index.php?rest_route=\/wp\/v2\/types\/product"}],"wp:featuredmedia":[{"embeddable":true,"href":"https:\/\/unomusicsklep.pl\/index.php?rest_route=\/wp\/v2\/media\/3312"}],"wp:attachment":[{"href":"https:\/\/unomusicsklep.pl\/index.php?rest_route=%2Fwp%2Fv2%2Fmedia&parent=3262"}],"wp:term":[{"taxonomy":"product_brand","embeddable":true,"href":"https:\/\/unomusicsklep.pl\/index.php?rest_route=%2Fwp%2Fv2%2Fproduct_brand&post=3262"},{"taxonomy":"product_cat","embeddable":true,"href":"https:\/\/unomusicsklep.pl\/index.php?rest_route=%2Fwp%2Fv2%2Fproduct_cat&post=3262"},{"taxonomy":"product_tag","embeddable":true,"href":"https:\/\/unomusicsklep.pl\/index.php?rest_route=%2Fwp%2Fv2%2Fproduct_tag&post=3262"}],"curies":[{"name":"wp","href":"https:\/\/api.w.org\/{rel}","templated":true}]}}