{"id":3263,"date":"2025-08-21T12:16:08","date_gmt":"2025-08-21T10:16:08","guid":{"rendered":"https:\/\/unomusic.dfirma.pl\/?product=kapela-weselna-stanislawa-malickiego-kapela-weselna-stanislawa-malickiego-cz-5"},"modified":"2025-08-22T14:48:53","modified_gmt":"2025-08-22T12:48:53","slug":"kapela-weselna-stanislawa-malickiego-kapela-weselna-stanislawa-malickiego-cz-5","status":"publish","type":"product","link":"https:\/\/unomusicsklep.pl\/?product=kapela-weselna-stanislawa-malickiego-kapela-weselna-stanislawa-malickiego-cz-5","title":{"rendered":"Kapela weselna Stanis\u0142awa Malickiego &#8211; Kapela weselna Stanis\u0142awa Malickiego cz.5"},"content":{"rendered":"<pre>Kapela Stanis\u0142awa Malickiego to do\u015bwiadczony zesp\u00f3\u0142 z \r\nbogatym dorobkiem, \u0142\u0105cz\u0105cy wokalne i instrumentalne talenty. \r\nLider, Stanis\u0142aw Malicki, odpowiada za teksty i \u015bpiew, \r\npokazuj\u0105c r\u00f3wnie\u017c kunszt gry na akordeonie. W sk\u0142adzie \r\nwyr\u00f3\u017cniaj\u0105 si\u0119 tak\u017ce Gustaw Haras. Kapela prezentuje \r\nmuzyk\u0119 ludow\u0105 i weseln\u0105 pe\u0142n\u0105 energii i rado\u015bci\r\n\r\nCD1 (1) Jecha\u0142em za granic\u0119, (2) Moja luba, (3) Hej! Na g\u00f3rze, (4) Niedaleko J\u0119drzejowa, \r\n(5) M\u00f3j dziadek by\u0142 rolnikiem, (6) Oberek spod Ksi\u0105\u017ca, (7) Na Bukowinie, (8) \u015awi\u0119ty Antoni, \r\n(9) Nie b\u0119d\u0119, nie b\u0119d\u0119, (10) Jo zem g\u00f3rol, (11) Ciotka z Ameryki, (12) Angelina, \r\n(13) To nasze miasto, (14) Krakowiak, (15) Nie zdob\u0119dziesz mnie dniem<\/pre>\n","protected":false},"excerpt":{"rendered":"<p>Kapela Stanis\u0142awa Malickiego to do\u015bwiadczony zesp\u00f3\u0142 z bogatym dorobkiem, \u0142\u0105cz\u0105cy wokalne i instrumentalne talenty. Lider, Stanis\u0142aw Malicki, odpowiada za teksty i \u015bpiew, pokazuj\u0105c r\u00f3wnie\u017c kunszt gry na akordeonie. W sk\u0142adzie wyr\u00f3\u017cniaj\u0105 si\u0119 tak\u017ce Gustaw Haras. Kapela prezentuje muzyk\u0119 ludow\u0105 i weseln\u0105 pe\u0142n\u0105 energii i rado\u015bci CD1 (1) Jecha\u0142em za granic\u0119, (2) Moja luba, (3) Hej! [&hellip;]<\/p>\n","protected":false},"featured_media":3309,"template":"","meta":{"_acf_changed":false},"product_brand":[90],"product_cat":[77,67,80],"product_tag":[],"class_list":{"0":"post-3263","1":"product","2":"type-product","3":"status-publish","4":"has-post-thumbnail","6":"product_brand-kapela-weselna-stanislawa-malickiego","7":"product_cat-muzyka-biesiadna","8":"product_cat-muzyka-ludowa","9":"product_cat-muzyka-weselna","11":"first","12":"instock","13":"shipping-taxable","14":"purchasable","15":"product-type-simple"},"acf":[],"jetpack_sharing_enabled":true,"_links":{"self":[{"href":"https:\/\/unomusicsklep.pl\/index.php?rest_route=\/wp\/v2\/product\/3263","targetHints":{"allow":["GET"]}}],"collection":[{"href":"https:\/\/unomusicsklep.pl\/index.php?rest_route=\/wp\/v2\/product"}],"about":[{"href":"https:\/\/unomusicsklep.pl\/index.php?rest_route=\/wp\/v2\/types\/product"}],"wp:featuredmedia":[{"embeddable":true,"href":"https:\/\/unomusicsklep.pl\/index.php?rest_route=\/wp\/v2\/media\/3309"}],"wp:attachment":[{"href":"https:\/\/unomusicsklep.pl\/index.php?rest_route=%2Fwp%2Fv2%2Fmedia&parent=3263"}],"wp:term":[{"taxonomy":"product_brand","embeddable":true,"href":"https:\/\/unomusicsklep.pl\/index.php?rest_route=%2Fwp%2Fv2%2Fproduct_brand&post=3263"},{"taxonomy":"product_cat","embeddable":true,"href":"https:\/\/unomusicsklep.pl\/index.php?rest_route=%2Fwp%2Fv2%2Fproduct_cat&post=3263"},{"taxonomy":"product_tag","embeddable":true,"href":"https:\/\/unomusicsklep.pl\/index.php?rest_route=%2Fwp%2Fv2%2Fproduct_tag&post=3263"}],"curies":[{"name":"wp","href":"https:\/\/api.w.org\/{rel}","templated":true}]}}