{"id":3264,"date":"2025-08-21T12:16:08","date_gmt":"2025-08-21T10:16:08","guid":{"rendered":"https:\/\/unomusic.dfirma.pl\/?product=kapela-lysogorska"},"modified":"2025-08-22T14:47:34","modified_gmt":"2025-08-22T12:47:34","slug":"kapela-lysogorska","status":"publish","type":"product","link":"https:\/\/unomusicsklep.pl\/?product=kapela-lysogorska","title":{"rendered":"Kapela \u0141ysog\u00f3rska"},"content":{"rendered":"<pre>Kapela \u0141ysog\u00f3rska powsta\u0142a w 2016 roku. Tworz\u0105 j\u0105 \r\nm\u0142odzi ludzie, kt\u00f3rzy pokochali muzyk\u0119 ludow\u0105, \r\noraz folklor G\u00f3r \u015awi\u0119tokrzyskich. Ich \r\ninstrumentarium nawi\u0105zuje do tradycji muzyki \r\nludowej Kieleczczyzny. Na tej p\u0142ycie znalaz\u0142o \r\nsi\u0119 20 utwor\u00f3w instrumentalnych i wokalnych. \r\nCecha charakterystyczn\u0105 p\u0142yty jest po\u0142\u0105czenie \r\noryginalnych ludowych praktyk wykonawczych z \r\ntw\u00f3rcz\u0105 interpretacj\u0105 m\u0142odych muzyk\u00f3w kapeli.\r\n\r\nCD1 (1) Powi\u015blok od Bielin, (2) Oberek Buski drobny, (3) \u015awi\u0105t\u00f3wka z Ciekot, \r\n(4) Oberek Witkowski, (5) Polka Sodela, (6) Marysia jo jestem, (7) Nam\u00f3wi\u0142em wod\u0119, \r\n(8) Cyja ta dziewcyna, (9) Pasterska, (10) Siedzi diabe\u0142, (11) Sumiala lescyna, \r\n(12) Na suchy topoli, (13) Wysoko, daleko, (14) Tata mi chcieli, (15) Nie trzeba mi be\u0142o, \r\n(16) Miele m\u0142y\u0144, (17) Siwe oczy, (18) Oberek furma\u0144ski od \u0141agowa, (19) Kokoszka, (20) Strzeli\u0142bym wysoko<\/pre>\n","protected":false},"excerpt":{"rendered":"<p>Kapela \u0141ysog\u00f3rska powsta\u0142a w 2016 roku. Tworz\u0105 j\u0105 m\u0142odzi ludzie, kt\u00f3rzy pokochali muzyk\u0119 ludow\u0105, oraz folklor G\u00f3r \u015awi\u0119tokrzyskich. Ich instrumentarium nawi\u0105zuje do tradycji muzyki ludowej Kieleczczyzny. Na tej p\u0142ycie znalaz\u0142o si\u0119 20 utwor\u00f3w instrumentalnych i wokalnych. Cecha charakterystyczn\u0105 p\u0142yty jest po\u0142\u0105czenie oryginalnych ludowych praktyk wykonawczych z tw\u00f3rcz\u0105 interpretacj\u0105 m\u0142odych muzyk\u00f3w kapeli. CD1 (1) Powi\u015blok od [&hellip;]<\/p>\n","protected":false},"featured_media":3307,"template":"","meta":{"_acf_changed":false},"product_brand":[114],"product_cat":[77,67,80],"product_tag":[],"class_list":{"0":"post-3264","1":"product","2":"type-product","3":"status-publish","4":"has-post-thumbnail","6":"product_brand-kapela-lysogorska","7":"product_cat-muzyka-biesiadna","8":"product_cat-muzyka-ludowa","9":"product_cat-muzyka-weselna","11":"first","12":"instock","13":"shipping-taxable","14":"purchasable","15":"product-type-simple"},"acf":[],"jetpack_sharing_enabled":true,"_links":{"self":[{"href":"https:\/\/unomusicsklep.pl\/index.php?rest_route=\/wp\/v2\/product\/3264","targetHints":{"allow":["GET"]}}],"collection":[{"href":"https:\/\/unomusicsklep.pl\/index.php?rest_route=\/wp\/v2\/product"}],"about":[{"href":"https:\/\/unomusicsklep.pl\/index.php?rest_route=\/wp\/v2\/types\/product"}],"wp:featuredmedia":[{"embeddable":true,"href":"https:\/\/unomusicsklep.pl\/index.php?rest_route=\/wp\/v2\/media\/3307"}],"wp:attachment":[{"href":"https:\/\/unomusicsklep.pl\/index.php?rest_route=%2Fwp%2Fv2%2Fmedia&parent=3264"}],"wp:term":[{"taxonomy":"product_brand","embeddable":true,"href":"https:\/\/unomusicsklep.pl\/index.php?rest_route=%2Fwp%2Fv2%2Fproduct_brand&post=3264"},{"taxonomy":"product_cat","embeddable":true,"href":"https:\/\/unomusicsklep.pl\/index.php?rest_route=%2Fwp%2Fv2%2Fproduct_cat&post=3264"},{"taxonomy":"product_tag","embeddable":true,"href":"https:\/\/unomusicsklep.pl\/index.php?rest_route=%2Fwp%2Fv2%2Fproduct_tag&post=3264"}],"curies":[{"name":"wp","href":"https:\/\/api.w.org\/{rel}","templated":true}]}}